{"id":1189,"date":"2020-10-01T08:42:02","date_gmt":"2020-10-01T06:42:02","guid":{"rendered":"https:\/\/www.melli4dogs.com\/shop\/affiliate-home\/"},"modified":"2026-03-10T19:44:23","modified_gmt":"2026-03-10T18:44:23","slug":"affiliate-home","status":"publish","type":"page","link":"https:\/\/www.melli4dogs.com\/shop\/affiliate-home\/","title":{"rendered":"Shop-Affiliates"},"content":{"rendered":"<p><p>Dies ist das H\u00e4ndlerprogramm von Melli4Dogs Shop. Wenn du ein Affiliate Partner bist <a href=\"https:\/\/www.melli4dogs.com\/shop\/affiliate-home\/affiliate-login\/\"><strong><span style=\"color: #12a0bc;\">melde dich bitte<\/span><\/strong><\/a> mit deinen gewohnten Zugangsdaten an.<\/p>\n<p>Wenn Du kein Affiliate bist aber gerne einer werden m\u00f6chtest, kontaktiere mich per <strong><a href=\"mailto:melaniefelix@mail.de\"><span style=\"color: #12a0bc;\">E-Mail<\/span><\/a><\/strong>.<\/p>\n<section class=\"elementor-section elementor-top-section elementor-element elementor-element-9e354af elementor-section-boxed elementor-section-height-default elementor-section-height-default\" data-id=\"9e354af\" data-element_type=\"section\">\n<div class=\"elementor-container elementor-column-gap-default\">\n<div class=\"elementor-row\">\n<div class=\"elementor-column elementor-col-100 elementor-top-column elementor-element elementor-element-ae64a6f\" data-id=\"ae64a6f\" data-element_type=\"column\">\n<div class=\"elementor-column-wrap elementor-element-populated\">\n<div class=\"elementor-widget-wrap\">\n<div class=\"elementor-element elementor-element-602c278 elementor-widget elementor-widget-text-editor\" data-id=\"602c278\" data-element_type=\"widget\" data-widget_type=\"text-editor.default\">\n<div class=\"elementor-widget-container\">\n<div class=\"elementor-text-editor elementor-clearfix\">\n<section class=\"elementor-section elementor-top-section elementor-element elementor-element-f343028 elementor-section-boxed elementor-section-height-default elementor-section-height-default\" data-id=\"f343028\" data-element_type=\"section\">\n<div class=\"elementor-container elementor-column-gap-default\">\n<div class=\"elementor-row\">\n<div class=\"elementor-column elementor-col-100 elementor-top-column elementor-element elementor-element-34e3656\" data-id=\"34e3656\" data-element_type=\"column\">\n<div class=\"elementor-column-wrap elementor-element-populated\">\n<div class=\"elementor-widget-wrap\">\n<div class=\"elementor-element elementor-element-949def2 elementor-widget elementor-widget-heading\" data-id=\"949def2\" data-element_type=\"widget\" data-widget_type=\"heading.default\">\n<div class=\"elementor-widget-container\">\n<h4 class=\"elementor-heading-title elementor-size-default\"><span style=\"color: #12a0bc;\">Was sind Affiliates?<\/span><\/h4>\n<\/div>\n<\/div>\n<\/div>\n<\/div>\n<\/div>\n<\/div>\n<\/div>\n<\/section>\n<p>Kaufen Deine Freunde, Follower oder Kunden \u00fcber Deinen Affiliate Link in meinem Shop Target-Produkte, erh\u00e4lst Du eine Provision. Melde Dich hier als Affiliate Partner an, nach meiner Best\u00e4tigung kannst Du per Link oder Werbebild die Target-Produkte auf Deinen Seiten bewerben. Ich freue mich, Dich in meinem Affiliate Programm zu begr\u00fc\u00dfen.<\/p>\n<\/div>\n<\/div>\n<\/div>\n<\/div>\n<\/div>\n<\/div>\n<\/div>\n<\/div>\n<\/section>\n<br \/>\n<img loading=\"lazy\" decoding=\"async\" src=\"https:\/\/www.melli4dogs.com\/shop\/wp-content\/uploads\/2020\/10\/2020-10_Website-Bild-Targettraining-1024x518.png\" alt=\"\" loading=\"lazy\" srcset=\"https:\/\/www.melli4dogs.com\/shop\/wp-content\/uploads\/2020\/10\/2020-10_Website-Bild-Targettraining-1024x518.png 1024w, https:\/\/www.melli4dogs.com\/shop\/wp-content\/uploads\/2020\/10\/2020-10_Website-Bild-Targettraining-300x152.png 300w, https:\/\/www.melli4dogs.com\/shop\/wp-content\/uploads\/2020\/10\/2020-10_Website-Bild-Targettraining-768x389.png 768w, https:\/\/www.melli4dogs.com\/shop\/wp-content\/uploads\/2020\/10\/2020-10_Website-Bild-Targettraining-1536x778.png 1536w, https:\/\/www.melli4dogs.com\/shop\/wp-content\/uploads\/2020\/10\/2020-10_Website-Bild-Targettraining-1320x668.png 1320w, https:\/\/www.melli4dogs.com\/shop\/wp-content\/uploads\/2020\/10\/2020-10_Website-Bild-Targettraining-600x304.png 600w, https:\/\/www.melli4dogs.com\/shop\/wp-content\/uploads\/2020\/10\/2020-10_Website-Bild-Targettraining.png 1655w\" sizes=\"auto, (max-width: 1024px) 100vw, 1024px\" width=\"1024\" height=\"518\"><\/p>\n","protected":false},"excerpt":{"rendered":"","protected":false},"author":1,"featured_media":1603,"parent":0,"menu_order":0,"comment_status":"closed","ping_status":"closed","template":"","meta":{"ocean_post_layout":"","ocean_both_sidebars_style":"","ocean_both_sidebars_content_width":0,"ocean_both_sidebars_sidebars_width":0,"ocean_sidebar":"0","ocean_second_sidebar":"0","ocean_disable_margins":"enable","ocean_add_body_class":"","ocean_shortcode_before_top_bar":"","ocean_shortcode_after_top_bar":"","ocean_shortcode_before_header":"","ocean_shortcode_after_header":"","ocean_has_shortcode":"","ocean_shortcode_after_title":"","ocean_shortcode_before_footer_widgets":"","ocean_shortcode_after_footer_widgets":"","ocean_shortcode_before_footer_bottom":"","ocean_shortcode_after_footer_bottom":"","ocean_display_top_bar":"default","ocean_display_header":"default","ocean_header_style":"","ocean_center_header_left_menu":"0","ocean_custom_header_template":"0","ocean_custom_logo":0,"ocean_custom_retina_logo":0,"ocean_custom_logo_max_width":0,"ocean_custom_logo_tablet_max_width":0,"ocean_custom_logo_mobile_max_width":0,"ocean_custom_logo_max_height":0,"ocean_custom_logo_tablet_max_height":0,"ocean_custom_logo_mobile_max_height":0,"ocean_header_custom_menu":"0","ocean_menu_typo_font_family":"0","ocean_menu_typo_font_subset":"","ocean_menu_typo_font_size":0,"ocean_menu_typo_font_size_tablet":0,"ocean_menu_typo_font_size_mobile":0,"ocean_menu_typo_font_size_unit":"px","ocean_menu_typo_font_weight":"","ocean_menu_typo_font_weight_tablet":"","ocean_menu_typo_font_weight_mobile":"","ocean_menu_typo_transform":"","ocean_menu_typo_transform_tablet":"","ocean_menu_typo_transform_mobile":"","ocean_menu_typo_line_height":0,"ocean_menu_typo_line_height_tablet":0,"ocean_menu_typo_line_height_mobile":0,"ocean_menu_typo_line_height_unit":"","ocean_menu_typo_spacing":0,"ocean_menu_typo_spacing_tablet":0,"ocean_menu_typo_spacing_mobile":0,"ocean_menu_typo_spacing_unit":"","ocean_menu_link_color":"","ocean_menu_link_color_hover":"","ocean_menu_link_color_active":"","ocean_menu_link_background":"","ocean_menu_link_hover_background":"","ocean_menu_link_active_background":"","ocean_menu_social_links_bg":"","ocean_menu_social_hover_links_bg":"","ocean_menu_social_links_color":"","ocean_menu_social_hover_links_color":"","ocean_disable_title":"default","ocean_disable_heading":"default","ocean_post_title":"","ocean_post_subheading":"","ocean_post_title_style":"","ocean_post_title_background_color":"","ocean_post_title_background":0,"ocean_post_title_bg_image_position":"","ocean_post_title_bg_image_attachment":"","ocean_post_title_bg_image_repeat":"","ocean_post_title_bg_image_size":"","ocean_post_title_height":0,"ocean_post_title_bg_overlay":0.5,"ocean_post_title_bg_overlay_color":"","ocean_disable_breadcrumbs":"default","ocean_breadcrumbs_color":"","ocean_breadcrumbs_separator_color":"","ocean_breadcrumbs_links_color":"","ocean_breadcrumbs_links_hover_color":"","ocean_display_footer_widgets":"default","ocean_display_footer_bottom":"default","ocean_custom_footer_template":"0","footnotes":""},"class_list":["post-1189","page","type-page","status-publish","has-post-thumbnail","hentry","entry","has-media","owp-thumbs-layout-horizontal","owp-btn-normal","owp-tabs-layout-horizontal","has-no-thumbnails","has-product-nav"],"jetpack_sharing_enabled":true,"_links":{"self":[{"href":"https:\/\/www.melli4dogs.com\/shop\/wp-json\/wp\/v2\/pages\/1189","targetHints":{"allow":["GET"]}}],"collection":[{"href":"https:\/\/www.melli4dogs.com\/shop\/wp-json\/wp\/v2\/pages"}],"about":[{"href":"https:\/\/www.melli4dogs.com\/shop\/wp-json\/wp\/v2\/types\/page"}],"author":[{"embeddable":true,"href":"https:\/\/www.melli4dogs.com\/shop\/wp-json\/wp\/v2\/users\/1"}],"replies":[{"embeddable":true,"href":"https:\/\/www.melli4dogs.com\/shop\/wp-json\/wp\/v2\/comments?post=1189"}],"version-history":[{"count":3,"href":"https:\/\/www.melli4dogs.com\/shop\/wp-json\/wp\/v2\/pages\/1189\/revisions"}],"predecessor-version":[{"id":1535,"href":"https:\/\/www.melli4dogs.com\/shop\/wp-json\/wp\/v2\/pages\/1189\/revisions\/1535"}],"wp:featuredmedia":[{"embeddable":true,"href":"https:\/\/www.melli4dogs.com\/shop\/wp-json\/wp\/v2\/media\/1603"}],"wp:attachment":[{"href":"https:\/\/www.melli4dogs.com\/shop\/wp-json\/wp\/v2\/media?parent=1189"}],"curies":[{"name":"wp","href":"https:\/\/api.w.org\/{rel}","templated":true}]}}