{"id":1344,"date":"2020-10-25T20:26:07","date_gmt":"2020-10-25T19:26:07","guid":{"rendered":"https:\/\/www.melli4dogs.com\/shop\/?page_id=1344"},"modified":"2026-03-14T09:43:44","modified_gmt":"2026-03-14T08:43:44","slug":"affiliate-programm","status":"publish","type":"page","link":"https:\/\/www.melli4dogs.com\/shop\/affiliate-programm\/","title":{"rendered":"Partner Programm"},"content":{"rendered":"\t\t<div data-elementor-type=\"wp-page\" data-elementor-id=\"1344\" class=\"elementor elementor-1344\" data-elementor-post-type=\"page\">\n\t\t\t\t\t\t<section class=\"elementor-section elementor-top-section elementor-element elementor-element-b3ad137 elementor-section-boxed elementor-section-height-default elementor-section-height-default\" data-id=\"b3ad137\" data-element_type=\"section\" data-e-type=\"section\">\n\t\t\t\t\t\t<div class=\"elementor-container elementor-column-gap-default\">\n\t\t\t\t\t<div class=\"elementor-column elementor-col-100 elementor-top-column elementor-element elementor-element-39db16b\" data-id=\"39db16b\" data-element_type=\"column\" data-e-type=\"column\">\n\t\t\t<div class=\"elementor-widget-wrap elementor-element-populated\">\n\t\t\t\t\t\t<div class=\"elementor-element elementor-element-3af4f60 elementor-widget elementor-widget-heading\" data-id=\"3af4f60\" data-element_type=\"widget\" data-e-type=\"widget\" data-widget_type=\"heading.default\">\n\t\t\t\t<div class=\"elementor-widget-container\">\n\t\t\t\t\t<h1 class=\"elementor-heading-title elementor-size-default\">Ich freue mich \u00fcber Deine Empfehlung<\/h1>\t\t\t\t<\/div>\n\t\t\t\t<\/div>\n\t\t\t\t\t<\/div>\n\t\t<\/div>\n\t\t\t\t\t<\/div>\n\t\t<\/section>\n\t\t\t\t<section class=\"elementor-section elementor-top-section elementor-element elementor-element-38622ad1 elementor-section-boxed elementor-section-height-default elementor-section-height-default\" data-id=\"38622ad1\" data-element_type=\"section\" data-e-type=\"section\">\n\t\t\t\t\t\t<div class=\"elementor-container elementor-column-gap-default\">\n\t\t\t\t\t<div class=\"elementor-column elementor-col-100 elementor-top-column elementor-element elementor-element-30b1ff16\" data-id=\"30b1ff16\" data-element_type=\"column\" data-e-type=\"column\">\n\t\t\t<div class=\"elementor-widget-wrap elementor-element-populated\">\n\t\t\t\t\t\t<div class=\"elementor-element elementor-element-22c606fc elementor-widget elementor-widget-text-editor\" data-id=\"22c606fc\" data-element_type=\"widget\" data-e-type=\"widget\" data-widget_type=\"text-editor.default\">\n\t\t\t\t<div class=\"elementor-widget-container\">\n\t\t\t\t\t\t\t\t\t<p>Aktuell lasse ich die Targets in kleinen Mengen produzieren, dies bedingt hohe Produktionskosten, einen hohen Verkaufspreis und leider auch keine M\u00f6glichkeit gro\u00dfe Rabatte oder H\u00e4ndlermargen zu bieten.<\/p><p>Ich w\u00fcrde mich deshalb sehr freuen, wenn die Targets bekannter werden und wir es so gemeinsam m\u00f6glich machen, die Targets in gr\u00f6\u00dferen St\u00fcckzahlen zu produzieren.<br \/>Mein mittelfristiges Ziel sind bessere Rabatte, H\u00e4ndlern den Verkauf der Targets zu erm\u00f6glichen und die Prozente f\u00fcr das Affiliate erh\u00f6hen. Langfristig wird so hoffentlich\u00a0 ein dauerhaft g\u00fcnstigerer Verkaufspreis m\u00f6glich sein.<\/p><p>Ich freue mich \u00fcber Deine Unterst\u00fctzung und m\u00f6chte Dir vorerst folgende M\u00f6glichkeiten bieten:<\/p>\t\t\t\t\t\t\t\t<\/div>\n\t\t\t\t<\/div>\n\t\t\t\t<div class=\"elementor-element elementor-element-fa462d0 elementor-widget elementor-widget-heading\" data-id=\"fa462d0\" data-element_type=\"widget\" data-e-type=\"widget\" data-widget_type=\"heading.default\">\n\t\t\t\t<div class=\"elementor-widget-container\">\n\t\t\t\t\t<h1 class=\"elementor-heading-title elementor-size-default\">Affiliate Programm<\/h1>\t\t\t\t<\/div>\n\t\t\t\t<\/div>\n\t\t\t\t<div class=\"elementor-element elementor-element-a8a873b elementor-widget elementor-widget-text-editor\" data-id=\"a8a873b\" data-element_type=\"widget\" data-e-type=\"widget\" data-widget_type=\"text-editor.default\">\n\t\t\t\t<div class=\"elementor-widget-container\">\n\t\t\t\t\t\t\t\t\t<p>Nat\u00fcrlich sollst Du von Deiner Empfehlung profitieren.<br \/><em>Das Affiliate Programm macht es m\u00f6glich! <\/em><br \/>\u00dcber einen Link, den Du auf Deinen Seiten einpflegen und bewerben kannst, erh\u00e4lst Du f\u00fcr jeden Target Kauf in meinem Shop 7% Provision auf den Netto Targetpreis. Es ist kinderleicht, mehr Informationen und die Anmeldung f\u00fcr das Affiliate Programm <a href=\"https:\/\/www.melli4dogs.com\/shop\/wie-funktioniert-affiliate\/\"><span style=\"text-decoration: underline; color: #12a0bc;\"><strong>FINDEST DU HIER<\/strong><\/span><\/a><\/p>\t\t\t\t\t\t\t\t<\/div>\n\t\t\t\t<\/div>\n\t\t\t\t<div class=\"elementor-element elementor-element-a8bf3ad elementor-widget elementor-widget-image\" data-id=\"a8bf3ad\" data-element_type=\"widget\" data-e-type=\"widget\" data-widget_type=\"image.default\">\n\t\t\t\t<div class=\"elementor-widget-container\">\n\t\t\t\t\t\t\t\t\t\t\t\t\t\t\t<img fetchpriority=\"high\" decoding=\"async\" width=\"1024\" height=\"846\" src=\"https:\/\/www.melli4dogs.com\/shop\/wp-content\/uploads\/2020\/11\/4er-Set2-1024x846.jpg\" class=\"attachment-large size-large wp-image-4757\" alt=\"\" srcset=\"https:\/\/www.melli4dogs.com\/shop\/wp-content\/uploads\/2020\/11\/4er-Set2-1024x846.jpg 1024w, https:\/\/www.melli4dogs.com\/shop\/wp-content\/uploads\/2020\/11\/4er-Set2-600x496.jpg 600w, https:\/\/www.melli4dogs.com\/shop\/wp-content\/uploads\/2020\/11\/4er-Set2-300x248.jpg 300w, https:\/\/www.melli4dogs.com\/shop\/wp-content\/uploads\/2020\/11\/4er-Set2-768x634.jpg 768w, https:\/\/www.melli4dogs.com\/shop\/wp-content\/uploads\/2020\/11\/4er-Set2-1536x1269.jpg 1536w, https:\/\/www.melli4dogs.com\/shop\/wp-content\/uploads\/2020\/11\/4er-Set2-2048x1692.jpg 2048w, https:\/\/www.melli4dogs.com\/shop\/wp-content\/uploads\/2020\/11\/4er-Set2-1320x1090.jpg 1320w\" sizes=\"(max-width: 1024px) 100vw, 1024px\" \/>\t\t\t\t\t\t\t\t\t\t\t\t\t\t\t<\/div>\n\t\t\t\t<\/div>\n\t\t\t\t<div class=\"elementor-element elementor-element-6266be1 elementor-widget elementor-widget-heading\" data-id=\"6266be1\" data-element_type=\"widget\" data-e-type=\"widget\" data-widget_type=\"heading.default\">\n\t\t\t\t<div class=\"elementor-widget-container\">\n\t\t\t\t\t<h1 class=\"elementor-heading-title elementor-size-default\">H\u00e4ndler Anfragen<\/h1>\t\t\t\t<\/div>\n\t\t\t\t<\/div>\n\t\t\t\t<div class=\"elementor-element elementor-element-51e4b7b elementor-widget elementor-widget-text-editor\" data-id=\"51e4b7b\" data-element_type=\"widget\" data-e-type=\"widget\" data-widget_type=\"text-editor.default\">\n\t\t\t\t<div class=\"elementor-widget-container\">\n\t\t\t\t\t\t\t\t\t<p>Aktuell werden H\u00e4ndler gesucht, die den Verkauf der Targets im Ausland \u00fcbernehmen m\u00f6chten.<\/p><p>Meldet euch gern bei mir.<\/p>\t\t\t\t\t\t\t\t<\/div>\n\t\t\t\t<\/div>\n\t\t\t\t<div class=\"elementor-element elementor-element-8827e6f elementor-widget elementor-widget-image\" data-id=\"8827e6f\" data-element_type=\"widget\" data-e-type=\"widget\" data-widget_type=\"image.default\">\n\t\t\t\t<div class=\"elementor-widget-container\">\n\t\t\t\t\t\t\t\t\t\t\t\t\t\t\t<img decoding=\"async\" width=\"1024\" height=\"518\" src=\"https:\/\/www.melli4dogs.com\/shop\/wp-content\/uploads\/2020\/10\/2020-10_Website-Bild-Targettraining-1024x518.png\" class=\"attachment-large size-large wp-image-1352\" alt=\"\" srcset=\"https:\/\/www.melli4dogs.com\/shop\/wp-content\/uploads\/2020\/10\/2020-10_Website-Bild-Targettraining-1024x518.png 1024w, https:\/\/www.melli4dogs.com\/shop\/wp-content\/uploads\/2020\/10\/2020-10_Website-Bild-Targettraining-600x304.png 600w, https:\/\/www.melli4dogs.com\/shop\/wp-content\/uploads\/2020\/10\/2020-10_Website-Bild-Targettraining-300x152.png 300w, https:\/\/www.melli4dogs.com\/shop\/wp-content\/uploads\/2020\/10\/2020-10_Website-Bild-Targettraining-768x389.png 768w, https:\/\/www.melli4dogs.com\/shop\/wp-content\/uploads\/2020\/10\/2020-10_Website-Bild-Targettraining-1536x778.png 1536w, https:\/\/www.melli4dogs.com\/shop\/wp-content\/uploads\/2020\/10\/2020-10_Website-Bild-Targettraining-1320x668.png 1320w, https:\/\/www.melli4dogs.com\/shop\/wp-content\/uploads\/2020\/10\/2020-10_Website-Bild-Targettraining.png 1655w\" sizes=\"(max-width: 1024px) 100vw, 1024px\" \/>\t\t\t\t\t\t\t\t\t\t\t\t\t\t\t<\/div>\n\t\t\t\t<\/div>\n\t\t\t\t<div class=\"elementor-element elementor-element-840afe6 elementor-button-align-stretch elementor-widget elementor-widget-form\" data-id=\"840afe6\" data-element_type=\"widget\" data-e-type=\"widget\" data-settings=\"{&quot;step_next_label&quot;:&quot;N\\u00e4chster&quot;,&quot;step_previous_label&quot;:&quot;Voriger&quot;,&quot;button_width&quot;:&quot;100&quot;,&quot;step_type&quot;:&quot;number_text&quot;,&quot;step_icon_shape&quot;:&quot;circle&quot;}\" data-widget_type=\"form.default\">\n\t\t\t\t<div class=\"elementor-widget-container\">\n\t\t\t\t\t\t\t<form class=\"elementor-form\" method=\"post\" name=\"Neues Formular\" aria-label=\"Neues Formular\">\n\t\t\t<input type=\"hidden\" name=\"post_id\" value=\"1344\"\/>\n\t\t\t<input type=\"hidden\" name=\"form_id\" value=\"840afe6\"\/>\n\t\t\t<input type=\"hidden\" name=\"referer_title\" value=\"Partner Programm\" \/>\n\n\t\t\t\t\t\t\t<input type=\"hidden\" name=\"queried_id\" value=\"1344\"\/>\n\t\t\t\n\t\t\t<div class=\"elementor-form-fields-wrapper elementor-labels-above\">\n\t\t\t\t\t\t\t\t<div class=\"elementor-field-type-text elementor-field-group elementor-column elementor-field-group-name elementor-col-100 elementor-field-required\">\n\t\t\t\t\t\t\t\t\t\t\t\t<label for=\"form-field-name\" class=\"elementor-field-label\">\n\t\t\t\t\t\t\t\tName*\t\t\t\t\t\t\t<\/label>\n\t\t\t\t\t\t\t\t\t\t\t\t\t\t<input size=\"1\" type=\"text\" name=\"form_fields[name]\" id=\"form-field-name\" class=\"elementor-field elementor-size-sm  elementor-field-textual\" placeholder=\"Vor- und Nachname\" required=\"required\">\n\t\t\t\t\t\t\t\t\t\t\t<\/div>\n\t\t\t\t\t\t\t\t<div class=\"elementor-field-type-text elementor-field-group elementor-column elementor-field-group-field_dbc1b49 elementor-col-100 elementor-field-required\">\n\t\t\t\t\t\t\t\t\t\t\t\t<label for=\"form-field-field_dbc1b49\" class=\"elementor-field-label\">\n\t\t\t\t\t\t\t\tFirma*\t\t\t\t\t\t\t<\/label>\n\t\t\t\t\t\t\t\t\t\t\t\t\t\t<input size=\"1\" type=\"text\" name=\"form_fields[field_dbc1b49]\" id=\"form-field-field_dbc1b49\" class=\"elementor-field elementor-size-sm  elementor-field-textual\" placeholder=\"Firmenbezeichnung\" required=\"required\">\n\t\t\t\t\t\t\t\t\t\t\t<\/div>\n\t\t\t\t\t\t\t\t<div class=\"elementor-field-type-text elementor-field-group elementor-column elementor-field-group-field_ece2032 elementor-col-100 elementor-field-required\">\n\t\t\t\t\t\t\t\t\t\t\t\t<label for=\"form-field-field_ece2032\" class=\"elementor-field-label\">\n\t\t\t\t\t\t\t\tAnschrift*\t\t\t\t\t\t\t<\/label>\n\t\t\t\t\t\t\t\t\t\t\t\t\t\t<input size=\"1\" type=\"text\" name=\"form_fields[field_ece2032]\" id=\"form-field-field_ece2032\" class=\"elementor-field elementor-size-sm  elementor-field-textual\" placeholder=\"Stra\u00dfe Hausnr, PLZ Ort\" required=\"required\">\n\t\t\t\t\t\t\t\t\t\t\t<\/div>\n\t\t\t\t\t\t\t\t<div class=\"elementor-field-type-text elementor-field-group elementor-column elementor-field-group-field_043c6a2 elementor-col-100 elementor-field-required\">\n\t\t\t\t\t\t\t\t\t\t\t\t<label for=\"form-field-field_043c6a2\" class=\"elementor-field-label\">\n\t\t\t\t\t\t\t\tUSt ID*\t\t\t\t\t\t\t<\/label>\n\t\t\t\t\t\t\t\t\t\t\t\t\t\t<input size=\"1\" type=\"text\" name=\"form_fields[field_043c6a2]\" id=\"form-field-field_043c6a2\" class=\"elementor-field elementor-size-sm  elementor-field-textual\" required=\"required\">\n\t\t\t\t\t\t\t\t\t\t\t<\/div>\n\t\t\t\t\t\t\t\t<div class=\"elementor-field-type-textarea elementor-field-group elementor-column elementor-field-group-message elementor-col-100 elementor-field-required\">\n\t\t\t\t\t\t\t\t\t\t\t\t<label for=\"form-field-message\" class=\"elementor-field-label\">\n\t\t\t\t\t\t\t\tNachricht*\t\t\t\t\t\t\t<\/label>\n\t\t\t\t\t\t<textarea class=\"elementor-field-textual elementor-field  elementor-size-sm\" name=\"form_fields[message]\" id=\"form-field-message\" rows=\"4\" placeholder=\"Fragen, W\u00fcnsche, Ideen?\" required=\"required\"><\/textarea>\t\t\t\t<\/div>\n\t\t\t\t\t\t\t\t<div class=\"elementor-field-type-number elementor-field-group elementor-column elementor-field-group-field_d82e91d elementor-col-50 elementor-field-required\">\n\t\t\t\t\t\t\t\t\t\t\t\t<label for=\"form-field-field_d82e91d\" class=\"elementor-field-label\">\n\t\t\t\t\t\t\t\tWieviele Targets m\u00f6chtest Du bestellen?\t\t\t\t\t\t\t<\/label>\n\t\t\t\t\t\t\t\t\t<input type=\"number\" name=\"form_fields[field_d82e91d]\" id=\"form-field-field_d82e91d\" class=\"elementor-field elementor-size-sm  elementor-field-textual\" placeholder=\"H\u00e4ndleranfragen bitte ab 20 St\u00fcck\" required=\"required\" min=\"\" max=\"\" >\n\t\t\t\t\t\t<\/div>\n\t\t\t\t\t\t\t\t<div class=\"elementor-field-type-upload elementor-field-group elementor-column elementor-field-group-field_d83dedd elementor-col-50\">\n\t\t\t\t\t\t\t\t\t\t\t\t<label for=\"form-field-field_d83dedd\" class=\"elementor-field-label\">\n\t\t\t\t\t\t\t\tGewerbenachweis hochladen:\t\t\t\t\t\t\t<\/label>\n\t\t\t\t\t\t\t\t<input type=\"file\" name=\"form_fields[field_d83dedd]\" id=\"form-field-field_d83dedd\" class=\"elementor-field elementor-size-sm  elementor-upload-field\" data-maxsize=\"10\" data-maxsize-message=\"Diese Datei \u00fcbersteigt die maximale Dateigr\u00f6\u00dfe\">\n\n\t\t\t\t\t\t<\/div>\n\t\t\t\t\t\t\t\t<div class=\"elementor-field-type-acceptance elementor-field-group elementor-column elementor-field-group-field_11c338e elementor-col-100\">\n\t\t\t\t\t\t\t\t\t\t\t\t<label for=\"form-field-field_11c338e\" class=\"elementor-field-label\">\n\t\t\t\t\t\t\t\tH\u00e4ndler Newsletter abonnieren und kein neues Angebot mehr verpassen!\t\t\t\t\t\t\t<\/label>\n\t\t\t\t\t\t\t\t<div class=\"elementor-field-subgroup\">\n\t\t\t<span class=\"elementor-field-option\">\n\t\t\t\t<input type=\"checkbox\" name=\"form_fields[field_11c338e]\" id=\"form-field-field_11c338e\" class=\"elementor-field elementor-size-sm  elementor-acceptance-field\">\n\t\t\t\t\t\t\t<\/span>\n\t\t<\/div>\n\t\t\t\t\t\t<\/div>\n\t\t\t\t\t\t\t\t<div class=\"elementor-field-group elementor-column elementor-field-type-submit elementor-col-100 e-form__buttons\">\n\t\t\t\t\t<button class=\"elementor-button elementor-size-sm\" type=\"submit\">\n\t\t\t\t\t\t<span class=\"elementor-button-content-wrapper\">\n\t\t\t\t\t\t\t\t\t\t\t\t\t\t\t\t\t\t\t\t\t\t<span class=\"elementor-button-text\">Senden<\/span>\n\t\t\t\t\t\t\t\t\t\t\t\t\t<\/span>\n\t\t\t\t\t<\/button>\n\t\t\t\t<\/div>\n\t\t\t<\/div>\n\t\t<\/form>\n\t\t\t\t\t\t<\/div>\n\t\t\t\t<\/div>\n\t\t\t\t<div class=\"elementor-element elementor-element-d48e26e elementor-widget elementor-widget-heading\" data-id=\"d48e26e\" data-element_type=\"widget\" data-e-type=\"widget\" data-widget_type=\"heading.default\">\n\t\t\t\t<div class=\"elementor-widget-container\">\n\t\t\t\t\t<h1 class=\"elementor-heading-title elementor-size-default\">sponsoring<\/h1>\t\t\t\t<\/div>\n\t\t\t\t<\/div>\n\t\t\t\t<section class=\"elementor-section elementor-inner-section elementor-element elementor-element-30825bb elementor-section-boxed elementor-section-height-default elementor-section-height-default\" data-id=\"30825bb\" data-element_type=\"section\" data-e-type=\"section\">\n\t\t\t\t\t\t<div class=\"elementor-container elementor-column-gap-default\">\n\t\t\t\t\t<div class=\"elementor-column elementor-col-50 elementor-inner-column elementor-element elementor-element-3189a64\" data-id=\"3189a64\" data-element_type=\"column\" data-e-type=\"column\">\n\t\t\t<div class=\"elementor-widget-wrap elementor-element-populated\">\n\t\t\t\t\t\t<div class=\"elementor-element elementor-element-4b2f4de elementor-widget elementor-widget-image\" data-id=\"4b2f4de\" data-element_type=\"widget\" data-e-type=\"widget\" data-widget_type=\"image.default\">\n\t\t\t\t<div class=\"elementor-widget-container\">\n\t\t\t\t\t\t\t\t\t\t\t\t\t\t\t<img decoding=\"async\" width=\"1024\" height=\"683\" src=\"https:\/\/www.melli4dogs.com\/shop\/wp-content\/uploads\/2020\/08\/DSC9023_Melli-Target_vorne_low-1024x683.jpg\" class=\"attachment-large size-large wp-image-531\" alt=\"Melli mit Target\" srcset=\"https:\/\/www.melli4dogs.com\/shop\/wp-content\/uploads\/2020\/08\/DSC9023_Melli-Target_vorne_low-1024x683.jpg 1024w, https:\/\/www.melli4dogs.com\/shop\/wp-content\/uploads\/2020\/08\/DSC9023_Melli-Target_vorne_low-600x400.jpg 600w, https:\/\/www.melli4dogs.com\/shop\/wp-content\/uploads\/2020\/08\/DSC9023_Melli-Target_vorne_low-300x200.jpg 300w, https:\/\/www.melli4dogs.com\/shop\/wp-content\/uploads\/2020\/08\/DSC9023_Melli-Target_vorne_low-768x512.jpg 768w, https:\/\/www.melli4dogs.com\/shop\/wp-content\/uploads\/2020\/08\/DSC9023_Melli-Target_vorne_low.jpg 1500w\" sizes=\"(max-width: 1024px) 100vw, 1024px\" \/>\t\t\t\t\t\t\t\t\t\t\t\t\t\t\t<\/div>\n\t\t\t\t<\/div>\n\t\t\t\t\t<\/div>\n\t\t<\/div>\n\t\t\t\t<div class=\"elementor-column elementor-col-50 elementor-inner-column elementor-element elementor-element-e112875\" data-id=\"e112875\" data-element_type=\"column\" data-e-type=\"column\">\n\t\t\t<div class=\"elementor-widget-wrap elementor-element-populated\">\n\t\t\t\t\t\t<div class=\"elementor-element elementor-element-06315e0 elementor-widget elementor-widget-text-editor\" data-id=\"06315e0\" data-element_type=\"widget\" data-e-type=\"widget\" data-widget_type=\"text-editor.default\">\n\t\t\t\t<div class=\"elementor-widget-container\">\n\t\t\t\t\t\t\t\t\t<p>Gerne sponsore ich im Rahmen meiner M\u00f6glichkeiten Tierschutz-Organisationen und Hunde-Veranstaltungen. Mein Budget hierf\u00fcr ist begrenzt und ich kann leider nicht jeder Anfrage zusagen. Je fr\u00fcher die <span style=\"text-decoration: underline;\"><a href=\"https:\/\/www.melli4dogs.com\/shop\/ueber-melli4dogs\/kontakt\/\">Veranstaltung angek\u00fcndigt<\/a><\/span> wird, desto eher kann ich versuchen sie f\u00fcr das kommende Jahr zu ber\u00fccksichtigen.<\/p><p>Vielen Dank f\u00fcr Dein Verst\u00e4ndnis.<\/p>\t\t\t\t\t\t\t\t<\/div>\n\t\t\t\t<\/div>\n\t\t\t\t\t<\/div>\n\t\t<\/div>\n\t\t\t\t\t<\/div>\n\t\t<\/section>\n\t\t\t\t<div class=\"elementor-element elementor-element-0ab2a88 elementor-widget elementor-widget-image\" data-id=\"0ab2a88\" data-element_type=\"widget\" data-e-type=\"widget\" data-widget_type=\"image.default\">\n\t\t\t\t<div class=\"elementor-widget-container\">\n\t\t\t\t\t\t\t\t\t\t\t\t\t\t\t<img loading=\"lazy\" decoding=\"async\" width=\"1024\" height=\"683\" src=\"https:\/\/www.melli4dogs.com\/shop\/wp-content\/uploads\/2020\/08\/DSC9219_Melli-Ayden-Julie-Buch_low-1024x683.jpg\" class=\"attachment-large size-large wp-image-555\" alt=\"Melli, Ayden und Julie schreiben Termine\" srcset=\"https:\/\/www.melli4dogs.com\/shop\/wp-content\/uploads\/2020\/08\/DSC9219_Melli-Ayden-Julie-Buch_low-1024x683.jpg 1024w, https:\/\/www.melli4dogs.com\/shop\/wp-content\/uploads\/2020\/08\/DSC9219_Melli-Ayden-Julie-Buch_low-600x400.jpg 600w, https:\/\/www.melli4dogs.com\/shop\/wp-content\/uploads\/2020\/08\/DSC9219_Melli-Ayden-Julie-Buch_low-300x200.jpg 300w, https:\/\/www.melli4dogs.com\/shop\/wp-content\/uploads\/2020\/08\/DSC9219_Melli-Ayden-Julie-Buch_low-768x513.jpg 768w, https:\/\/www.melli4dogs.com\/shop\/wp-content\/uploads\/2020\/08\/DSC9219_Melli-Ayden-Julie-Buch_low.jpg 1500w\" sizes=\"(max-width: 1024px) 100vw, 1024px\" \/>\t\t\t\t\t\t\t\t\t\t\t\t\t\t\t<\/div>\n\t\t\t\t<\/div>\n\t\t\t\t\t<\/div>\n\t\t<\/div>\n\t\t\t\t\t<\/div>\n\t\t<\/section>\n\t\t\t\t<\/div>\n\t\t","protected":false},"excerpt":{"rendered":"<p>Ich freue mich \u00fcber Deine Empfehlung Aktuell lasse ich die Targets in kleinen Mengen produzieren, dies bedingt hohe Produktionskosten, einen hohen Verkaufspreis und leider auch keine M\u00f6glichkeit gro\u00dfe Rabatte oder H\u00e4ndlermargen zu bieten. Ich w\u00fcrde mich deshalb sehr freuen, wenn die Targets bekannter werden und wir es so gemeinsam m\u00f6glich machen, die Targets in gr\u00f6\u00dferen [&hellip;]<\/p>\n","protected":false},"author":1,"featured_media":0,"parent":0,"menu_order":0,"comment_status":"closed","ping_status":"closed","template":"","meta":{"ocean_post_layout":"","ocean_both_sidebars_style":"","ocean_both_sidebars_content_width":0,"ocean_both_sidebars_sidebars_width":0,"ocean_sidebar":"0","ocean_second_sidebar":"0","ocean_disable_margins":"enable","ocean_add_body_class":"","ocean_shortcode_before_top_bar":"","ocean_shortcode_after_top_bar":"","ocean_shortcode_before_header":"","ocean_shortcode_after_header":"","ocean_has_shortcode":"","ocean_shortcode_after_title":"","ocean_shortcode_before_footer_widgets":"","ocean_shortcode_after_footer_widgets":"","ocean_shortcode_before_footer_bottom":"","ocean_shortcode_after_footer_bottom":"","ocean_display_top_bar":"default","ocean_display_header":"default","ocean_header_style":"","ocean_center_header_left_menu":"0","ocean_custom_header_template":"0","ocean_custom_logo":0,"ocean_custom_retina_logo":0,"ocean_custom_logo_max_width":0,"ocean_custom_logo_tablet_max_width":0,"ocean_custom_logo_mobile_max_width":0,"ocean_custom_logo_max_height":0,"ocean_custom_logo_tablet_max_height":0,"ocean_custom_logo_mobile_max_height":0,"ocean_header_custom_menu":"0","ocean_menu_typo_font_family":"0","ocean_menu_typo_font_subset":"","ocean_menu_typo_font_size":0,"ocean_menu_typo_font_size_tablet":0,"ocean_menu_typo_font_size_mobile":0,"ocean_menu_typo_font_size_unit":"px","ocean_menu_typo_font_weight":"","ocean_menu_typo_font_weight_tablet":"","ocean_menu_typo_font_weight_mobile":"","ocean_menu_typo_transform":"","ocean_menu_typo_transform_tablet":"","ocean_menu_typo_transform_mobile":"","ocean_menu_typo_line_height":0,"ocean_menu_typo_line_height_tablet":0,"ocean_menu_typo_line_height_mobile":0,"ocean_menu_typo_line_height_unit":"","ocean_menu_typo_spacing":0,"ocean_menu_typo_spacing_tablet":0,"ocean_menu_typo_spacing_mobile":0,"ocean_menu_typo_spacing_unit":"","ocean_menu_link_color":"","ocean_menu_link_color_hover":"","ocean_menu_link_color_active":"","ocean_menu_link_background":"","ocean_menu_link_hover_background":"","ocean_menu_link_active_background":"","ocean_menu_social_links_bg":"","ocean_menu_social_hover_links_bg":"","ocean_menu_social_links_color":"","ocean_menu_social_hover_links_color":"","ocean_disable_title":"default","ocean_disable_heading":"default","ocean_post_title":"","ocean_post_subheading":"","ocean_post_title_style":"","ocean_post_title_background_color":"","ocean_post_title_background":0,"ocean_post_title_bg_image_position":"","ocean_post_title_bg_image_attachment":"","ocean_post_title_bg_image_repeat":"","ocean_post_title_bg_image_size":"","ocean_post_title_height":0,"ocean_post_title_bg_overlay":0.5,"ocean_post_title_bg_overlay_color":"","ocean_disable_breadcrumbs":"default","ocean_breadcrumbs_color":"","ocean_breadcrumbs_separator_color":"","ocean_breadcrumbs_links_color":"","ocean_breadcrumbs_links_hover_color":"","ocean_display_footer_widgets":"default","ocean_display_footer_bottom":"default","ocean_custom_footer_template":"0","footnotes":""},"class_list":["post-1344","page","type-page","status-publish","hentry","entry","owp-thumbs-layout-horizontal","owp-btn-normal","owp-tabs-layout-horizontal","has-no-thumbnails","has-product-nav"],"jetpack_sharing_enabled":true,"_links":{"self":[{"href":"https:\/\/www.melli4dogs.com\/shop\/wp-json\/wp\/v2\/pages\/1344","targetHints":{"allow":["GET"]}}],"collection":[{"href":"https:\/\/www.melli4dogs.com\/shop\/wp-json\/wp\/v2\/pages"}],"about":[{"href":"https:\/\/www.melli4dogs.com\/shop\/wp-json\/wp\/v2\/types\/page"}],"author":[{"embeddable":true,"href":"https:\/\/www.melli4dogs.com\/shop\/wp-json\/wp\/v2\/users\/1"}],"replies":[{"embeddable":true,"href":"https:\/\/www.melli4dogs.com\/shop\/wp-json\/wp\/v2\/comments?post=1344"}],"version-history":[{"count":110,"href":"https:\/\/www.melli4dogs.com\/shop\/wp-json\/wp\/v2\/pages\/1344\/revisions"}],"predecessor-version":[{"id":25839,"href":"https:\/\/www.melli4dogs.com\/shop\/wp-json\/wp\/v2\/pages\/1344\/revisions\/25839"}],"wp:attachment":[{"href":"https:\/\/www.melli4dogs.com\/shop\/wp-json\/wp\/v2\/media?parent=1344"}],"curies":[{"name":"wp","href":"https:\/\/api.w.org\/{rel}","templated":true}]}}