{"id":322,"date":"2020-06-05T10:42:34","date_gmt":"2020-06-05T08:42:34","guid":{"rendered":"http:\/\/www.melli4dogs.com\/shop\/impressum-2\/"},"modified":"2021-08-08T16:23:01","modified_gmt":"2021-08-08T14:23:01","slug":"impressum-2","status":"publish","type":"page","link":"https:\/\/www.melli4dogs.com\/shop\/impressum-2\/","title":{"rendered":"Impressum"},"content":{"rendered":"\t\t<div data-elementor-type=\"wp-page\" data-elementor-id=\"322\" class=\"elementor elementor-322\" data-elementor-post-type=\"page\">\n\t\t\t\t\t\t<section class=\"elementor-section elementor-top-section elementor-element elementor-element-a546da4 elementor-section-boxed elementor-section-height-default elementor-section-height-default\" data-id=\"a546da4\" data-element_type=\"section\" data-e-type=\"section\">\n\t\t\t\t\t\t<div class=\"elementor-container elementor-column-gap-default\">\n\t\t\t\t\t<div class=\"elementor-column elementor-col-100 elementor-top-column elementor-element elementor-element-e4b2afe\" data-id=\"e4b2afe\" data-element_type=\"column\" data-e-type=\"column\">\n\t\t\t<div class=\"elementor-widget-wrap elementor-element-populated\">\n\t\t\t\t\t\t<div class=\"elementor-element elementor-element-63b59d1 elementor-widget elementor-widget-global elementor-global-1139 elementor-widget-woocommerce-breadcrumb\" data-id=\"63b59d1\" data-element_type=\"widget\" data-e-type=\"widget\" data-widget_type=\"woocommerce-breadcrumb.default\">\n\t\t\t\t<div class=\"elementor-widget-container\">\n\t\t\t\t\t<div class=\"site-breadcrumbs woocommerce-breadcrumbs clr position-under-title\">Startseite<\/div>\t\t\t\t<\/div>\n\t\t\t\t<\/div>\n\t\t\t\t\t<\/div>\n\t\t<\/div>\n\t\t\t\t\t<\/div>\n\t\t<\/section>\n\t\t\t\t<section class=\"elementor-section elementor-top-section elementor-element elementor-element-79dee82 elementor-section-boxed elementor-section-height-default elementor-section-height-default\" data-id=\"79dee82\" data-element_type=\"section\" data-e-type=\"section\">\n\t\t\t\t\t\t<div class=\"elementor-container elementor-column-gap-default\">\n\t\t\t\t\t<div class=\"elementor-column elementor-col-100 elementor-top-column elementor-element elementor-element-a467728\" data-id=\"a467728\" data-element_type=\"column\" data-e-type=\"column\">\n\t\t\t<div class=\"elementor-widget-wrap elementor-element-populated\">\n\t\t\t\t\t\t<div class=\"elementor-element elementor-element-4fffd5f elementor-widget elementor-widget-heading\" data-id=\"4fffd5f\" data-element_type=\"widget\" data-e-type=\"widget\" data-widget_type=\"heading.default\">\n\t\t\t\t<div class=\"elementor-widget-container\">\n\t\t\t\t\t<h1 class=\"elementor-heading-title elementor-size-default\">Impressum<\/h1>\t\t\t\t<\/div>\n\t\t\t\t<\/div>\n\t\t\t\t\t<\/div>\n\t\t<\/div>\n\t\t\t\t\t<\/div>\n\t\t<\/section>\n\t\t\t\t<section class=\"elementor-section elementor-top-section elementor-element elementor-element-4f4a0ba6 elementor-section-boxed elementor-section-height-default elementor-section-height-default\" data-id=\"4f4a0ba6\" data-element_type=\"section\" data-e-type=\"section\">\n\t\t\t\t\t\t<div class=\"elementor-container elementor-column-gap-default\">\n\t\t\t\t\t<div class=\"elementor-column elementor-col-100 elementor-top-column elementor-element elementor-element-107a9adf\" data-id=\"107a9adf\" data-element_type=\"column\" data-e-type=\"column\">\n\t\t\t<div class=\"elementor-widget-wrap elementor-element-populated\">\n\t\t\t\t\t\t<div class=\"elementor-element elementor-element-43a0ec38 elementor-widget elementor-widget-text-editor\" data-id=\"43a0ec38\" data-element_type=\"widget\" data-e-type=\"widget\" data-widget_type=\"text-editor.default\">\n\t\t\t\t<div class=\"elementor-widget-container\">\n\t\t\t\t\t\t\t\t\t<div id=\"cc-m-7698030214\" class=\"j-module n j-text \">\n<h4>Gesetzliche Anbieterkennung:<\/h4>\n<p>Melanie Felix-Ziegenbein<br>individuelle Hundeausbildung<br>Lasbeker Weg 10<br>22964 Mollhagen<br>Deutschland<\/p>\n<p>Telefon: 0177\/389 31 82<br>E-Mail: <a href=\"mailto:melli4dogs@mail.de\"><span style=\"text-decoration: underline;\"><strong>melli4dogs@mail.de<\/strong><\/span><\/a><\/p>\n<p>USt-IdNr.: DE263763248<\/p>\n<p><strong>Alternative Streitbeilegung:<\/strong><\/p>\n<p>Die Europ\u00e4ische Kommission stellt eine Plattform f\u00fcr die au\u00dfergerichtliche Online-Streitbeilegung (OS-Plattform) bereit, aufrufbar unter <a href=\"https:\/\/ec.europa.eu\/odr (https:\/\/ec.europa.eu\/consumers\/odr\" target=\"_blank\" rel=\"noopener\"><span style=\"text-decoration: underline; color: #12a0bc;\"><strong>https:\/\/ec.europa.eu\/odr (https:\/\/ec.europa.eu\/consumers\/odr<\/strong><\/span><\/a>).<\/p>\n<p>Wir sind seit 22.04.2020 Mitglied der Initiative &#8222;FairCommerce&#8220;.<br>N\u00e4here Informationen hierzu finden Sie unter <a href=\"https:\/\/www.fair-commerce.de\/\" target=\"_blank\" rel=\"noopener\"><span style=\"text-decoration: underline; color: #12a0bc;\"><strong>www.fair-commerce.de<\/strong><\/span><\/a>.<\/p>\n<\/div>\t\t\t\t\t\t\t\t<\/div>\n\t\t\t\t<\/div>\n\t\t\t\t\t<\/div>\n\t\t<\/div>\n\t\t\t\t\t<\/div>\n\t\t<\/section>\n\t\t\t\t<\/div>\n\t\t","protected":false},"excerpt":{"rendered":"<p>Impressum Gesetzliche Anbieterkennung: Melanie Felix-Ziegenbeinindividuelle HundeausbildungLasbeker Weg 1022964 MollhagenDeutschland Telefon: 0177\/389 31 82E-Mail: melli4dogs@mail.de USt-IdNr.: DE263763248 Alternative Streitbeilegung: Die Europ\u00e4ische Kommission stellt eine Plattform f\u00fcr die au\u00dfergerichtliche Online-Streitbeilegung (OS-Plattform) bereit, aufrufbar unter https:\/\/ec.europa.eu\/odr (https:\/\/ec.europa.eu\/consumers\/odr). Wir sind seit 22.04.2020 Mitglied der Initiative &#8222;FairCommerce&#8220;.N\u00e4here Informationen hierzu finden Sie unter www.fair-commerce.de.<\/p>\n","protected":false},"author":1,"featured_media":0,"parent":0,"menu_order":0,"comment_status":"closed","ping_status":"closed","template":"","meta":{"ocean_post_layout":"","ocean_both_sidebars_style":"","ocean_both_sidebars_content_width":0,"ocean_both_sidebars_sidebars_width":0,"ocean_sidebar":"0","ocean_second_sidebar":"0","ocean_disable_margins":"enable","ocean_add_body_class":"","ocean_shortcode_before_top_bar":"","ocean_shortcode_after_top_bar":"","ocean_shortcode_before_header":"","ocean_shortcode_after_header":"","ocean_has_shortcode":"","ocean_shortcode_after_title":"","ocean_shortcode_before_footer_widgets":"","ocean_shortcode_after_footer_widgets":"","ocean_shortcode_before_footer_bottom":"","ocean_shortcode_after_footer_bottom":"","ocean_display_top_bar":"default","ocean_display_header":"default","ocean_header_style":"","ocean_center_header_left_menu":"0","ocean_custom_header_template":"0","ocean_custom_logo":0,"ocean_custom_retina_logo":0,"ocean_custom_logo_max_width":0,"ocean_custom_logo_tablet_max_width":0,"ocean_custom_logo_mobile_max_width":0,"ocean_custom_logo_max_height":0,"ocean_custom_logo_tablet_max_height":0,"ocean_custom_logo_mobile_max_height":0,"ocean_header_custom_menu":"0","ocean_menu_typo_font_family":"0","ocean_menu_typo_font_subset":"","ocean_menu_typo_font_size":0,"ocean_menu_typo_font_size_tablet":0,"ocean_menu_typo_font_size_mobile":0,"ocean_menu_typo_font_size_unit":"px","ocean_menu_typo_font_weight":"","ocean_menu_typo_font_weight_tablet":"","ocean_menu_typo_font_weight_mobile":"","ocean_menu_typo_transform":"","ocean_menu_typo_transform_tablet":"","ocean_menu_typo_transform_mobile":"","ocean_menu_typo_line_height":0,"ocean_menu_typo_line_height_tablet":0,"ocean_menu_typo_line_height_mobile":0,"ocean_menu_typo_line_height_unit":"","ocean_menu_typo_spacing":0,"ocean_menu_typo_spacing_tablet":0,"ocean_menu_typo_spacing_mobile":0,"ocean_menu_typo_spacing_unit":"","ocean_menu_link_color":"","ocean_menu_link_color_hover":"","ocean_menu_link_color_active":"","ocean_menu_link_background":"","ocean_menu_link_hover_background":"","ocean_menu_link_active_background":"","ocean_menu_social_links_bg":"","ocean_menu_social_hover_links_bg":"","ocean_menu_social_links_color":"","ocean_menu_social_hover_links_color":"","ocean_disable_title":"default","ocean_disable_heading":"default","ocean_post_title":"","ocean_post_subheading":"","ocean_post_title_style":"","ocean_post_title_background_color":"","ocean_post_title_background":0,"ocean_post_title_bg_image_position":"","ocean_post_title_bg_image_attachment":"","ocean_post_title_bg_image_repeat":"","ocean_post_title_bg_image_size":"","ocean_post_title_height":0,"ocean_post_title_bg_overlay":0.5,"ocean_post_title_bg_overlay_color":"","ocean_disable_breadcrumbs":"default","ocean_breadcrumbs_color":"","ocean_breadcrumbs_separator_color":"","ocean_breadcrumbs_links_color":"","ocean_breadcrumbs_links_hover_color":"","ocean_display_footer_widgets":"default","ocean_display_footer_bottom":"default","ocean_custom_footer_template":"0","footnotes":""},"class_list":["post-322","page","type-page","status-publish","hentry","entry","owp-thumbs-layout-horizontal","owp-btn-normal","owp-tabs-layout-horizontal","has-no-thumbnails","has-product-nav"],"jetpack_sharing_enabled":true,"_links":{"self":[{"href":"https:\/\/www.melli4dogs.com\/shop\/wp-json\/wp\/v2\/pages\/322","targetHints":{"allow":["GET"]}}],"collection":[{"href":"https:\/\/www.melli4dogs.com\/shop\/wp-json\/wp\/v2\/pages"}],"about":[{"href":"https:\/\/www.melli4dogs.com\/shop\/wp-json\/wp\/v2\/types\/page"}],"author":[{"embeddable":true,"href":"https:\/\/www.melli4dogs.com\/shop\/wp-json\/wp\/v2\/users\/1"}],"replies":[{"embeddable":true,"href":"https:\/\/www.melli4dogs.com\/shop\/wp-json\/wp\/v2\/comments?post=322"}],"version-history":[{"count":10,"href":"https:\/\/www.melli4dogs.com\/shop\/wp-json\/wp\/v2\/pages\/322\/revisions"}],"predecessor-version":[{"id":4865,"href":"https:\/\/www.melli4dogs.com\/shop\/wp-json\/wp\/v2\/pages\/322\/revisions\/4865"}],"wp:attachment":[{"href":"https:\/\/www.melli4dogs.com\/shop\/wp-json\/wp\/v2\/media?parent=322"}],"curies":[{"name":"wp","href":"https:\/\/api.w.org\/{rel}","templated":true}]}}