{"id":12118,"date":"2023-03-26T21:27:32","date_gmt":"2023-03-26T19:27:32","guid":{"rendered":"https:\/\/www.melli4dogs.com\/shop\/?post_type=product&#038;p=12118"},"modified":"2026-03-25T20:54:42","modified_gmt":"2026-03-25T19:54:42","slug":"leckmatte-schleckmatte","status":"publish","type":"product","link":"https:\/\/www.melli4dogs.com\/shop\/produkt\/leckmatte-schleckmatte\/","title":{"rendered":"Leckmatte\/Schleckmatte"},"content":{"rendered":"\t\t<div data-elementor-type=\"product-post\" data-elementor-id=\"12118\" class=\"elementor elementor-12118\" data-elementor-post-type=\"product\">\n\t\t\t\t\t\t<section class=\"elementor-section elementor-top-section elementor-element elementor-element-43790d64 elementor-section-boxed elementor-section-height-default elementor-section-height-default\" data-id=\"43790d64\" data-element_type=\"section\" data-e-type=\"section\">\n\t\t\t\t\t\t<div class=\"elementor-container elementor-column-gap-default\">\n\t\t\t\t\t<div class=\"elementor-column elementor-col-100 elementor-top-column elementor-element elementor-element-22b0caba\" data-id=\"22b0caba\" data-element_type=\"column\" data-e-type=\"column\">\n\t\t\t<div class=\"elementor-widget-wrap elementor-element-populated\">\n\t\t\t\t\t\t<div class=\"elementor-element elementor-element-14a56eb6 elementor-widget elementor-widget-text-editor\" data-id=\"14a56eb6\" data-element_type=\"widget\" data-e-type=\"widget\" data-widget_type=\"text-editor.default\">\n\t\t\t\t<div class=\"elementor-widget-container\">\n\t\t\t\t\t\t\t\t\t<p>Nachdem wir schon einige Schleckmatten ausprobiert haben, m\u00f6gen wir diese besoders, weshalb es sie jetzt auch hier f\u00fcr euch im Sortiment gibt!<\/p><p>Mit den perfekten Ma\u00dfen von 22x22cm wird diese Matte direkt im Doppelpack (ihr erhaltet 2 Schleckmatten) und praktischem Spachtel dazu geliefert.<\/p><p>Das Futter ist schnell verteilt und die Matte somit \u00fcberall direkt einsatzbereit. Besonders gut gef\u00e4llt mir an diesen Matten, dass die Hunde durch die unterschiedlich gro\u00dfen Muster, besonders lange damit besch\u00e4ftigt sind. Die Saugn\u00e4pfe halten die Matte auf glatten B\u00f6den fest am Platz und die Hunde wandern damit nicht durch die Gegend. \ud83d\ude42<\/p><p>Nat\u00fcrlich alles im absolut ungiftigen Material f\u00fcr unsere Lieblinge. Bedenken hatte ich, ob man die letzen Reste beim Abwaschen aus den ganz kleinen L\u00f6chern der Matte bekommt, aber sie sind per Hand mit der B\u00fcrste abgesp\u00fclt oder aus dem Geschirrsp\u00fcler schnell und einfach wieder ganz sauber.<\/p><p>Die Vorteile des Herstellers HUND IST K\u00d6NIG Leckmatte Hund hier im \u00dcberblick:<\/p><div class=\"elementor-element elementor-element-544c8af elementor-widget elementor-widget-text-editor\" data-widget_type=\"text-editor.default\" data-element_type=\"widget\" data-id=\"544c8af\"><div class=\"elementor-widget-container\"><div class=\"elementor-text-editor elementor-clearfix\"><p>\ud835\udde2\ud835\udde3\ud835\udde7\ud835\udddc\ud835\udde0\ud835\uddd4\ud835\udddf\ud835\uddd8 \ud835\uddd5\ud835\uddd8\ud835\udde6\ud835\uddd6\ud835\udddb\u00c4\ud835\uddd9\ud835\udde7\ud835\udddc\ud835\uddda\ud835\udde8\ud835\udde1\ud835\uddda\u00a0\u2013\u00a0Die HUND IST K\u00d6NIG \u201eSCHLECK MICH MATTE\u201c mit speziellen Design h\u00e4lt Hund &amp; Katze nicht nur vom Schlingen ab &amp; besch\u00e4ftigt sie, sondern sorgt auch f\u00fcr eine spa\u00dfige Abwechslung und wirkt beruhigend!<\/p><\/div><\/div><\/div><div class=\"elementor-element elementor-element-bf48305 elementor-widget elementor-widget-text-editor\" data-widget_type=\"text-editor.default\" data-element_type=\"widget\" data-id=\"bf48305\"><div class=\"elementor-widget-container\"><div class=\"elementor-text-editor elementor-clearfix\"><p>\ud835\udde9\ud835\udddc\ud835\uddd8\ud835\udddf\ud835\udde6\ud835\uddd8\ud835\udddc\ud835\udde7\ud835\udddc\ud835\uddda \ud835\uddd8\ud835\udddc\ud835\udde1\ud835\udde6\ud835\uddd8\ud835\udde7\ud835\udded\ud835\uddd5\ud835\uddd4\ud835\udde5<b>\u00a0<\/b>\u2013\u00a0Die\u00a0<b>Leckmatten f\u00fcr Hunde<\/b> sind perfekt zur Ablenkung beim Krallenschneiden, der Fellpflege oder beim Duschen. Die <b>Leckmatten<\/b> haben eine ideale Gr\u00f6\u00dfe f\u00fcr kleine Hunde &amp; Katzen sowie gro\u00dfen Hunden!<\/p><\/div><\/div><\/div><div class=\"elementor-element elementor-element-71f2f68 elementor-widget elementor-widget-text-editor\" data-widget_type=\"text-editor.default\" data-element_type=\"widget\" data-id=\"71f2f68\"><div class=\"elementor-widget-container\"><div class=\"elementor-text-editor elementor-clearfix\"><p>\ud835\udde6\ud835\uddd4\ud835\udde8\ud835\uddda\ud835\udde6\ud835\udde7\ud835\uddd4\ud835\udde5\ud835\uddde &amp; \ud835\udde5\ud835\udde8\ud835\udde7\ud835\udde6\ud835\uddd6\ud835\udddb\ud835\uddd9\ud835\uddd8\ud835\udde6\ud835\udde7\u00a0\u2013\u00a0Die\u00a0<b>Leckmatte Hund<\/b>, ausgestattet mit 72 starken Saugn\u00e4pfen f\u00fcr sicheren Halt an Fliesen, Glas, Granit o.\u00c4. Die Leckmatte ist rutschfest, frostfest, hitzebest\u00e4ndig &amp; leicht zu reinigen (sp\u00fclmaschinenfest)!<\/p><\/div><\/div><\/div><div class=\"elementor-element elementor-element-29eefdc elementor-widget elementor-widget-text-editor\" data-widget_type=\"text-editor.default\" data-element_type=\"widget\" data-id=\"29eefdc\"><div class=\"elementor-widget-container\"><div class=\"elementor-text-editor elementor-clearfix\"><p>\u00dc\ud835\uddd5\ud835\uddd8\ud835\udde5\ud835\udded\ud835\uddd8\ud835\udde8\ud835\uddda\ud835\uddd8\ud835\udde1\ud835\uddd7\ud835\uddd8 \ud835\udde4\ud835\udde8\ud835\uddd4\ud835\udddf\ud835\udddc\ud835\udde7\u00c4\ud835\udde7\u00a0\u2013\u00a0Die hochwertige Hunde Leck Matte aus lebensmittelechtem Silikon ist LFGB zertifiziert. Das Material ist damit 100% sicher zur Verwendung mit Lebensmitteln.<\/p><div class=\"elementor-element elementor-element-b24c621 elementor-widget elementor-widget-heading\" data-widget_type=\"heading.default\" data-element_type=\"widget\" data-id=\"b24c621\"><div class=\"elementor-widget-container\"><h2 class=\"elementor-heading-title elementor-size-default\">Inklusive hilfreichem eBook mit Anwendungstipps &amp; Rezepten<\/h2><\/div><\/div><div class=\"elementor-element elementor-element-e9f2c5a elementor-widget elementor-widget-text-editor\" data-widget_type=\"text-editor.default\" data-element_type=\"widget\" data-id=\"e9f2c5a\"><div class=\"elementor-widget-container\"><div class=\"elementor-text-editor elementor-clearfix\"><p>In unserem exklusiven E-Book finden Sie hilfreiche Erl\u00e4uterungen zur Verwendung Ihrer \u201eSCHLECK MICH MATTE\u201c sowie die Vorteile einer\u00a0<b>Leckmatte f\u00fcr Hunde<\/b>. Wie Sie ihre\u00a0<b>Leckmatte Hund<\/b>\u00a0genau einsetzen, worauf man achten muss sowie Sicherheitsvorkehrung k\u00f6nnen Sie ebenfalls nachlesen. Zu guter Letzt zeigen wir Ihnen grundlegende Zutaten welche sich hervorragend f\u00fcr die Schleckmatte eignen sowie einige tolle Rezepte f\u00fcr leckere Pasten zum selber machen.<\/p><\/div><\/div><\/div><div class=\"elementor-element elementor-element-45d23ee elementor-widget elementor-widget-heading\" data-widget_type=\"heading.default\" data-element_type=\"widget\" data-id=\"45d23ee\"><div class=\"elementor-widget-container\"><h2 class=\"elementor-heading-title elementor-size-default\">Leichte Reinigung per Hand oder in der Sp\u00fclmaschine<\/h2><\/div><\/div><div class=\"elementor-element elementor-element-2371acc elementor-widget elementor-widget-text-editor\" data-widget_type=\"text-editor.default\" data-element_type=\"widget\" data-id=\"2371acc\"><div class=\"elementor-widget-container\"><div class=\"elementor-text-editor elementor-clearfix\"><p>Selbstverst\u00e4ndlich ist unsere Leckmatte f\u00fcr Hunde und Katzen auch sp\u00fclmaschinenfest. Verf\u00fcgen Sie \u00fcber eine Sp\u00fclmaschine so k\u00f6nnen Sie ihre \u201eSCHLECK MICH MATTE\u201c nach der Nutzung ganz einfach zum restlichen Geschirr in Ihrer Sp\u00fclmaschine geben.<\/p><p>M\u00f6chten Sie die Hundeleckmatte von Hand reinigen so empfiehlt sich die Verwendung einer Sp\u00fclb\u00fcrste noch vorherigem einweichen der Matte.<\/p><\/div><\/div><\/div><\/div><\/div><\/div>\t\t\t\t\t\t\t\t<\/div>\n\t\t\t\t<\/div>\n\t\t\t\t\t<\/div>\n\t\t<\/div>\n\t\t\t\t\t<\/div>\n\t\t<\/section>\n\t\t\t\t<\/div>\n\t\t","protected":false},"excerpt":{"rendered":"<h3>Technische Details:<\/h3>\n<div class=\"elementor-element elementor-element-06579c6 elementor-widget elementor-widget-text-editor\" data-id=\"06579c6\" data-element_type=\"widget\" data-widget_type=\"text-editor.default\">\n<div class=\"elementor-widget-container\">\n<div class=\"elementor-text-editor elementor-clearfix\">\n<ul>\n<li>Ma\u00dfe Leckmatte Hund: 22 x 22 x 0.9 cm (HxBxT)<\/li>\n<li>geeignet f\u00fcr das Gefrierfach<\/li>\n<li>geeignet f\u00fcr die Mikrowelle<\/li>\n<li>geeignet f\u00fcr die Sp\u00fclmaschine<\/li>\n<\/ul>\n<\/div>\n<\/div>\n<\/div>\n<div class=\"elementor-element elementor-element-bdc07be elementor-widget elementor-widget-heading\" data-id=\"bdc07be\" data-element_type=\"widget\" data-widget_type=\"heading.default\">\n<div class=\"elementor-widget-container\">\n<h3 class=\"elementor-heading-title elementor-size-default\">Material:<\/h3>\n<\/div>\n<\/div>\n<div class=\"elementor-element elementor-element-76dbd68 elementor-widget elementor-widget-text-editor\" data-id=\"76dbd68\" data-element_type=\"widget\" data-widget_type=\"text-editor.default\">\n<div class=\"elementor-widget-container\">\n<div class=\"elementor-text-editor elementor-clearfix\">\n<ul>\n<li>100% lebensmittelechtes Silikon (LFGB zertifiziert nach deutschem Standard)<\/li>\n<\/ul>\n<\/div>\n<\/div>\n<\/div>\n<div class=\"elementor-element elementor-element-cc536fc elementor-widget elementor-widget-heading\" data-id=\"cc536fc\" data-element_type=\"widget\" data-widget_type=\"heading.default\">\n<div class=\"elementor-widget-container\">\n<h3 class=\"elementor-heading-title elementor-size-default\">Lieferumfang:<\/h3>\n<\/div>\n<\/div>\n<div class=\"elementor-element elementor-element-c9ab455 elementor-widget elementor-widget-text-editor\" data-id=\"c9ab455\" data-element_type=\"widget\" data-widget_type=\"text-editor.default\">\n<div class=\"elementor-widget-container\">\n<div class=\"elementor-text-editor elementor-clearfix\">\n<ul>\n<li>1x Leckmatte in Gr\u00fcn<\/li>\n<li>1x Leckmatte in Gelb<\/li>\n<li>1x Silikon-Spatel<\/li>\n<li>E-book mit Rezepten<\/li>\n<\/ul>\n<\/div>\n<\/div>\n<\/div>\n<div class=\"elementor-element elementor-element-b24c621 elementor-widget elementor-widget-heading\" data-widget_type=\"heading.default\" data-element_type=\"widget\" data-id=\"b24c621\">\n<div class=\"elementor-widget-container\"><\/div>\n<\/div>\n<div class=\"elementor-element elementor-element-e9f2c5a elementor-widget elementor-widget-text-editor\" data-widget_type=\"text-editor.default\" data-element_type=\"widget\" data-id=\"e9f2c5a\">\n<div class=\"elementor-widget-container\"><\/div>\n<\/div>\n","protected":false},"featured_media":12120,"template":"","meta":{"ocean_post_layout":"","ocean_both_sidebars_style":"","ocean_both_sidebars_content_width":0,"ocean_both_sidebars_sidebars_width":0,"ocean_sidebar":"0","ocean_second_sidebar":"0","ocean_disable_margins":"enable","ocean_add_body_class":"","ocean_shortcode_before_top_bar":"","ocean_shortcode_after_top_bar":"","ocean_shortcode_before_header":"","ocean_shortcode_after_header":"","ocean_has_shortcode":"","ocean_shortcode_after_title":"","ocean_shortcode_before_footer_widgets":"","ocean_shortcode_after_footer_widgets":"","ocean_shortcode_before_footer_bottom":"","ocean_shortcode_after_footer_bottom":"","ocean_display_top_bar":"default","ocean_display_header":"default","ocean_header_style":"","ocean_center_header_left_menu":"0","ocean_custom_header_template":"0","ocean_custom_logo":0,"ocean_custom_retina_logo":0,"ocean_custom_logo_max_width":0,"ocean_custom_logo_tablet_max_width":0,"ocean_custom_logo_mobile_max_width":0,"ocean_custom_logo_max_height":0,"ocean_custom_logo_tablet_max_height":0,"ocean_custom_logo_mobile_max_height":0,"ocean_header_custom_menu":"0","ocean_menu_typo_font_family":"0","ocean_menu_typo_font_subset":"","ocean_menu_typo_font_size":0,"ocean_menu_typo_font_size_tablet":0,"ocean_menu_typo_font_size_mobile":0,"ocean_menu_typo_font_size_unit":"px","ocean_menu_typo_font_weight":"","ocean_menu_typo_font_weight_tablet":"","ocean_menu_typo_font_weight_mobile":"","ocean_menu_typo_transform":"","ocean_menu_typo_transform_tablet":"","ocean_menu_typo_transform_mobile":"","ocean_menu_typo_line_height":0,"ocean_menu_typo_line_height_tablet":0,"ocean_menu_typo_line_height_mobile":0,"ocean_menu_typo_line_height_unit":"","ocean_menu_typo_spacing":0,"ocean_menu_typo_spacing_tablet":0,"ocean_menu_typo_spacing_mobile":0,"ocean_menu_typo_spacing_unit":"","ocean_menu_link_color":"","ocean_menu_link_color_hover":"","ocean_menu_link_color_active":"","ocean_menu_link_background":"","ocean_menu_link_hover_background":"","ocean_menu_link_active_background":"","ocean_menu_social_links_bg":"","ocean_menu_social_hover_links_bg":"","ocean_menu_social_links_color":"","ocean_menu_social_hover_links_color":"","ocean_disable_title":"default","ocean_disable_heading":"default","ocean_post_title":"","ocean_post_subheading":"","ocean_post_title_style":"","ocean_post_title_background_color":"","ocean_post_title_background":0,"ocean_post_title_bg_image_position":"","ocean_post_title_bg_image_attachment":"","ocean_post_title_bg_image_repeat":"","ocean_post_title_bg_image_size":"","ocean_post_title_height":0,"ocean_post_title_bg_overlay":0.5,"ocean_post_title_bg_overlay_color":"","ocean_disable_breadcrumbs":"default","ocean_breadcrumbs_color":"","ocean_breadcrumbs_separator_color":"","ocean_breadcrumbs_links_color":"","ocean_breadcrumbs_links_hover_color":"","ocean_display_footer_widgets":"default","ocean_display_footer_bottom":"default","ocean_custom_footer_template":"0"},"product_brand":[],"product_cat":[21],"product_tag":[],"class_list":{"0":"post-12118","1":"product","2":"type-product","3":"status-publish","4":"has-post-thumbnail","6":"product_cat-trainings-zubehoer","8":"entry","9":"has-media","11":"first","12":"instock","13":"taxable","14":"shipping-taxable","15":"purchasable","16":"product-type-simple","17":"has-product-nav","18":"col","19":"span_1_of_3","20":"owp-content-center","21":"owp-thumbs-layout-horizontal","22":"owp-btn-normal","23":"owp-tabs-layout-horizontal"},"jetpack_sharing_enabled":true,"_links":{"self":[{"href":"https:\/\/www.melli4dogs.com\/shop\/wp-json\/wp\/v2\/product\/12118","targetHints":{"allow":["GET"]}}],"collection":[{"href":"https:\/\/www.melli4dogs.com\/shop\/wp-json\/wp\/v2\/product"}],"about":[{"href":"https:\/\/www.melli4dogs.com\/shop\/wp-json\/wp\/v2\/types\/product"}],"version-history":[{"count":7,"href":"https:\/\/www.melli4dogs.com\/shop\/wp-json\/wp\/v2\/product\/12118\/revisions"}],"predecessor-version":[{"id":26043,"href":"https:\/\/www.melli4dogs.com\/shop\/wp-json\/wp\/v2\/product\/12118\/revisions\/26043"}],"wp:featuredmedia":[{"embeddable":true,"href":"https:\/\/www.melli4dogs.com\/shop\/wp-json\/wp\/v2\/media\/12120"}],"wp:attachment":[{"href":"https:\/\/www.melli4dogs.com\/shop\/wp-json\/wp\/v2\/media?parent=12118"}],"wp:term":[{"taxonomy":"product_brand","embeddable":true,"href":"https:\/\/www.melli4dogs.com\/shop\/wp-json\/wp\/v2\/product_brand?post=12118"},{"taxonomy":"product_cat","embeddable":true,"href":"https:\/\/www.melli4dogs.com\/shop\/wp-json\/wp\/v2\/product_cat?post=12118"},{"taxonomy":"product_tag","embeddable":true,"href":"https:\/\/www.melli4dogs.com\/shop\/wp-json\/wp\/v2\/product_tag?post=12118"}],"curies":[{"name":"wp","href":"https:\/\/api.w.org\/{rel}","templated":true}]}}