{"id":12183,"date":"2023-03-26T22:13:20","date_gmt":"2023-03-26T20:13:20","guid":{"rendered":"https:\/\/www.melli4dogs.com\/shop\/?post_type=product&#038;p=12183"},"modified":"2026-04-15T20:10:03","modified_gmt":"2026-04-15T18:10:03","slug":"mikrofaser-hundehandtuch","status":"publish","type":"product","link":"https:\/\/www.melli4dogs.com\/shop\/produkt\/mikrofaser-hundehandtuch\/","title":{"rendered":"Mikrofaser Hundehandtuch"},"content":{"rendered":"\t\t<div data-elementor-type=\"product-post\" data-elementor-id=\"12183\" class=\"elementor elementor-12183\" data-elementor-post-type=\"product\">\n\t\t\t\t\t\t<section class=\"elementor-section elementor-top-section elementor-element elementor-element-57220084 elementor-section-boxed elementor-section-height-default elementor-section-height-default\" data-id=\"57220084\" data-element_type=\"section\" data-e-type=\"section\">\n\t\t\t\t\t\t<div class=\"elementor-container elementor-column-gap-default\">\n\t\t\t\t\t<div class=\"elementor-column elementor-col-100 elementor-top-column elementor-element elementor-element-190b3a77\" data-id=\"190b3a77\" data-element_type=\"column\" data-e-type=\"column\">\n\t\t\t<div class=\"elementor-widget-wrap elementor-element-populated\">\n\t\t\t\t\t\t<div class=\"elementor-element elementor-element-1619d10e elementor-widget elementor-widget-text-editor\" data-id=\"1619d10e\" data-element_type=\"widget\" data-e-type=\"widget\" data-widget_type=\"text-editor.default\">\n\t\t\t\t<div class=\"elementor-widget-container\">\n\t\t\t\t\t\t\t\t\t<p>Normalerweise benutze einfach alte Handt\u00fccher f\u00fcr die Hunde, aber seitdem ich dieses sch\u00f6ne Handtuch geschenkt bekommen habe, m\u00f6chte ich keine anderen mehr benutzen.<\/p><p>Es ist sch\u00f6n dick, gro\u00df genug um den Hund \u00fcberall abzutrockenen und es ist so saugstark, dass ich selbst bei klitschnassen Hunden, alle 3 mit nur einem Handtuch abtrocknen kann.<\/p><p>Da das Mikrofaser Material wesentlich schneller trocknet als Baumwoll-Handt\u00fccher, ist es auch unterwegs, im Auto oder Camper, der perkete Begleiter.<\/p><p>Da auch das Statement &#8222;Hund ist K\u00f6nig&#8220; bei uns voll zutrifft, stellen wir euch dieses tolle Produkt nun auch hier zur Verf\u00fcgung.<\/p><div class=\"elementor-element elementor-element-0672a6e elementor-widget elementor-widget-heading\" data-id=\"0672a6e\" data-element_type=\"widget\" data-widget_type=\"heading.default\"><div class=\"elementor-widget-container\"><h2 class=\"elementor-heading-title elementor-size-default\">Nur ein Hundehandtuch doch zahlreiche Anwendungsm\u00f6glichkeiten<\/h2><\/div><\/div><div class=\"elementor-element elementor-element-b498ebb elementor-widget elementor-widget-text-editor\" data-id=\"b498ebb\" data-element_type=\"widget\" data-widget_type=\"text-editor.default\"><div class=\"elementor-widget-container\"><div class=\"elementor-text-editor elementor-clearfix\"><ul><li>unser \u201e<strong>Handtuch Hund<\/strong>\u201c\u00a0ist perfekt geeignet f\u00fcr das Abtrocknen Ihres Lieblings nach einem Regenschauer oder Badespa\u00df<\/li><li>auch als Hundedecke l\u00e4sst sich das\u00a0<b>Mikrofaserhandtuch\u00a0<\/b>verwenden<\/li><li>einen Ausflug zum Strand? Ideal auch als Strandtuch f\u00fcr Ihren Vierbeiner<\/li><li>nasse oder schmutzige Pfoten nach dem Spaziergang? Das <strong>HUND IST K\u00d6NIG\u00ae<\/strong>\u00a0<strong>Hundehandtuch<\/strong>\u00a0schafft Abhilfe<\/li><li>die weiche Mikrofaser eignet sich ebenfalls sehr gut als Kuscheldecke und zum W\u00e4rmen Ihres Hundes<\/li><\/ul><\/div><\/div><\/div>\t\t\t\t\t\t\t\t<\/div>\n\t\t\t\t<\/div>\n\t\t\t\t\t<\/div>\n\t\t<\/div>\n\t\t\t\t\t<\/div>\n\t\t<\/section>\n\t\t\t\t<\/div>\n\t\t","protected":false},"excerpt":{"rendered":"<div class=\"elementor-element elementor-element-638125d elementor-widget elementor-widget-heading\" data-id=\"638125d\" data-element_type=\"widget\" data-widget_type=\"heading.default\">\n<div class=\"elementor-widget-container\">\n<h3 class=\"elementor-heading-title elementor-size-default\">Technische Details:<\/h3>\n<\/div>\n<\/div>\n<div class=\"elementor-element elementor-element-06579c6 elementor-widget elementor-widget-text-editor\" data-id=\"06579c6\" data-element_type=\"widget\" data-widget_type=\"text-editor.default\">\n<div class=\"elementor-widget-container\">\n<div class=\"elementor-text-editor elementor-clearfix\">\n<ul>\n<li>Ma\u00dfe Hundehandtuch: 130*75 cm<\/li>\n<li>4 Eingriffe<\/li>\n<li>Schlaufe zum Aufh\u00e4ngen<\/li>\n<li>Farbe: Dunkelgrau<\/li>\n<li>Gewicht: 445 g<\/li>\n<\/ul>\n<\/div>\n<\/div>\n<\/div>\n<div class=\"elementor-element elementor-element-bdc07be elementor-widget elementor-widget-heading\" data-id=\"bdc07be\" data-element_type=\"widget\" data-widget_type=\"heading.default\">\n<div class=\"elementor-widget-container\">\n<h3 class=\"elementor-heading-title elementor-size-default\">Material:<\/h3>\n<\/div>\n<\/div>\n<div class=\"elementor-element elementor-element-76dbd68 elementor-widget elementor-widget-text-editor\" data-id=\"76dbd68\" data-element_type=\"widget\" data-widget_type=\"text-editor.default\">\n<div class=\"elementor-widget-container\">\n<div class=\"elementor-text-editor elementor-clearfix\">\n<ul>\n<li>Mikrofaser: 80% Polyester, 20% Polyamide<\/li>\n<li>waschmaschinengeeignet bis 60 \u00b0C<\/li>\n<\/ul>\n<\/div>\n<\/div>\n<\/div>\n<div class=\"elementor-element elementor-element-cc536fc elementor-widget elementor-widget-heading\" data-id=\"cc536fc\" data-element_type=\"widget\" data-widget_type=\"heading.default\">\n<div class=\"elementor-widget-container\">\n<h3 class=\"elementor-heading-title elementor-size-default\">Lieferumfang:<\/h3>\n<\/div>\n<\/div>\n<div class=\"elementor-element elementor-element-c9ab455 elementor-widget elementor-widget-text-editor\" data-id=\"c9ab455\" data-element_type=\"widget\" data-widget_type=\"text-editor.default\">\n<div class=\"elementor-widget-container\">\n<div class=\"elementor-text-editor elementor-clearfix\">\n<ul>\n<li>Mikrofaserhandtuch<\/li>\n<li>E-book<\/li>\n<\/ul>\n<\/div>\n<\/div>\n<\/div>\n","protected":false},"featured_media":12189,"template":"","meta":{"ocean_post_layout":"","ocean_both_sidebars_style":"","ocean_both_sidebars_content_width":0,"ocean_both_sidebars_sidebars_width":0,"ocean_sidebar":"0","ocean_second_sidebar":"0","ocean_disable_margins":"enable","ocean_add_body_class":"","ocean_shortcode_before_top_bar":"","ocean_shortcode_after_top_bar":"","ocean_shortcode_before_header":"","ocean_shortcode_after_header":"","ocean_has_shortcode":"","ocean_shortcode_after_title":"","ocean_shortcode_before_footer_widgets":"","ocean_shortcode_after_footer_widgets":"","ocean_shortcode_before_footer_bottom":"","ocean_shortcode_after_footer_bottom":"","ocean_display_top_bar":"default","ocean_display_header":"default","ocean_header_style":"","ocean_center_header_left_menu":"0","ocean_custom_header_template":"0","ocean_custom_logo":0,"ocean_custom_retina_logo":0,"ocean_custom_logo_max_width":0,"ocean_custom_logo_tablet_max_width":0,"ocean_custom_logo_mobile_max_width":0,"ocean_custom_logo_max_height":0,"ocean_custom_logo_tablet_max_height":0,"ocean_custom_logo_mobile_max_height":0,"ocean_header_custom_menu":"0","ocean_menu_typo_font_family":"0","ocean_menu_typo_font_subset":"","ocean_menu_typo_font_size":0,"ocean_menu_typo_font_size_tablet":0,"ocean_menu_typo_font_size_mobile":0,"ocean_menu_typo_font_size_unit":"px","ocean_menu_typo_font_weight":"","ocean_menu_typo_font_weight_tablet":"","ocean_menu_typo_font_weight_mobile":"","ocean_menu_typo_transform":"","ocean_menu_typo_transform_tablet":"","ocean_menu_typo_transform_mobile":"","ocean_menu_typo_line_height":0,"ocean_menu_typo_line_height_tablet":0,"ocean_menu_typo_line_height_mobile":0,"ocean_menu_typo_line_height_unit":"","ocean_menu_typo_spacing":0,"ocean_menu_typo_spacing_tablet":0,"ocean_menu_typo_spacing_mobile":0,"ocean_menu_typo_spacing_unit":"","ocean_menu_link_color":"","ocean_menu_link_color_hover":"","ocean_menu_link_color_active":"","ocean_menu_link_background":"","ocean_menu_link_hover_background":"","ocean_menu_link_active_background":"","ocean_menu_social_links_bg":"","ocean_menu_social_hover_links_bg":"","ocean_menu_social_links_color":"","ocean_menu_social_hover_links_color":"","ocean_disable_title":"default","ocean_disable_heading":"default","ocean_post_title":"","ocean_post_subheading":"","ocean_post_title_style":"","ocean_post_title_background_color":"","ocean_post_title_background":0,"ocean_post_title_bg_image_position":"","ocean_post_title_bg_image_attachment":"","ocean_post_title_bg_image_repeat":"","ocean_post_title_bg_image_size":"","ocean_post_title_height":0,"ocean_post_title_bg_overlay":0.5,"ocean_post_title_bg_overlay_color":"","ocean_disable_breadcrumbs":"default","ocean_breadcrumbs_color":"","ocean_breadcrumbs_separator_color":"","ocean_breadcrumbs_links_color":"","ocean_breadcrumbs_links_hover_color":"","ocean_display_footer_widgets":"default","ocean_display_footer_bottom":"default","ocean_custom_footer_template":"0"},"product_brand":[],"product_cat":[21],"product_tag":[399,316,400],"class_list":{"0":"post-12183","1":"product","2":"type-product","3":"status-publish","4":"has-post-thumbnail","6":"product_cat-trainings-zubehoer","7":"product_tag-handtuch","8":"product_tag-hund","9":"product_tag-microfaser","10":"pa_color-gruen","11":"pa_color-pink","12":"pa_color-tuerkis","14":"entry","15":"has-media","17":"first","18":"instock","19":"taxable","20":"shipping-taxable","21":"purchasable","22":"product-type-variable","23":"has-product-nav","24":"col","25":"span_1_of_3","26":"owp-content-center","27":"owp-thumbs-layout-horizontal","28":"owp-btn-normal","29":"owp-tabs-layout-horizontal"},"jetpack_sharing_enabled":true,"_links":{"self":[{"href":"https:\/\/www.melli4dogs.com\/shop\/wp-json\/wp\/v2\/product\/12183","targetHints":{"allow":["GET"]}}],"collection":[{"href":"https:\/\/www.melli4dogs.com\/shop\/wp-json\/wp\/v2\/product"}],"about":[{"href":"https:\/\/www.melli4dogs.com\/shop\/wp-json\/wp\/v2\/types\/product"}],"version-history":[{"count":9,"href":"https:\/\/www.melli4dogs.com\/shop\/wp-json\/wp\/v2\/product\/12183\/revisions"}],"predecessor-version":[{"id":12223,"href":"https:\/\/www.melli4dogs.com\/shop\/wp-json\/wp\/v2\/product\/12183\/revisions\/12223"}],"wp:featuredmedia":[{"embeddable":true,"href":"https:\/\/www.melli4dogs.com\/shop\/wp-json\/wp\/v2\/media\/12189"}],"wp:attachment":[{"href":"https:\/\/www.melli4dogs.com\/shop\/wp-json\/wp\/v2\/media?parent=12183"}],"wp:term":[{"taxonomy":"product_brand","embeddable":true,"href":"https:\/\/www.melli4dogs.com\/shop\/wp-json\/wp\/v2\/product_brand?post=12183"},{"taxonomy":"product_cat","embeddable":true,"href":"https:\/\/www.melli4dogs.com\/shop\/wp-json\/wp\/v2\/product_cat?post=12183"},{"taxonomy":"product_tag","embeddable":true,"href":"https:\/\/www.melli4dogs.com\/shop\/wp-json\/wp\/v2\/product_tag?post=12183"}],"curies":[{"name":"wp","href":"https:\/\/api.w.org\/{rel}","templated":true}]}}