{"id":168,"date":"2020-05-25T08:50:52","date_gmt":"2020-05-25T06:50:52","guid":{"rendered":"http:\/\/www.melli4dogs.com\/shop\/?post_type=product&#038;p=168"},"modified":"2026-04-22T11:48:32","modified_gmt":"2026-04-22T09:48:32","slug":"clicino-der-clicker-ring","status":"publish","type":"product","link":"https:\/\/www.melli4dogs.com\/shop\/produkt\/clicino-der-clicker-ring\/","title":{"rendered":"Clicino &#8211; der Clicker Ring"},"content":{"rendered":"\t\t<div data-elementor-type=\"product-post\" data-elementor-id=\"168\" class=\"elementor elementor-168\" data-elementor-post-type=\"product\">\n\t\t\t\t\t\t<section class=\"elementor-section elementor-top-section elementor-element elementor-element-43fd0850 elementor-section-boxed elementor-section-height-default elementor-section-height-default\" data-id=\"43fd0850\" data-element_type=\"section\" data-e-type=\"section\">\n\t\t\t\t\t\t<div class=\"elementor-container elementor-column-gap-default\">\n\t\t\t\t\t<div class=\"elementor-column elementor-col-100 elementor-top-column elementor-element elementor-element-51e88bb8\" data-id=\"51e88bb8\" data-element_type=\"column\" data-e-type=\"column\">\n\t\t\t<div class=\"elementor-widget-wrap elementor-element-populated\">\n\t\t\t\t\t\t<div class=\"elementor-element elementor-element-6ebb569 elementor-widget elementor-widget-text-editor\" data-id=\"6ebb569\" data-element_type=\"widget\" data-e-type=\"widget\" data-widget_type=\"text-editor.default\">\n\t\t\t\t<div class=\"elementor-widget-container\">\n\t\t\t\t\t\t\t\t\t<div class=\"H1AvN cell\"><div dir=\"ltr\"><section class=\"_2RbVQ\" data-hook=\"description-wrapper\"><div class=\"_3nbVj\"><div class=\"_3cRjW\" data-hook=\"content-wrapper\"><div><p>Der Clicker Ring CLICINO ist ein neu konzipierter Clicker. Das ansprechende Design gepaart mit einem hohen Tragekomfort und verl\u00e4sslicher Funktionalit\u00e4t sprechen f\u00fcr diesen einzigartigen Clicker in Ringform.<\/p><\/div><\/div><\/div><\/section><\/div><\/div>\t\t\t\t\t\t\t\t<\/div>\n\t\t\t\t<\/div>\n\t\t\t\t\t<\/div>\n\t\t<\/div>\n\t\t\t\t\t<\/div>\n\t\t<\/section>\n\t\t\t\t<section class=\"elementor-section elementor-top-section elementor-element elementor-element-f07d74b elementor-section-boxed elementor-section-height-default elementor-section-height-default\" data-id=\"f07d74b\" data-element_type=\"section\" data-e-type=\"section\">\n\t\t\t\t\t\t<div class=\"elementor-container elementor-column-gap-default\">\n\t\t\t\t\t<div class=\"elementor-column elementor-col-100 elementor-top-column elementor-element elementor-element-6b7f46a\" data-id=\"6b7f46a\" data-element_type=\"column\" data-e-type=\"column\">\n\t\t\t<div class=\"elementor-widget-wrap elementor-element-populated\">\n\t\t\t\t\t\t<div class=\"elementor-element elementor-element-da4911e elementor-widget elementor-widget-heading\" data-id=\"da4911e\" data-element_type=\"widget\" data-e-type=\"widget\" data-widget_type=\"heading.default\">\n\t\t\t\t<div class=\"elementor-widget-container\">\n\t\t\t\t\t<h2 class=\"elementor-heading-title elementor-size-default\">Der CLICINO ist nicht einfach nur ein Clicker.<\/h2>\t\t\t\t<\/div>\n\t\t\t\t<\/div>\n\t\t\t\t\t<\/div>\n\t\t<\/div>\n\t\t\t\t\t<\/div>\n\t\t<\/section>\n\t\t\t\t<section class=\"elementor-section elementor-top-section elementor-element elementor-element-fbbc9a9 elementor-section-boxed elementor-section-height-default elementor-section-height-default\" data-id=\"fbbc9a9\" data-element_type=\"section\" data-e-type=\"section\">\n\t\t\t\t\t\t<div class=\"elementor-container elementor-column-gap-default\">\n\t\t\t\t\t<div class=\"elementor-column elementor-col-100 elementor-top-column elementor-element elementor-element-e8434bb\" data-id=\"e8434bb\" data-element_type=\"column\" data-e-type=\"column\">\n\t\t\t<div class=\"elementor-widget-wrap elementor-element-populated\">\n\t\t\t\t\t\t<div class=\"elementor-element elementor-element-bd82ac9 elementor-widget elementor-widget-text-editor\" data-id=\"bd82ac9\" data-element_type=\"widget\" data-e-type=\"widget\" data-widget_type=\"text-editor.default\">\n\t\t\t\t<div class=\"elementor-widget-container\">\n\t\t\t\t\t\t\t\t\t<div class=\"H1AvN cell\"><div dir=\"ltr\"><section class=\"_2RbVQ\" data-hook=\"description-wrapper\"><div class=\"_3nbVj\"><div class=\"_3cRjW\" data-hook=\"content-wrapper\"><div><p>Der <strong>CLICINO<\/strong> vereint Design, Komfort &amp; Funktion.<\/p><p>Ein treuer Begleiter der immer dabei ist und genau dort sitzt wo er sollte, n\u00e4mlich stets ganz nah bei Deinem Daumen!<\/p><div><p>Der Clicker Ring l\u00e4sst beide H\u00e4nde tun was sie sollen: Einkaufstaschen tragen, Hundeleine f\u00fchren, Belohnungen ergreifen uvm. Die Aufz\u00e4hlung l\u00e4sst sich fast endlos erg\u00e4nzen!<\/p><\/div><p><strong>Er ist Clicker! Wie auch Ring!<\/strong><\/p><p>Der <strong>CLICINO<\/strong> ist funktional, zuverl\u00e4ssig, alltagstauglich mit hohem Tragekomfort, hat ein ansprechendes Design und trendige Farben!<\/p><\/div><\/div><\/div><\/section><\/div><\/div>\t\t\t\t\t\t\t\t<\/div>\n\t\t\t\t<\/div>\n\t\t\t\t\t<\/div>\n\t\t<\/div>\n\t\t\t\t\t<\/div>\n\t\t<\/section>\n\t\t\t\t<section class=\"elementor-section elementor-top-section elementor-element elementor-element-d06043f elementor-section-boxed elementor-section-height-default elementor-section-height-default\" data-id=\"d06043f\" data-element_type=\"section\" data-e-type=\"section\">\n\t\t\t\t\t\t<div class=\"elementor-container elementor-column-gap-default\">\n\t\t\t\t\t<div class=\"elementor-column elementor-col-100 elementor-top-column elementor-element elementor-element-3c372a1\" data-id=\"3c372a1\" data-element_type=\"column\" data-e-type=\"column\">\n\t\t\t<div class=\"elementor-widget-wrap elementor-element-populated\">\n\t\t\t\t\t\t<div class=\"elementor-element elementor-element-6ad5571 elementor-widget elementor-widget-heading\" data-id=\"6ad5571\" data-element_type=\"widget\" data-e-type=\"widget\" data-widget_type=\"heading.default\">\n\t\t\t\t<div class=\"elementor-widget-container\">\n\t\t\t\t\t<h2 class=\"elementor-heading-title elementor-size-default\">Gr\u00f6\u00dfen<\/h2>\t\t\t\t<\/div>\n\t\t\t\t<\/div>\n\t\t\t\t\t<\/div>\n\t\t<\/div>\n\t\t\t\t\t<\/div>\n\t\t<\/section>\n\t\t\t\t<section class=\"elementor-section elementor-top-section elementor-element elementor-element-4a5e34b elementor-section-boxed elementor-section-height-default elementor-section-height-default\" data-id=\"4a5e34b\" data-element_type=\"section\" data-e-type=\"section\">\n\t\t\t\t\t\t<div class=\"elementor-container elementor-column-gap-default\">\n\t\t\t\t\t<div class=\"elementor-column elementor-col-100 elementor-top-column elementor-element elementor-element-3961405\" data-id=\"3961405\" data-element_type=\"column\" data-e-type=\"column\">\n\t\t\t<div class=\"elementor-widget-wrap elementor-element-populated\">\n\t\t\t\t\t\t<div class=\"elementor-element elementor-element-0a9ede2 elementor-widget elementor-widget-text-editor\" data-id=\"0a9ede2\" data-element_type=\"widget\" data-e-type=\"widget\" data-widget_type=\"text-editor.default\">\n\t\t\t\t<div class=\"elementor-widget-container\">\n\t\t\t\t\t\t\t\t\t<p class=\"s8gg2 _149OH\" data-hook=\"info-section-title\"><strong>Fingergr\u00f6\u00dfe in mm<\/strong> (Ring Innendurchmesser!)<\/p><div class=\"WncCi\" data-hook=\"info-section-description\"><p><strong>S <\/strong>= 18,0 mm (Kindergr\u00f6\u00dfe)<br \/><strong>M <\/strong>= 19,5 mm<br \/><strong>L <\/strong>= 21,0 mm<br \/><strong>XL <\/strong>= 22,5 mm<\/p><\/div>\t\t\t\t\t\t\t\t<\/div>\n\t\t\t\t<\/div>\n\t\t\t\t\t<\/div>\n\t\t<\/div>\n\t\t\t\t\t<\/div>\n\t\t<\/section>\n\t\t\t\t<section class=\"elementor-section elementor-top-section elementor-element elementor-element-0fc6bc5 elementor-section-boxed elementor-section-height-default elementor-section-height-default\" data-id=\"0fc6bc5\" data-element_type=\"section\" data-e-type=\"section\">\n\t\t\t\t\t\t<div class=\"elementor-container elementor-column-gap-default\">\n\t\t\t\t\t<div class=\"elementor-column elementor-col-100 elementor-top-column elementor-element elementor-element-deab0c9\" data-id=\"deab0c9\" data-element_type=\"column\" data-e-type=\"column\">\n\t\t\t<div class=\"elementor-widget-wrap elementor-element-populated\">\n\t\t\t\t\t\t<div class=\"elementor-element elementor-element-e430f9c elementor-widget elementor-widget-global elementor-global-1139 elementor-widget-woocommerce-breadcrumb\" data-id=\"e430f9c\" data-element_type=\"widget\" data-e-type=\"widget\" data-widget_type=\"woocommerce-breadcrumb.default\">\n\t\t\t\t<div class=\"elementor-widget-container\">\n\t\t\t\t\t<div class=\"site-breadcrumbs woocommerce-breadcrumbs clr position-under-title\">Startseite<\/div>\t\t\t\t<\/div>\n\t\t\t\t<\/div>\n\t\t\t\t\t<\/div>\n\t\t<\/div>\n\t\t\t\t\t<\/div>\n\t\t<\/section>\n\t\t\t\t<\/div>\n\t\t","protected":false},"excerpt":{"rendered":"<p>Auch &#8222;Clicker-Profis&#8220; genie\u00dfen das ganz neue, praktische Handling. Denn der Clicino bleibt genau da, wo er sitzen soll, damit du ihn immer leicht bet\u00e4tigen kannst. Durch die weicheren Silikon-Enden verrutscht er nicht am Finger. So bist du besser im Timing: Du brauchst nicht nach dem baumelnden Clicker am Handgelenk zu angeln, l\u00f6st aber trotzdem nicht \u00f6fter versehentlich aus, wenn du zum Beispiel die Hand schlie\u00dft oder Zug auf die Leine kommt. Probier ihn einfach aus! Viele Profis haben sich gedacht &#8222;Ich hab doch schon zehn Clicker&#8220; und wollen jetzt nie wieder ohne diesen einen.<\/p>\n","protected":false},"featured_media":12100,"template":"","meta":{"ocean_post_layout":"","ocean_both_sidebars_style":"","ocean_both_sidebars_content_width":0,"ocean_both_sidebars_sidebars_width":0,"ocean_sidebar":"0","ocean_second_sidebar":"0","ocean_disable_margins":"enable","ocean_add_body_class":"","ocean_shortcode_before_top_bar":"","ocean_shortcode_after_top_bar":"","ocean_shortcode_before_header":"","ocean_shortcode_after_header":"","ocean_has_shortcode":"","ocean_shortcode_after_title":"","ocean_shortcode_before_footer_widgets":"","ocean_shortcode_after_footer_widgets":"","ocean_shortcode_before_footer_bottom":"","ocean_shortcode_after_footer_bottom":"","ocean_display_top_bar":"default","ocean_display_header":"default","ocean_header_style":"","ocean_center_header_left_menu":"0","ocean_custom_header_template":"0","ocean_custom_logo":0,"ocean_custom_retina_logo":0,"ocean_custom_logo_max_width":0,"ocean_custom_logo_tablet_max_width":0,"ocean_custom_logo_mobile_max_width":0,"ocean_custom_logo_max_height":0,"ocean_custom_logo_tablet_max_height":0,"ocean_custom_logo_mobile_max_height":0,"ocean_header_custom_menu":"0","ocean_menu_typo_font_family":"0","ocean_menu_typo_font_subset":"","ocean_menu_typo_font_size":0,"ocean_menu_typo_font_size_tablet":0,"ocean_menu_typo_font_size_mobile":0,"ocean_menu_typo_font_size_unit":"px","ocean_menu_typo_font_weight":"","ocean_menu_typo_font_weight_tablet":"","ocean_menu_typo_font_weight_mobile":"","ocean_menu_typo_transform":"","ocean_menu_typo_transform_tablet":"","ocean_menu_typo_transform_mobile":"","ocean_menu_typo_line_height":0,"ocean_menu_typo_line_height_tablet":0,"ocean_menu_typo_line_height_mobile":0,"ocean_menu_typo_line_height_unit":"","ocean_menu_typo_spacing":0,"ocean_menu_typo_spacing_tablet":0,"ocean_menu_typo_spacing_mobile":0,"ocean_menu_typo_spacing_unit":"","ocean_menu_link_color":"","ocean_menu_link_color_hover":"","ocean_menu_link_color_active":"","ocean_menu_link_background":"","ocean_menu_link_hover_background":"","ocean_menu_link_active_background":"","ocean_menu_social_links_bg":"","ocean_menu_social_hover_links_bg":"","ocean_menu_social_links_color":"","ocean_menu_social_hover_links_color":"","ocean_disable_title":"default","ocean_disable_heading":"default","ocean_post_title":"","ocean_post_subheading":"","ocean_post_title_style":"","ocean_post_title_background_color":"","ocean_post_title_background":0,"ocean_post_title_bg_image_position":"","ocean_post_title_bg_image_attachment":"","ocean_post_title_bg_image_repeat":"","ocean_post_title_bg_image_size":"","ocean_post_title_height":0,"ocean_post_title_bg_overlay":0.5,"ocean_post_title_bg_overlay_color":"","ocean_disable_breadcrumbs":"default","ocean_breadcrumbs_color":"","ocean_breadcrumbs_separator_color":"","ocean_breadcrumbs_links_color":"","ocean_breadcrumbs_links_hover_color":"","ocean_display_footer_widgets":"default","ocean_display_footer_bottom":"default","ocean_custom_footer_template":"0"},"product_brand":[],"product_cat":[21],"product_tag":[23,24],"class_list":{"0":"post-168","1":"product","2":"type-product","3":"status-publish","4":"has-post-thumbnail","6":"product_cat-trainings-zubehoer","7":"product_tag-clicino","8":"product_tag-klicker","9":"pa_color-blue","10":"pa_color-gelb","11":"pa_color-grey","12":"pa_color-gruen","13":"pa_color-lila","14":"pa_color-pink","15":"pa_color-tuerkis","16":"pa_color-flieder","17":"pa_color-sea-green","18":"pa_size-l","19":"pa_size-m","20":"pa_size-xl","22":"entry","23":"has-media","25":"first","26":"instock","27":"taxable","28":"shipping-taxable","29":"purchasable","30":"product-type-variable","31":"has-default-attributes","32":"has-product-nav","33":"col","34":"span_1_of_3","35":"owp-content-center","36":"owp-thumbs-layout-horizontal","37":"owp-btn-normal","38":"owp-tabs-layout-horizontal"},"jetpack_sharing_enabled":true,"_links":{"self":[{"href":"https:\/\/www.melli4dogs.com\/shop\/wp-json\/wp\/v2\/product\/168","targetHints":{"allow":["GET"]}}],"collection":[{"href":"https:\/\/www.melli4dogs.com\/shop\/wp-json\/wp\/v2\/product"}],"about":[{"href":"https:\/\/www.melli4dogs.com\/shop\/wp-json\/wp\/v2\/types\/product"}],"version-history":[{"count":12,"href":"https:\/\/www.melli4dogs.com\/shop\/wp-json\/wp\/v2\/product\/168\/revisions"}],"predecessor-version":[{"id":4541,"href":"https:\/\/www.melli4dogs.com\/shop\/wp-json\/wp\/v2\/product\/168\/revisions\/4541"}],"wp:featuredmedia":[{"embeddable":true,"href":"https:\/\/www.melli4dogs.com\/shop\/wp-json\/wp\/v2\/media\/12100"}],"wp:attachment":[{"href":"https:\/\/www.melli4dogs.com\/shop\/wp-json\/wp\/v2\/media?parent=168"}],"wp:term":[{"taxonomy":"product_brand","embeddable":true,"href":"https:\/\/www.melli4dogs.com\/shop\/wp-json\/wp\/v2\/product_brand?post=168"},{"taxonomy":"product_cat","embeddable":true,"href":"https:\/\/www.melli4dogs.com\/shop\/wp-json\/wp\/v2\/product_cat?post=168"},{"taxonomy":"product_tag","embeddable":true,"href":"https:\/\/www.melli4dogs.com\/shop\/wp-json\/wp\/v2\/product_tag?post=168"}],"curies":[{"name":"wp","href":"https:\/\/api.w.org\/{rel}","templated":true}]}}