{"id":1747,"date":"2020-11-15T22:25:06","date_gmt":"2020-11-15T21:25:06","guid":{"rendered":"https:\/\/www.melli4dogs.com\/shop\/?post_type=product&#038;p=1747"},"modified":"2026-04-17T01:40:16","modified_gmt":"2026-04-16T23:40:16","slug":"4er-set-bodentargets","status":"publish","type":"product","link":"https:\/\/www.melli4dogs.com\/shop\/produkt\/4er-set-bodentargets\/","title":{"rendered":"4 Bodentargets"},"content":{"rendered":"\t\t<div data-elementor-type=\"product-post\" data-elementor-id=\"1747\" class=\"elementor elementor-1747\" data-elementor-post-type=\"product\">\n\t\t\t\t\t\t<section class=\"elementor-section elementor-top-section elementor-element elementor-element-7e1c005 elementor-section-boxed elementor-section-height-default elementor-section-height-default\" data-id=\"7e1c005\" data-element_type=\"section\" data-e-type=\"section\">\n\t\t\t\t\t\t<div class=\"elementor-container elementor-column-gap-default\">\n\t\t\t\t\t<div class=\"elementor-column elementor-col-100 elementor-top-column elementor-element elementor-element-cf48b80\" data-id=\"cf48b80\" data-element_type=\"column\" data-e-type=\"column\">\n\t\t\t<div class=\"elementor-widget-wrap elementor-element-populated\">\n\t\t\t\t\t\t<section class=\"elementor-section elementor-inner-section elementor-element elementor-element-d9621a4 elementor-section-boxed elementor-section-height-default elementor-section-height-default\" data-id=\"d9621a4\" data-element_type=\"section\" data-e-type=\"section\">\n\t\t\t\t\t\t<div class=\"elementor-container elementor-column-gap-default\">\n\t\t\t\t\t<div class=\"elementor-column elementor-col-50 elementor-inner-column elementor-element elementor-element-1630f5e\" data-id=\"1630f5e\" data-element_type=\"column\" data-e-type=\"column\">\n\t\t\t<div class=\"elementor-widget-wrap elementor-element-populated\">\n\t\t\t\t\t\t<div class=\"elementor-element elementor-element-b1aef0e elementor-widget elementor-widget-text-editor\" data-id=\"b1aef0e\" data-element_type=\"widget\" data-e-type=\"widget\" data-widget_type=\"text-editor.default\">\n\t\t\t\t<div class=\"elementor-widget-container\">\n\t\t\t\t\t\t\t\t\t<h3><strong>Boden-Target<\/strong><\/h3><p>Endlich ist es da! Das professionelle Trainings-Target!<\/p><ul><li>Schnell und leicht verkleinerbar!<\/li><li>Ringe einzeln nutzen = 4 Bodentargets in einem!<\/li><li>Rutschfest und angenehm f\u00fcr die Pfoten!<\/li><li>Langlebiges und robustes Produkt!<\/li><li>Pflegeleicht, da schnell zu reinigen!<\/li><li>Zus\u00e4tzliche Funktion zum Aufstellen eines Target-Sticks (siehe Rabatt im Set).<\/li><li>mit Loch zum leichteren Tragen des Targets<\/li><\/ul><p>\u00dcberzeugt euch jetzt selbst von dem ersten professionellen Bodentarget!<\/p>\t\t\t\t\t\t\t\t<\/div>\n\t\t\t\t<\/div>\n\t\t\t\t\t<\/div>\n\t\t<\/div>\n\t\t\t\t<div class=\"elementor-column elementor-col-50 elementor-inner-column elementor-element elementor-element-b1ad6cf\" data-id=\"b1ad6cf\" data-element_type=\"column\" data-e-type=\"column\">\n\t\t\t<div class=\"elementor-widget-wrap elementor-element-populated\">\n\t\t\t\t\t\t<div class=\"elementor-element elementor-element-67de9da elementor-widget elementor-widget-image\" data-id=\"67de9da\" data-element_type=\"widget\" data-e-type=\"widget\" data-widget_type=\"image.default\">\n\t\t\t\t<div class=\"elementor-widget-container\">\n\t\t\t\t\t\t\t\t\t\t\t\t\t\t\t<img fetchpriority=\"high\" decoding=\"async\" width=\"638\" height=\"801\" src=\"https:\/\/www.melli4dogs.com\/shop\/wp-content\/uploads\/2020\/11\/Schild-Neu.jpg\" class=\"attachment-large size-large wp-image-4897\" alt=\"\" srcset=\"https:\/\/www.melli4dogs.com\/shop\/wp-content\/uploads\/2020\/11\/Schild-Neu.jpg 638w, https:\/\/www.melli4dogs.com\/shop\/wp-content\/uploads\/2020\/11\/Schild-Neu-600x753.jpg 600w, https:\/\/www.melli4dogs.com\/shop\/wp-content\/uploads\/2020\/11\/Schild-Neu-239x300.jpg 239w\" sizes=\"(max-width: 638px) 100vw, 638px\" \/>\t\t\t\t\t\t\t\t\t\t\t\t\t\t\t<\/div>\n\t\t\t\t<\/div>\n\t\t\t\t\t<\/div>\n\t\t<\/div>\n\t\t\t\t\t<\/div>\n\t\t<\/section>\n\t\t\t\t<div class=\"elementor-element elementor-element-51a6b9f elementor-widget elementor-widget-text-editor\" data-id=\"51a6b9f\" data-element_type=\"widget\" data-e-type=\"widget\" data-widget_type=\"text-editor.default\">\n\t\t\t\t<div class=\"elementor-widget-container\">\n\t\t\t\t\t\t\t\t\t<div class=\"H1AvN cell\"><div dir=\"ltr\"><section class=\"_2RbVQ\" data-hook=\"description-wrapper\"><div class=\"_3nbVj\"><div class=\"_3cRjW\" data-hook=\"content-wrapper\"><p><span style=\"font-size: 16px;\">Das mit viel Liebe zum Detail entwickelte Produkt von Melanie Felix, professioneller Hundesportlerin im international Freestyle und Hunde-Trainerin, soll euch euer Training erleichtern und einfach Spa\u00df machen!<\/span><\/p><p>Das besonders pflegeleichte und angenehm zu handhabende Target passt sich optimal jedem Untergrund an und weht dank seinem Eigengewicht auch an st\u00fcrmischen Tagen nicht weg. Die rutschfeste und ruckd\u00e4mpfende Oberfl\u00e4che bietet besonders f\u00fcr gro\u00dfe und schnelle Hunde gesundheitliche Vorteile. Das robuste Material macht das Target unempfindlich gegen Hundekrallen, Schmutz und grobe Untergr\u00fcnde. Durch seine Langlebigkeit verspricht das Target euch viel Spa\u00df am neuen Trainings-Equipment.<\/p><p>Die L\u00f6cher in der Mitte und im \u00e4u\u00dferen Ring k\u00f6nnen zum Aufstellen des dazugeh\u00f6rigen Target-Sticks genutzt werden.<br \/>Ein weiteres Loch im zweiten Ring von au\u00dfen dient als Tragegriff oder zum Aufh\u00e4ngen des Targets.<\/p><p>Das Target wird in T\u00fcrkis geliefert und die Farbe kann leicht von den Fotos abweichen.<\/p><p>Mit extra langem Target-Stick kombiniert, bietet euch dieses Target noch mehr Variationsm\u00f6glichkeiten im Hunde- und Tiertraining.\u00a0<\/p><ul class=\"_3adjr\" style=\"font-variant-ligatures: normal; font-variant-caps: normal; font-family: 'Open Sans', sans-serif; font-size: 16px; font-style: normal; font-weight: 400;\" data-hook=\"stacked-info-section\"><li class=\"_1YFmr\" style=\"font-size: 16px;\" data-hook=\"stacked-info-item\"><div class=\"_6s2bg cell\" style=\"font-size: 16px;\"><h3 class=\"s8gg2 _149OH\" data-hook=\"info-section-title\">PRODUKT INFO<\/h3><div class=\"WncCi\" style=\"font-size: 16px;\" data-hook=\"info-section-description\"><p style=\"font-size: 16px;\">Die Bodentargets haben einen Durchmesser von insgesamt ca. 27,5 cm und wiegen je ca. 550 g.<\/p><p style=\"font-size: 16px;\">Es kann in 4 unterschiedlichen Gr\u00f6\u00dfen genutzt werden.<\/p><p style=\"font-size: 16px;\">Die einzelnen Ringe sind jeweils ca. 4 cm breit und<br \/>haben einen Durchmesser von:<br \/>Mitte = 7 cm<br \/>Ring 1 = 14 cm<br \/>Ring 2 = 20,5 cm<br \/>Ring 3 = 27,5 cm<\/p><p style=\"font-size: 16px;\">Rubustes, pflegeleichtes und langlebiges TPE Material:<br \/>TPE (chemisch: Thermoplastische Elastomere) sind frei von PVC und Latex und werden ohne Beimischung von giftigen Weichmachern hergestellt. Rutschfest und robust wie PVC, aber eben umweltfreundlicher, weil zu 100 % recyclebar.<\/p><p style=\"font-size: 16px;\">Achtung! Das Bodentarget bitte niemals geknickt oder gerollt lagern. Optialerweise lagert das Target liegend oder wird an seinem Griffloch (in Ring 2 von au\u00dfen) angeh\u00e4ngt.<\/p><\/div><p style=\"font-size: 16px;\">Dieses Set enth\u00e4lt 4 der hochwertigen Melli4Dogs Targets.<\/p><\/div><\/li><\/ul><\/div><\/div><\/section><\/div><\/div>\t\t\t\t\t\t\t\t<\/div>\n\t\t\t\t<\/div>\n\t\t\t\t\t<\/div>\n\t\t<\/div>\n\t\t\t\t\t<\/div>\n\t\t<\/section>\n\t\t\t\t<\/div>\n\t\t","protected":false},"excerpt":{"rendered":"<p>Targets k\u00f6nnen im Training so vielseitig verwendet werden, dass es meist Sinn macht, mehrere daf\u00fcr gleichzeitig zur Verf\u00fcgung zu haben.<\/p>\n<p>Jetzt direkt im Set kaufen und sparen!<\/p>\n<p>In diesem Set erh\u00e4ltst Du 4 Melli4Dogs Bodentargets<\/p>\n","protected":false},"featured_media":4743,"template":"","meta":{"ocean_post_layout":"","ocean_both_sidebars_style":"","ocean_both_sidebars_content_width":0,"ocean_both_sidebars_sidebars_width":0,"ocean_sidebar":"0","ocean_second_sidebar":"0","ocean_disable_margins":"enable","ocean_add_body_class":"","ocean_shortcode_before_top_bar":"","ocean_shortcode_after_top_bar":"","ocean_shortcode_before_header":"","ocean_shortcode_after_header":"","ocean_has_shortcode":"","ocean_shortcode_after_title":"","ocean_shortcode_before_footer_widgets":"","ocean_shortcode_after_footer_widgets":"","ocean_shortcode_before_footer_bottom":"","ocean_shortcode_after_footer_bottom":"","ocean_display_top_bar":"default","ocean_display_header":"default","ocean_header_style":"","ocean_center_header_left_menu":"0","ocean_custom_header_template":"0","ocean_custom_logo":0,"ocean_custom_retina_logo":0,"ocean_custom_logo_max_width":0,"ocean_custom_logo_tablet_max_width":0,"ocean_custom_logo_mobile_max_width":0,"ocean_custom_logo_max_height":0,"ocean_custom_logo_tablet_max_height":0,"ocean_custom_logo_mobile_max_height":0,"ocean_header_custom_menu":"0","ocean_menu_typo_font_family":"0","ocean_menu_typo_font_subset":"","ocean_menu_typo_font_size":0,"ocean_menu_typo_font_size_tablet":0,"ocean_menu_typo_font_size_mobile":0,"ocean_menu_typo_font_size_unit":"px","ocean_menu_typo_font_weight":"","ocean_menu_typo_font_weight_tablet":"","ocean_menu_typo_font_weight_mobile":"","ocean_menu_typo_transform":"","ocean_menu_typo_transform_tablet":"","ocean_menu_typo_transform_mobile":"","ocean_menu_typo_line_height":0,"ocean_menu_typo_line_height_tablet":0,"ocean_menu_typo_line_height_mobile":0,"ocean_menu_typo_line_height_unit":"","ocean_menu_typo_spacing":0,"ocean_menu_typo_spacing_tablet":0,"ocean_menu_typo_spacing_mobile":0,"ocean_menu_typo_spacing_unit":"","ocean_menu_link_color":"","ocean_menu_link_color_hover":"","ocean_menu_link_color_active":"","ocean_menu_link_background":"","ocean_menu_link_hover_background":"","ocean_menu_link_active_background":"","ocean_menu_social_links_bg":"","ocean_menu_social_hover_links_bg":"","ocean_menu_social_links_color":"","ocean_menu_social_hover_links_color":"","ocean_disable_title":"default","ocean_disable_heading":"default","ocean_post_title":"","ocean_post_subheading":"","ocean_post_title_style":"","ocean_post_title_background_color":"","ocean_post_title_background":0,"ocean_post_title_bg_image_position":"","ocean_post_title_bg_image_attachment":"","ocean_post_title_bg_image_repeat":"","ocean_post_title_bg_image_size":"","ocean_post_title_height":0,"ocean_post_title_bg_overlay":0.5,"ocean_post_title_bg_overlay_color":"","ocean_disable_breadcrumbs":"default","ocean_breadcrumbs_color":"","ocean_breadcrumbs_separator_color":"","ocean_breadcrumbs_links_color":"","ocean_breadcrumbs_links_hover_color":"","ocean_display_footer_widgets":"default","ocean_display_footer_bottom":"default","ocean_custom_footer_template":"0"},"product_brand":[],"product_cat":[16,17],"product_tag":[63,100,62,56],"class_list":{"0":"post-1747","1":"product","2":"type-product","3":"status-publish","4":"has-post-thumbnail","6":"product_cat-melli4dogs-artikel","7":"product_cat-targets","8":"product_tag-bodentarget","9":"product_tag-dog","10":"product_tag-target","11":"product_tag-training","13":"entry","14":"has-media","16":"first","17":"instock","18":"sale","19":"taxable","20":"shipping-taxable","21":"purchasable","22":"product-type-simple","23":"has-product-nav","24":"col","25":"span_1_of_3","26":"owp-content-center","27":"owp-thumbs-layout-horizontal","28":"owp-btn-normal","29":"owp-tabs-layout-horizontal"},"jetpack_sharing_enabled":true,"_links":{"self":[{"href":"https:\/\/www.melli4dogs.com\/shop\/wp-json\/wp\/v2\/product\/1747","targetHints":{"allow":["GET"]}}],"collection":[{"href":"https:\/\/www.melli4dogs.com\/shop\/wp-json\/wp\/v2\/product"}],"about":[{"href":"https:\/\/www.melli4dogs.com\/shop\/wp-json\/wp\/v2\/types\/product"}],"version-history":[{"count":73,"href":"https:\/\/www.melli4dogs.com\/shop\/wp-json\/wp\/v2\/product\/1747\/revisions"}],"predecessor-version":[{"id":24554,"href":"https:\/\/www.melli4dogs.com\/shop\/wp-json\/wp\/v2\/product\/1747\/revisions\/24554"}],"wp:featuredmedia":[{"embeddable":true,"href":"https:\/\/www.melli4dogs.com\/shop\/wp-json\/wp\/v2\/media\/4743"}],"wp:attachment":[{"href":"https:\/\/www.melli4dogs.com\/shop\/wp-json\/wp\/v2\/media?parent=1747"}],"wp:term":[{"taxonomy":"product_brand","embeddable":true,"href":"https:\/\/www.melli4dogs.com\/shop\/wp-json\/wp\/v2\/product_brand?post=1747"},{"taxonomy":"product_cat","embeddable":true,"href":"https:\/\/www.melli4dogs.com\/shop\/wp-json\/wp\/v2\/product_cat?post=1747"},{"taxonomy":"product_tag","embeddable":true,"href":"https:\/\/www.melli4dogs.com\/shop\/wp-json\/wp\/v2\/product_tag?post=1747"}],"curies":[{"name":"wp","href":"https:\/\/api.w.org\/{rel}","templated":true}]}}