{"id":18995,"date":"2024-07-27T16:03:20","date_gmt":"2024-07-27T14:03:20","guid":{"rendered":"https:\/\/www.melli4dogs.com\/shop\/?post_type=product&#038;p=18995"},"modified":"2025-12-02T16:21:16","modified_gmt":"2025-12-02T15:21:16","slug":"anti-giftkoeder-kurs","status":"publish","type":"product","link":"https:\/\/www.melli4dogs.com\/shop\/produkt\/anti-giftkoeder-kurs\/","title":{"rendered":"Anti-Giftk\u00f6der-Kurs"},"content":{"rendered":"\t\t<div data-elementor-type=\"product-post\" data-elementor-id=\"18995\" class=\"elementor elementor-18995\" data-elementor-post-type=\"product\">\n\t\t\t\t\t\t<section class=\"elementor-section elementor-top-section elementor-element elementor-element-123e1c9 elementor-section-boxed elementor-section-height-default elementor-section-height-default\" data-id=\"123e1c9\" data-element_type=\"section\" data-e-type=\"section\">\n\t\t\t\t\t\t<div class=\"elementor-container elementor-column-gap-default\">\n\t\t\t\t\t<div class=\"elementor-column elementor-col-100 elementor-top-column elementor-element elementor-element-deb79d0\" data-id=\"deb79d0\" data-element_type=\"column\" data-e-type=\"column\">\n\t\t\t<div class=\"elementor-widget-wrap elementor-element-populated\">\n\t\t\t\t\t\t<div class=\"elementor-element elementor-element-e5d3919 elementor-widget elementor-widget-text-editor\" data-id=\"e5d3919\" data-element_type=\"widget\" data-e-type=\"widget\" data-widget_type=\"text-editor.default\">\n\t\t\t\t<div class=\"elementor-widget-container\">\n\t\t\t\t\t\t\t\t\t<div><p>Weil dieses Training nicht nur Anti Giftk\u00f6der ist, sondern 3 Monate geniale Trainings- Skills und ein insgesamt geniales Prinzip f\u00fcr die Impulskontrolle Deines Hundes ist, solltest Du Dir diesen Kurs nicht entgehen lassen.<\/p><\/div><div><p>Das GENIALE ist n\u00e4mlich, wenn Du diesen Kurs durchlaufen hast, ist es ganz egal, bei welchem Reiz Dein Hund sich zuk\u00fcnftig im Griff haben soll, Du bist dann in der Lage, es ihm zu vermitteln.<\/p><p>Was Dich erwartet?<\/p><\/div><div><p>8 umfangreiche Gruppentrainings auf Video, damit Du alle Inhalte, wann immer es dir zeitlich passt, schauen kannst.<\/p><\/div><div>7 Hunde unterschiedlichster Abstammung, Herkunft und Alters werden in diesem Kurs trainiert.<\/div><div>\u00a0<\/div><div>Au\u00dferdem darfst Du bei\u00a0jeder meiner Trainingseinheiten\u00a0\u00fcber meine Schulter schauen und bekommst viele wichtige Infos zus\u00e4tzlich zum Kursmaterial.<\/div><div>\u00a0<\/div><div>Umfangreiche Trainings- Themen!<\/div><div>Neben Impulskontrolle trainieren wir unsere Reaktionen, machen Maulkorbtraining, bauen \u201cAus\u201d zusammen sauber auf, studieren eine Futter-Anzeige ein und lernen wie immer eine Menge \u00fcber Timing.. \ud83d\ude01<\/div><div>\u00a0<\/div><div>Sicher auch f\u00fcr viele Trainer sehr interessante Ans\u00e4tze und Umsetzungen.<br \/><br \/>Wir abeiten erfolgsbasiert und bringen unseren Hunden bei, welches Verhalten erw\u00fcnscht ist.\u00a0Es gibt keine Einsch\u00fcchterung des Tieres, kein Lernen durch Meideverhalten (was leider noch sehr h\u00e4ufig bei veraltetem Training in Zusammenhang mit diesem Thema zur Anwendung kommt, allerdings absolut kontraproduktiv ist!), stattdessen werden wir viel zu gutem Management und Vorsichtsma\u00dfnahmen lernen.<\/div>\t\t\t\t\t\t\t\t<\/div>\n\t\t\t\t<\/div>\n\t\t\t\t\t<\/div>\n\t\t<\/div>\n\t\t\t\t\t<\/div>\n\t\t<\/section>\n\t\t\t\t<\/div>\n\t\t","protected":false},"excerpt":{"rendered":"<p>So traurig es auch ist, dass es diesen Kurs gibt, so sehr helfen uns all die Trainingsans\u00e4tze aber auch in unserem Alltag weiter und machen viele Situationen deutlich entspannter.<\/p>\n<p>Dieses Training ist so umfang- und facettenreich, dass jede einzelne Aufgabe Dich und Deinen Hund mehr als Team zusammenschwei\u00dft und Vertrauen schafft.<\/p>\n<p>Neben den 8 Trainingsterminen, in denen dieser Kurs f\u00fcr Dich auf Video entstanden ist, erh\u00e4lst Du au\u00dferdem meinen kompletten Trainingsweg mit Tika und Ayden, denn ich filme jede unserer Trainingseinheiten \u00fcber die Kurszeit von 3 Monaten, um Dir ganz genau zu zeigen, wie unser Training in der Praxis ausschaut.<\/p>\n<p>Neu-Einsteiger und Fortgeschrittene sind herzlich willkommen!<\/p>\n","protected":false},"featured_media":19019,"template":"","meta":{"ocean_post_layout":"","ocean_both_sidebars_style":"","ocean_both_sidebars_content_width":0,"ocean_both_sidebars_sidebars_width":0,"ocean_sidebar":"0","ocean_second_sidebar":"0","ocean_disable_margins":"enable","ocean_add_body_class":"","ocean_shortcode_before_top_bar":"","ocean_shortcode_after_top_bar":"","ocean_shortcode_before_header":"","ocean_shortcode_after_header":"","ocean_has_shortcode":"","ocean_shortcode_after_title":"","ocean_shortcode_before_footer_widgets":"","ocean_shortcode_after_footer_widgets":"","ocean_shortcode_before_footer_bottom":"","ocean_shortcode_after_footer_bottom":"","ocean_display_top_bar":"default","ocean_display_header":"default","ocean_header_style":"","ocean_center_header_left_menu":"0","ocean_custom_header_template":"0","ocean_custom_logo":0,"ocean_custom_retina_logo":0,"ocean_custom_logo_max_width":0,"ocean_custom_logo_tablet_max_width":0,"ocean_custom_logo_mobile_max_width":0,"ocean_custom_logo_max_height":0,"ocean_custom_logo_tablet_max_height":0,"ocean_custom_logo_mobile_max_height":0,"ocean_header_custom_menu":"0","ocean_menu_typo_font_family":"0","ocean_menu_typo_font_subset":"","ocean_menu_typo_font_size":0,"ocean_menu_typo_font_size_tablet":0,"ocean_menu_typo_font_size_mobile":0,"ocean_menu_typo_font_size_unit":"px","ocean_menu_typo_font_weight":"","ocean_menu_typo_font_weight_tablet":"","ocean_menu_typo_font_weight_mobile":"","ocean_menu_typo_transform":"","ocean_menu_typo_transform_tablet":"","ocean_menu_typo_transform_mobile":"","ocean_menu_typo_line_height":0,"ocean_menu_typo_line_height_tablet":0,"ocean_menu_typo_line_height_mobile":0,"ocean_menu_typo_line_height_unit":"","ocean_menu_typo_spacing":0,"ocean_menu_typo_spacing_tablet":0,"ocean_menu_typo_spacing_mobile":0,"ocean_menu_typo_spacing_unit":"","ocean_menu_link_color":"","ocean_menu_link_color_hover":"","ocean_menu_link_color_active":"","ocean_menu_link_background":"","ocean_menu_link_hover_background":"","ocean_menu_link_active_background":"","ocean_menu_social_links_bg":"","ocean_menu_social_hover_links_bg":"","ocean_menu_social_links_color":"","ocean_menu_social_hover_links_color":"","ocean_disable_title":"default","ocean_disable_heading":"default","ocean_post_title":"","ocean_post_subheading":"","ocean_post_title_style":"","ocean_post_title_background_color":"","ocean_post_title_background":0,"ocean_post_title_bg_image_position":"","ocean_post_title_bg_image_attachment":"","ocean_post_title_bg_image_repeat":"","ocean_post_title_bg_image_size":"","ocean_post_title_height":0,"ocean_post_title_bg_overlay":0.5,"ocean_post_title_bg_overlay_color":"","ocean_disable_breadcrumbs":"default","ocean_breadcrumbs_color":"","ocean_breadcrumbs_separator_color":"","ocean_breadcrumbs_links_color":"","ocean_breadcrumbs_links_hover_color":"","ocean_display_footer_widgets":"default","ocean_display_footer_bottom":"default","ocean_custom_footer_template":"0"},"product_brand":[],"product_cat":[431],"product_tag":[],"class_list":{"0":"post-18995","1":"product","2":"type-product","3":"status-publish","4":"has-post-thumbnail","6":"product_cat-online-kurse","8":"entry","9":"has-media","11":"first","12":"instock","13":"sale","14":"virtual","15":"taxable","16":"purchasable","17":"product-type-simple","18":"has-product-nav","19":"col","20":"span_1_of_3","21":"owp-content-center","22":"owp-thumbs-layout-horizontal","23":"owp-btn-normal","24":"owp-tabs-layout-horizontal"},"jetpack_sharing_enabled":true,"_links":{"self":[{"href":"https:\/\/www.melli4dogs.com\/shop\/wp-json\/wp\/v2\/product\/18995","targetHints":{"allow":["GET"]}}],"collection":[{"href":"https:\/\/www.melli4dogs.com\/shop\/wp-json\/wp\/v2\/product"}],"about":[{"href":"https:\/\/www.melli4dogs.com\/shop\/wp-json\/wp\/v2\/types\/product"}],"version-history":[{"count":12,"href":"https:\/\/www.melli4dogs.com\/shop\/wp-json\/wp\/v2\/product\/18995\/revisions"}],"predecessor-version":[{"id":19031,"href":"https:\/\/www.melli4dogs.com\/shop\/wp-json\/wp\/v2\/product\/18995\/revisions\/19031"}],"wp:featuredmedia":[{"embeddable":true,"href":"https:\/\/www.melli4dogs.com\/shop\/wp-json\/wp\/v2\/media\/19019"}],"wp:attachment":[{"href":"https:\/\/www.melli4dogs.com\/shop\/wp-json\/wp\/v2\/media?parent=18995"}],"wp:term":[{"taxonomy":"product_brand","embeddable":true,"href":"https:\/\/www.melli4dogs.com\/shop\/wp-json\/wp\/v2\/product_brand?post=18995"},{"taxonomy":"product_cat","embeddable":true,"href":"https:\/\/www.melli4dogs.com\/shop\/wp-json\/wp\/v2\/product_cat?post=18995"},{"taxonomy":"product_tag","embeddable":true,"href":"https:\/\/www.melli4dogs.com\/shop\/wp-json\/wp\/v2\/product_tag?post=18995"}],"curies":[{"name":"wp","href":"https:\/\/api.w.org\/{rel}","templated":true}]}}