{"id":23516,"date":"2025-08-11T08:44:12","date_gmt":"2025-08-11T06:44:12","guid":{"rendered":"https:\/\/www.melli4dogs.com\/shop\/?post_type=product&#038;p=23516"},"modified":"2026-05-01T15:53:11","modified_gmt":"2026-05-01T13:53:11","slug":"fuba-b-ware","status":"publish","type":"product","link":"https:\/\/www.melli4dogs.com\/shop\/produkt\/fuba-b-ware\/","title":{"rendered":"Fuba B-Ware"},"content":{"rendered":"\t\t<div data-elementor-type=\"product-post\" data-elementor-id=\"23516\" class=\"elementor elementor-23516\" data-elementor-post-type=\"product\">\n\t\t\t\t\t\t<section class=\"elementor-section elementor-top-section elementor-element elementor-element-390ece51 elementor-section-boxed elementor-section-height-default elementor-section-height-default\" data-id=\"390ece51\" data-element_type=\"section\" data-e-type=\"section\">\n\t\t\t\t\t\t<div class=\"elementor-container elementor-column-gap-default\">\n\t\t\t\t\t<div class=\"elementor-column elementor-col-100 elementor-top-column elementor-element elementor-element-15d0cd93\" data-id=\"15d0cd93\" data-element_type=\"column\" data-e-type=\"column\">\n\t\t\t<div class=\"elementor-widget-wrap elementor-element-populated\">\n\t\t\t\t\t\t<div class=\"elementor-element elementor-element-44e1b27d elementor-widget elementor-widget-text-editor\" data-id=\"44e1b27d\" data-element_type=\"widget\" data-e-type=\"widget\" data-widget_type=\"text-editor.default\">\n\t\t\t\t<div class=\"elementor-widget-container\">\n\t\t\t\t\t\t\t\t\t<div><div dir=\"ltr\"><section data-hook=\"description-wrapper\"><div><div data-hook=\"content-wrapper\"><p><strong>Meine liebsten Trainings-Spielzeuge!<\/strong><\/p><p>&#8211; Warum? Der Fuba Treat &amp; Play ist einfach klasse!<\/p><p>Die Hunde k\u00f6nnen den Fuba alleine \u00f6ffnen, um sich das Futter aus dem Inneren des Spielzeuges zu nehmen. Dies kann in vielerlei Hinsicht von Vorteil sein.<\/p><p>Meine Border Collies zum Beispiel, die mit dem &#8222;normalen&#8220; Ball schnell in ein so euphorisches Level des spielens geraten, dass sich diese zu hohe Motivation dann auch schnell in einer zu hohen Erregungslage f\u00fcr die Arbeit und auf das &#8222;klare Denken&#8220; auswirkt, sind mit dem Fuba optimal unterwegs. Dadurch dass sie das Futter erst aus dem Futterball nehmen und es dann in Ruhe apportieren, fahren sie hierbei l\u00e4ngst nicht so hoch und ich habe einfach nochmal ein tolles &#8222;Zwischen-Level&#8220; zum Belohnen.<\/p><p>Hunde hingegen, die wie mein Dalmatiner sonst kaum zum Spielen zu motivieren sind, finden mit dem Fuba sehr schnell Gefallen daran ihm hinterher zu flitzen, um sich ihr Futter dann selbst auszupacken. Das Apportieren beizubringen wird so fast zum Selbstg\u00e4nger.<\/p><p>Der Fuba Treat &amp; Play hat an der geschlossenen Seite eine Schlaufe, an der ich bereits ein Wurfband mit einer Handschlaufe befestigt habe, welches aber jederzeit abgemacht, oder durch ein anderes Band ausgetauscht werden kann. Durch das Band mit der Handschlaufe sind die Spielzeuge deutlich besser zu werfen (jedenfalls wenn man wie ich nicht so toll werfen kann.. \ud83d\ude09\u00a0 Ich pers\u00f6nlich liebe den Futterball z.B. um auf Entfernung zu belohnen, nutze sie extrem gern beim Hoopern und auch f\u00fcr sonst alles, wo die Hunde gerne von mir weg arbeiten sollen.<\/p><p>Die Fuba\u00b4s haben eine weiche Neopren-Au\u00dfenh\u00fclle und eine schwarze Kunstleder-Innenseite, wodurch sie super sicher und weich zu fangen sind, das Material innen aber nach dem Gebrauch abwischbar ist. Das Material ist sehr robust und bei uns haben sich die Fuba\u00b4s trotz h\u00e4ufiger Nutzung, als sehr langlebig erwiesen.<\/p><p><span style=\"font-family: 'Open Sans', sans-serif; font-size: 16px; font-style: normal; font-variant-ligatures: normal; font-variant-caps: normal; font-weight: 400;\">Die drei Teile der einzelnen Schoten sind mit einem Klettverschluss versehen, der das Pod bis zum \u00d6ffnen geschlossen h\u00e4lt. Selbst kleine Leckerlies bleiben so beim werfen an ihrem Platz und fallen nicht heraus. F\u00fcr die Hunde ist es nach ein wenig \u00dcbung ein leichtes den Ball zu \u00f6ffnen, um an die Belohnung zu gelangen.<\/span><\/p><p style=\"font-variant-ligatures: normal; font-variant-caps: normal; font-family: 'Open Sans', sans-serif; font-size: 16px; font-style: normal; font-weight: 400;\">Kurz: <em style=\"font-size: 16px;\"><span style=\"font-size: 16px; font-weight: 600;\">Der Fuba ist f\u00fcr mein pers\u00f6nliches Training eine echte Bereicherung!<\/span><\/em><\/p><p><strong>Gr\u00f6\u00dfe:<br \/><\/strong>ca. 7 cm im Durchmesser, wiegt mit Handschlaufe ca. 40 g<br \/>das 15 mm Gurtband mit Handschlaufe ist ca. 20 cm lang<\/p><\/div><\/div><\/section><\/div><\/div><div><div dir=\"ltr\"><div dir=\"ltr\"><ul data-hook=\"stacked-info-section\"><li data-hook=\"stacked-info-item\"><div><h3 data-hook=\"info-section-title\">Tipps &amp; Pflegehinweise<\/h3><div data-hook=\"info-section-description\"><p>Die Fubas sollten wirkich als Spielzeug genutzt werden, um mit dem Hund zu spielen. unbeaufsichtigt und f\u00fcr Hunde, die gerne auf Spielzeug kauen, w\u00fcrde ich sie nicht zur Verf\u00fcgung stellen.<\/p><p>Um sicherzustellen, dass unser Hund nach dem Spielen gl\u00fccklich und gesund bleibt, sollte man die Fuba\u00b4s nach jedem Gebrauch auswischen und gut trocknen lassen. Wenn es schmutzig wird, l\u00e4sst es sich sehr gut mit einem feuchten Lappen reinigen. Von der Maschinenw\u00e4sche r\u00e4te ich ab, da die Klettverschl\u00fcsse darunter leiden k\u00f6nnen, asonsten ist es f\u00fcr das Material bei max. 30*C unbedenklich.<\/p><\/div><\/div><\/li><\/ul><\/div><\/div><\/div>\t\t\t\t\t\t\t\t<\/div>\n\t\t\t\t<\/div>\n\t\t\t\t<div class=\"elementor-element elementor-element-7b516a4 elementor-widget elementor-widget-video\" data-id=\"7b516a4\" data-element_type=\"widget\" data-e-type=\"widget\" data-settings=\"{&quot;youtube_url&quot;:&quot;https:\\\/\\\/www.youtube.com\\\/watch?v=c2_X6xRBn5E&quot;,&quot;autoplay&quot;:&quot;yes&quot;,&quot;mute&quot;:&quot;yes&quot;,&quot;loop&quot;:&quot;yes&quot;,&quot;video_type&quot;:&quot;youtube&quot;,&quot;controls&quot;:&quot;yes&quot;}\" data-widget_type=\"video.default\">\n\t\t\t\t<div class=\"elementor-widget-container\">\n\t\t\t\t\t\t\t<div class=\"elementor-wrapper elementor-open-inline\">\n\t\t\t<div class=\"elementor-video\"><\/div>\t\t<\/div>\n\t\t\t\t\t\t<\/div>\n\t\t\t\t<\/div>\n\t\t\t\t<div class=\"elementor-element elementor-element-09196ee elementor-widget elementor-widget-image\" data-id=\"09196ee\" data-element_type=\"widget\" data-e-type=\"widget\" data-widget_type=\"image.default\">\n\t\t\t\t<div class=\"elementor-widget-container\">\n\t\t\t\t\t\t\t\t\t\t\t\t\t\t\t<img fetchpriority=\"high\" decoding=\"async\" width=\"1024\" height=\"577\" src=\"https:\/\/www.melli4dogs.com\/shop\/wp-content\/uploads\/2020\/06\/Fuba-Neu-1-1024x577.jpg\" class=\"attachment-large size-large wp-image-13321\" alt=\"\" srcset=\"https:\/\/www.melli4dogs.com\/shop\/wp-content\/uploads\/2020\/06\/Fuba-Neu-1-1024x577.jpg 1024w, https:\/\/www.melli4dogs.com\/shop\/wp-content\/uploads\/2020\/06\/Fuba-Neu-1-300x169.jpg 300w, https:\/\/www.melli4dogs.com\/shop\/wp-content\/uploads\/2020\/06\/Fuba-Neu-1-768x432.jpg 768w, https:\/\/www.melli4dogs.com\/shop\/wp-content\/uploads\/2020\/06\/Fuba-Neu-1-1536x865.jpg 1536w, https:\/\/www.melli4dogs.com\/shop\/wp-content\/uploads\/2020\/06\/Fuba-Neu-1-2048x1153.jpg 2048w, https:\/\/www.melli4dogs.com\/shop\/wp-content\/uploads\/2020\/06\/Fuba-Neu-1-800x450.jpg 800w, https:\/\/www.melli4dogs.com\/shop\/wp-content\/uploads\/2020\/06\/Fuba-Neu-1-1320x743.jpg 1320w, https:\/\/www.melli4dogs.com\/shop\/wp-content\/uploads\/2020\/06\/Fuba-Neu-1-600x338.jpg 600w\" sizes=\"(max-width: 1024px) 100vw, 1024px\" \/>\t\t\t\t\t\t\t\t\t\t\t\t\t\t\t<\/div>\n\t\t\t\t<\/div>\n\t\t\t\t\t<\/div>\n\t\t<\/div>\n\t\t\t\t\t<\/div>\n\t\t<\/section>\n\t\t\t\t<section class=\"elementor-section elementor-top-section elementor-element elementor-element-bc1a450 elementor-section-boxed elementor-section-height-default elementor-section-height-default\" data-id=\"bc1a450\" data-element_type=\"section\" data-e-type=\"section\">\n\t\t\t\t\t\t<div class=\"elementor-container elementor-column-gap-default\">\n\t\t\t\t\t<div class=\"elementor-column elementor-col-100 elementor-top-column elementor-element elementor-element-795591b\" data-id=\"795591b\" data-element_type=\"column\" data-e-type=\"column\">\n\t\t\t<div class=\"elementor-widget-wrap elementor-element-populated\">\n\t\t\t\t\t\t<div class=\"elementor-element elementor-element-31b7585 elementor-widget elementor-widget-global elementor-global-1139 elementor-widget-woocommerce-breadcrumb\" data-id=\"31b7585\" data-element_type=\"widget\" data-e-type=\"widget\" data-widget_type=\"woocommerce-breadcrumb.default\">\n\t\t\t\t<div class=\"elementor-widget-container\">\n\t\t\t\t\t<div class=\"site-breadcrumbs woocommerce-breadcrumbs clr position-under-title\">Startseite<\/div>\t\t\t\t<\/div>\n\t\t\t\t<\/div>\n\t\t\t\t\t<\/div>\n\t\t<\/div>\n\t\t\t\t\t<\/div>\n\t\t<\/section>\n\t\t\t\t<\/div>\n\t\t","protected":false},"excerpt":{"rendered":"<p><strong>ACHTUNG B-WARE bei Blau und Pink!<\/strong><\/p>\n<p>Die \u00d6se, an dem das Wurfband befestigt ist, wurde nicht so fest vern\u00e4ht, wie es normalerweise \u00fcblich ist.<\/p>\n<p>WAS IST DER VORTEIL AM FUTTERBALL?\ud83d\udc15<\/p>\n<p>F\u00fcr mich hat der Fuba sowohl im Spiel, als auch im Training verschiedene Vorteile:<\/p>\n<p>\u27a1\ufe0f Die Belohnung kann auch auf Distanz gut positioniert werden<\/p>\n<p>\u27a1\ufe0f Das \u00d6ffnen vom Fuba macht Spa\u00df! -dem Hund das \u00d6ffnen, mir das Zuschauen..\ud83d\ude0d<\/p>\n<p>\u27a1\ufe0f Wir \u00fcben das freiwillige und selbstst\u00e4ndige Apportieren automatisch mit.<\/p>\n<p>\u27a1\ufe0f Durch das abwischbare Kunstleder innen, ist der Fuba immer direkt wieder einsatzbereit, ohne vorher lange trocknen zu m\u00fcssen.<\/p>\n<p>\u27a1\ufe0f Dank Wurfband f\u00e4llt mir weites Werfen deutlich leichter. \ud83d\ude0a<\/p>\n","protected":false},"featured_media":20065,"template":"","meta":{"ocean_post_layout":"","ocean_both_sidebars_style":"","ocean_both_sidebars_content_width":0,"ocean_both_sidebars_sidebars_width":0,"ocean_sidebar":"0","ocean_second_sidebar":"0","ocean_disable_margins":"enable","ocean_add_body_class":"","ocean_shortcode_before_top_bar":"","ocean_shortcode_after_top_bar":"","ocean_shortcode_before_header":"","ocean_shortcode_after_header":"","ocean_has_shortcode":"","ocean_shortcode_after_title":"","ocean_shortcode_before_footer_widgets":"","ocean_shortcode_after_footer_widgets":"","ocean_shortcode_before_footer_bottom":"","ocean_shortcode_after_footer_bottom":"","ocean_display_top_bar":"default","ocean_display_header":"default","ocean_header_style":"","ocean_center_header_left_menu":"0","ocean_custom_header_template":"0","ocean_custom_logo":0,"ocean_custom_retina_logo":0,"ocean_custom_logo_max_width":0,"ocean_custom_logo_tablet_max_width":0,"ocean_custom_logo_mobile_max_width":0,"ocean_custom_logo_max_height":0,"ocean_custom_logo_tablet_max_height":0,"ocean_custom_logo_mobile_max_height":0,"ocean_header_custom_menu":"0","ocean_menu_typo_font_family":"0","ocean_menu_typo_font_subset":"","ocean_menu_typo_font_size":0,"ocean_menu_typo_font_size_tablet":0,"ocean_menu_typo_font_size_mobile":0,"ocean_menu_typo_font_size_unit":"px","ocean_menu_typo_font_weight":"","ocean_menu_typo_font_weight_tablet":"","ocean_menu_typo_font_weight_mobile":"","ocean_menu_typo_transform":"","ocean_menu_typo_transform_tablet":"","ocean_menu_typo_transform_mobile":"","ocean_menu_typo_line_height":0,"ocean_menu_typo_line_height_tablet":0,"ocean_menu_typo_line_height_mobile":0,"ocean_menu_typo_line_height_unit":"","ocean_menu_typo_spacing":0,"ocean_menu_typo_spacing_tablet":0,"ocean_menu_typo_spacing_mobile":0,"ocean_menu_typo_spacing_unit":"","ocean_menu_link_color":"","ocean_menu_link_color_hover":"","ocean_menu_link_color_active":"","ocean_menu_link_background":"","ocean_menu_link_hover_background":"","ocean_menu_link_active_background":"","ocean_menu_social_links_bg":"","ocean_menu_social_hover_links_bg":"","ocean_menu_social_links_color":"","ocean_menu_social_hover_links_color":"","ocean_disable_title":"default","ocean_disable_heading":"default","ocean_post_title":"","ocean_post_subheading":"","ocean_post_title_style":"","ocean_post_title_background_color":"","ocean_post_title_background":0,"ocean_post_title_bg_image_position":"","ocean_post_title_bg_image_attachment":"","ocean_post_title_bg_image_repeat":"","ocean_post_title_bg_image_size":"","ocean_post_title_height":0,"ocean_post_title_bg_overlay":0.5,"ocean_post_title_bg_overlay_color":"","ocean_disable_breadcrumbs":"default","ocean_breadcrumbs_color":"","ocean_breadcrumbs_separator_color":"","ocean_breadcrumbs_links_color":"","ocean_breadcrumbs_links_hover_color":"","ocean_display_footer_widgets":"default","ocean_display_footer_bottom":"default","ocean_custom_footer_template":"0"},"product_brand":[],"product_cat":[16,18,21],"product_tag":[32,33],"class_list":{"0":"post-23516","1":"product","2":"type-product","3":"status-publish","4":"has-post-thumbnail","6":"product_cat-melli4dogs-artikel","7":"product_cat-spielzeug","8":"product_cat-trainings-zubehoer","9":"product_tag-puppingtons-pods","10":"product_tag-spielzeug","11":"pa_color-blue","12":"pa_color-pink","13":"pa_color-pfotenmuster-bunt","15":"entry","16":"has-media","18":"first","19":"instock","20":"sale","21":"taxable","22":"shipping-taxable","23":"purchasable","24":"product-type-variable","25":"has-product-nav","26":"col","27":"span_1_of_3","28":"owp-content-center","29":"owp-thumbs-layout-horizontal","30":"owp-btn-normal","31":"owp-tabs-layout-horizontal"},"jetpack_sharing_enabled":true,"_links":{"self":[{"href":"https:\/\/www.melli4dogs.com\/shop\/wp-json\/wp\/v2\/product\/23516","targetHints":{"allow":["GET"]}}],"collection":[{"href":"https:\/\/www.melli4dogs.com\/shop\/wp-json\/wp\/v2\/product"}],"about":[{"href":"https:\/\/www.melli4dogs.com\/shop\/wp-json\/wp\/v2\/types\/product"}],"version-history":[{"count":4,"href":"https:\/\/www.melli4dogs.com\/shop\/wp-json\/wp\/v2\/product\/23516\/revisions"}],"predecessor-version":[{"id":24363,"href":"https:\/\/www.melli4dogs.com\/shop\/wp-json\/wp\/v2\/product\/23516\/revisions\/24363"}],"wp:featuredmedia":[{"embeddable":true,"href":"https:\/\/www.melli4dogs.com\/shop\/wp-json\/wp\/v2\/media\/20065"}],"wp:attachment":[{"href":"https:\/\/www.melli4dogs.com\/shop\/wp-json\/wp\/v2\/media?parent=23516"}],"wp:term":[{"taxonomy":"product_brand","embeddable":true,"href":"https:\/\/www.melli4dogs.com\/shop\/wp-json\/wp\/v2\/product_brand?post=23516"},{"taxonomy":"product_cat","embeddable":true,"href":"https:\/\/www.melli4dogs.com\/shop\/wp-json\/wp\/v2\/product_cat?post=23516"},{"taxonomy":"product_tag","embeddable":true,"href":"https:\/\/www.melli4dogs.com\/shop\/wp-json\/wp\/v2\/product_tag?post=23516"}],"curies":[{"name":"wp","href":"https:\/\/api.w.org\/{rel}","templated":true}]}}