{"id":23720,"date":"2025-09-15T23:18:25","date_gmt":"2025-09-15T21:18:25","guid":{"rendered":"https:\/\/www.melli4dogs.com\/shop\/?post_type=product&#038;p=23720"},"modified":"2026-04-10T00:08:20","modified_gmt":"2026-04-09T22:08:20","slug":"mellis-futtertube","status":"publish","type":"product","link":"https:\/\/www.melli4dogs.com\/shop\/produkt\/mellis-futtertube\/","title":{"rendered":"Futtertube mit Schleckaufsatz"},"content":{"rendered":"\t\t<div data-elementor-type=\"product-post\" data-elementor-id=\"23720\" class=\"elementor elementor-23720\" data-elementor-post-type=\"product\">\n\t\t\t\t\t\t<section class=\"elementor-section elementor-top-section elementor-element elementor-element-9a5497e elementor-section-boxed elementor-section-height-default elementor-section-height-default\" data-id=\"9a5497e\" data-element_type=\"section\" data-e-type=\"section\">\n\t\t\t\t\t\t<div class=\"elementor-container elementor-column-gap-default\">\n\t\t\t\t\t<div class=\"elementor-column elementor-col-100 elementor-top-column elementor-element elementor-element-94acbf1\" data-id=\"94acbf1\" data-element_type=\"column\" data-e-type=\"column\">\n\t\t\t<div class=\"elementor-widget-wrap elementor-element-populated\">\n\t\t\t\t\t\t<div class=\"elementor-element elementor-element-fa3fa4f elementor-widget elementor-widget-text-editor\" data-id=\"fa3fa4f\" data-element_type=\"widget\" data-e-type=\"widget\" data-widget_type=\"text-editor.default\">\n\t\t\t\t<div class=\"elementor-widget-container\">\n\t\t\t\t\t\t\t\t\t<p data-start=\"1247\" data-end=\"1300\"><strong data-start=\"1247\" data-end=\"1298\">Meine Herzens-Entwicklung: Die neue Schlecktube<\/strong><\/p><p data-start=\"1302\" data-end=\"1520\">Mein gro\u00dfer Wunsch ist Realit\u00e4t geworden \u2013 nach vielen Jahren Erfahrung, Tests und Gespr\u00e4chen mit euch ist eine Schlecktube entstanden, die nicht nur praktisch ist, sondern auch das Beste f\u00fcr unsere Hunde herausholt.<\/p><p data-start=\"1522\" data-end=\"1993\">\ud83d\udc3e <strong>Hundefreundlicher Schleckaufsatz<\/strong> \u2013 f\u00fcr langes, entspanntes Schlecken<br data-start=\"1593\" data-end=\"1596\" \/>\ud83e\udd5b <strong>Gro\u00dfes F\u00fcllvolumen<\/strong> \u2013 370 ml, auch perfekt f\u00fcr gro\u00dfe Hunde<br data-start=\"1656\" data-end=\"1659\" \/>\ud83e\udde2 <strong>Abnehmbarer Deckel<\/strong> \u2013 h\u00e4ngt nicht im Gesicht und macht das Bef\u00fcllen einfach<br data-start=\"1736\" data-end=\"1739\" \/>\u270b <strong>Ergonomische Form<\/strong> \u2013 liegt angenehm in der Hand<br data-start=\"1787\" data-end=\"1790\" \/>\ud83d\udee1\ufe0f <strong>Robust &amp; sicher<\/strong> \u2013 lebensmittelechtes Silikon, BPA-frei, keine Kleinteile, die brechen oder verschluckt werden k\u00f6nnen<br data-start=\"1910\" data-end=\"1913\" \/>\ud83e\uddfc <strong data-start=\"1916\" data-end=\"1956\">Leicht bef\u00fcllbar &amp; leicht abwaschbar<\/strong> \u2013 f\u00fcr maximale Hygiene und Komfort<\/p><p data-start=\"1995\" data-end=\"2132\">Diese Schlecktube ist aus Liebe zu unseren Vierbeinern entwickelt worden \u2013 und ich bin so stolz, sie endlich mit euch teilen zu d\u00fcrfen.<\/p>\t\t\t\t\t\t\t\t<\/div>\n\t\t\t\t<\/div>\n\t\t\t\t<div class=\"elementor-element elementor-element-a1b219d elementor-widget elementor-widget-text-editor\" data-id=\"a1b219d\" data-element_type=\"widget\" data-e-type=\"widget\" data-widget_type=\"text-editor.default\">\n\t\t\t\t<div class=\"elementor-widget-container\">\n\t\t\t\t\t\t\t\t\t<p>Schau dir <strong><span style=\"text-decoration: underline;\"><a href=\"https:\/\/youtu.be\/nza5h26cUjU?si=sRAoEv1d4IHcwmyK\" target=\"_blank\" rel=\"noopener\">mein Video<\/a><\/span><\/strong> mit allen Infos zur Tube und unserem ersten Gebrauch an.<\/p>\t\t\t\t\t\t\t\t<\/div>\n\t\t\t\t<\/div>\n\t\t\t\t<div class=\"elementor-element elementor-element-c7c3a14 elementor-widget-divider--view-line elementor-widget elementor-widget-divider\" data-id=\"c7c3a14\" data-element_type=\"widget\" data-e-type=\"widget\" data-widget_type=\"divider.default\">\n\t\t\t\t<div class=\"elementor-widget-container\">\n\t\t\t\t\t\t\t<div class=\"elementor-divider\">\n\t\t\t<span class=\"elementor-divider-separator\">\n\t\t\t\t\t\t<\/span>\n\t\t<\/div>\n\t\t\t\t\t\t<\/div>\n\t\t\t\t<\/div>\n\t\t\t\t\t<\/div>\n\t\t<\/div>\n\t\t\t\t\t<\/div>\n\t\t<\/section>\n\t\t\t\t<section class=\"elementor-section elementor-top-section elementor-element elementor-element-75ad495 elementor-section-boxed elementor-section-height-default elementor-section-height-default\" data-id=\"75ad495\" data-element_type=\"section\" data-e-type=\"section\">\n\t\t\t\t\t\t<div class=\"elementor-container elementor-column-gap-default\">\n\t\t\t\t\t<div class=\"elementor-column elementor-col-50 elementor-top-column elementor-element elementor-element-427423e\" data-id=\"427423e\" data-element_type=\"column\" data-e-type=\"column\">\n\t\t\t<div class=\"elementor-widget-wrap elementor-element-populated\">\n\t\t\t\t\t\t<div class=\"elementor-element elementor-element-224b01c elementor-widget elementor-widget-image\" data-id=\"224b01c\" data-element_type=\"widget\" data-e-type=\"widget\" data-widget_type=\"image.default\">\n\t\t\t\t<div class=\"elementor-widget-container\">\n\t\t\t\t\t\t\t\t\t\t\t\t\t\t\t\t<a href=\"https:\/\/www.melli4dogs.com\/shop\/produkt\/futterbeutel-aus-abwaschbarer-lkw-plane\/\">\n\t\t\t\t\t\t\t<img fetchpriority=\"high\" decoding=\"async\" width=\"819\" height=\"1024\" src=\"https:\/\/www.melli4dogs.com\/shop\/wp-content\/uploads\/2025\/09\/Futterbeutel-Leckerliebeutel-3-819x1024.png\" class=\"attachment-large size-large wp-image-23809\" alt=\"\" srcset=\"https:\/\/www.melli4dogs.com\/shop\/wp-content\/uploads\/2025\/09\/Futterbeutel-Leckerliebeutel-3-819x1024.png 819w, https:\/\/www.melli4dogs.com\/shop\/wp-content\/uploads\/2025\/09\/Futterbeutel-Leckerliebeutel-3-240x300.png 240w, https:\/\/www.melli4dogs.com\/shop\/wp-content\/uploads\/2025\/09\/Futterbeutel-Leckerliebeutel-3-768x960.png 768w, https:\/\/www.melli4dogs.com\/shop\/wp-content\/uploads\/2025\/09\/Futterbeutel-Leckerliebeutel-3-600x750.png 600w, https:\/\/www.melli4dogs.com\/shop\/wp-content\/uploads\/2025\/09\/Futterbeutel-Leckerliebeutel-3.png 1080w\" sizes=\"(max-width: 819px) 100vw, 819px\" \/>\t\t\t\t\t\t\t\t<\/a>\n\t\t\t\t\t\t\t\t\t\t\t\t\t\t\t<\/div>\n\t\t\t\t<\/div>\n\t\t\t\t\t<\/div>\n\t\t<\/div>\n\t\t\t\t<div class=\"elementor-column elementor-col-50 elementor-top-column elementor-element elementor-element-ed44543\" data-id=\"ed44543\" data-element_type=\"column\" data-e-type=\"column\">\n\t\t\t<div class=\"elementor-widget-wrap elementor-element-populated\">\n\t\t\t\t\t\t<div class=\"elementor-element elementor-element-ccc26a8 elementor-widget elementor-widget-text-editor\" data-id=\"ccc26a8\" data-element_type=\"widget\" data-e-type=\"widget\" data-widget_type=\"text-editor.default\">\n\t\t\t\t<div class=\"elementor-widget-container\">\n\t\t\t\t\t\t\t\t\t<p data-start=\"133\" data-end=\"200\"><a href=\"https:\/\/www.melli4dogs.com\/shop\/produkt\/futterbeutel-aus-abwaschbarer-lkw-plane\/\"><strong data-start=\"133\" data-end=\"198\">\ud83d\udc36 Der neue leichte Futterbeutel \u2013 jetzt zum Special-Vorbestell-Angebot!<\/strong><\/a><\/p><p data-start=\"392\" data-end=\"415\">\u2728 <strong data-start=\"394\" data-end=\"413\">Jetzt vorbestellen:<\/strong><\/p><p data-start=\"392\" data-end=\"415\"><span style=\"font-size: 16px;\">\ud83d\udcb8\u00a0<\/span><strong style=\"font-size: 16px;\" data-start=\"421\" data-end=\"440\">Special-Preis<\/strong><span style=\"font-size: 16px;\">\u00a0bei Vorbestellung<\/span><\/p><p data-start=\"392\" data-end=\"415\"><span style=\"font-size: 16px;\">\ud83c\udf81\u00a0<\/span><strong style=\"font-size: 16px;\" data-start=\"466\" data-end=\"488\">Gratis Mini-Target\u00a0<\/strong><span style=\"font-size: 16px;\">\u00a0passend in T\u00fcrkis als Geschenk<\/span><\/p><p data-start=\"525\" data-end=\"557\"><strong data-start=\"525\" data-end=\"555\">Warum du ihn lieben wirst:<\/strong><\/p><p data-start=\"560\" data-end=\"630\">\ud83e\udeb6\u00a0<strong data-start=\"563\" data-end=\"583\">Leicht &amp; robust:<\/strong>\u00a0Ideal f\u00fcr unterwegs und extra leicht f\u00fcrs Training<br \/>\ud83c\udfaf\u00a0<strong data-start=\"636\" data-end=\"658\">Trainingstauglich:<\/strong> Alles schnell griffbereit und sicher verstaut<br \/>\ud83c\udf92\u00a0<strong data-start=\"700\" data-end=\"720\">Alltagstauglich:<\/strong>\u00a0Kompakt, pflegeleicht und immer einsatzbereit<\/p>\t\t\t\t\t\t\t\t<\/div>\n\t\t\t\t<\/div>\n\t\t\t\t\t<\/div>\n\t\t<\/div>\n\t\t\t\t\t<\/div>\n\t\t<\/section>\n\t\t\t\t<section class=\"elementor-section elementor-top-section elementor-element elementor-element-c10c93e elementor-section-boxed elementor-section-height-default elementor-section-height-default\" data-id=\"c10c93e\" data-element_type=\"section\" data-e-type=\"section\">\n\t\t\t\t\t\t<div class=\"elementor-container elementor-column-gap-default\">\n\t\t\t\t\t<div class=\"elementor-column elementor-col-100 elementor-top-column elementor-element elementor-element-1dedfaa\" data-id=\"1dedfaa\" data-element_type=\"column\" data-e-type=\"column\">\n\t\t\t<div class=\"elementor-widget-wrap elementor-element-populated\">\n\t\t\t\t\t\t<div class=\"elementor-element elementor-element-f930189 elementor-widget elementor-widget-video\" data-id=\"f930189\" data-element_type=\"widget\" data-e-type=\"widget\" data-settings=\"{&quot;youtube_url&quot;:&quot;https:\\\/\\\/youtu.be\\\/nza5h26cUjU?si=a9YYGFnY65BWcSeG&quot;,&quot;video_type&quot;:&quot;youtube&quot;,&quot;controls&quot;:&quot;yes&quot;}\" data-widget_type=\"video.default\">\n\t\t\t\t<div class=\"elementor-widget-container\">\n\t\t\t\t\t\t\t<div class=\"elementor-wrapper elementor-open-inline\">\n\t\t\t<div class=\"elementor-video\"><\/div>\t\t<\/div>\n\t\t\t\t\t\t<\/div>\n\t\t\t\t<\/div>\n\t\t\t\t<div class=\"elementor-element elementor-element-0b7bbb2 elementor-widget-divider--view-line elementor-widget elementor-widget-divider\" data-id=\"0b7bbb2\" data-element_type=\"widget\" data-e-type=\"widget\" data-widget_type=\"divider.default\">\n\t\t\t\t<div class=\"elementor-widget-container\">\n\t\t\t\t\t\t\t<div class=\"elementor-divider\">\n\t\t\t<span class=\"elementor-divider-separator\">\n\t\t\t\t\t\t<\/span>\n\t\t<\/div>\n\t\t\t\t\t\t<\/div>\n\t\t\t\t<\/div>\n\t\t\t\t<div class=\"elementor-element elementor-element-6f4bbb7 elementor-widget elementor-widget-text-editor\" data-id=\"6f4bbb7\" data-element_type=\"widget\" data-e-type=\"widget\" data-widget_type=\"text-editor.default\">\n\t\t\t\t<div class=\"elementor-widget-container\">\n\t\t\t\t\t\t\t\t\t<p>F\u00fcllvolumen: 370ml<br \/>Ma\u00dfe: Durchmesser ca 7,5cm, H\u00f6he 16cm<br \/>Gewicht 160g<br \/><span style=\"font-size: 16px;\">Lebensmittelechtes SIlikon, BPA freier Kunststoff<\/span><\/p><p><strong><span style=\"font-family: 'Open Sans', sans-serif; font-size: 16px; font-style: normal; font-variant-ligatures: normal; font-variant-caps: normal;\">Sichere dir jetzt dieses geniale neue Trainingsequipment von Melli4Dogs -mit Liebe und Erfahrung entwickelt.<\/span><\/strong><\/p>\t\t\t\t\t\t\t\t<\/div>\n\t\t\t\t<\/div>\n\t\t\t\t<div class=\"elementor-element elementor-element-fa9510c elementor-widget-divider--view-line elementor-widget elementor-widget-divider\" data-id=\"fa9510c\" data-element_type=\"widget\" data-e-type=\"widget\" data-widget_type=\"divider.default\">\n\t\t\t\t<div class=\"elementor-widget-container\">\n\t\t\t\t\t\t\t<div class=\"elementor-divider\">\n\t\t\t<span class=\"elementor-divider-separator\">\n\t\t\t\t\t\t<\/span>\n\t\t<\/div>\n\t\t\t\t\t\t<\/div>\n\t\t\t\t<\/div>\n\t\t\t\t\t<\/div>\n\t\t<\/div>\n\t\t\t\t\t<\/div>\n\t\t<\/section>\n\t\t\t\t<section class=\"elementor-section elementor-top-section elementor-element elementor-element-342a281 elementor-section-boxed elementor-section-height-default elementor-section-height-default\" data-id=\"342a281\" data-element_type=\"section\" data-e-type=\"section\">\n\t\t\t\t\t\t<div class=\"elementor-container elementor-column-gap-default\">\n\t\t\t\t\t<div class=\"elementor-column elementor-col-50 elementor-top-column elementor-element elementor-element-1351d39\" data-id=\"1351d39\" data-element_type=\"column\" data-e-type=\"column\">\n\t\t\t<div class=\"elementor-widget-wrap elementor-element-populated\">\n\t\t\t\t\t\t<div class=\"elementor-element elementor-element-8915ea4 elementor-grid-1 elementor-grid-tablet-3 elementor-grid-mobile-2 elementor-products-grid elementor-wc-products elementor-widget elementor-widget-woocommerce-products\" data-id=\"8915ea4\" data-element_type=\"widget\" data-e-type=\"widget\" data-widget_type=\"woocommerce-products.default\">\n\t\t\t\t<div class=\"elementor-widget-container\">\n\t\t\t\t\t<div class=\"woocommerce columns-1 \">\r\n<ul class=\"products elementor-grid oceanwp-row clr grid tablet-col tablet-2-col mobile-col mobile-1-col\">\r\n<li class=\"entry has-media has-product-nav col span_1_of_1 owp-content-center owp-thumbs-layout-horizontal owp-btn-normal owp-tabs-layout-horizontal product type-product post-25054 status-publish first instock product_cat-melli4dogs-artikel product_cat-trainings-zubehoer has-post-thumbnail sale taxable shipping-taxable purchasable product-type-simple\">\n\t<div class=\"product-inner clr\">\n\t<div class=\"woo-entry-image clr\">\n\t\t<a href=\"https:\/\/www.melli4dogs.com\/shop\/produkt\/futtertube-beutel-im-set\/\" class=\"woocommerce-LoopProduct-link\"><img decoding=\"async\" width=\"300\" height=\"300\" src=\"https:\/\/www.melli4dogs.com\/shop\/wp-content\/uploads\/2026\/01\/Kopie-von-Kein-Titel-Logo-2-300x300.png\" class=\"woo-entry-image-main\" alt=\"Futtertube &#038; Beutel im Set\" itemprop=\"image\" srcset=\"https:\/\/www.melli4dogs.com\/shop\/wp-content\/uploads\/2026\/01\/Kopie-von-Kein-Titel-Logo-2-300x300.png 300w, https:\/\/www.melli4dogs.com\/shop\/wp-content\/uploads\/2026\/01\/Kopie-von-Kein-Titel-Logo-2-150x150.png 150w, https:\/\/www.melli4dogs.com\/shop\/wp-content\/uploads\/2026\/01\/Kopie-von-Kein-Titel-Logo-2-100x100.png 100w, https:\/\/www.melli4dogs.com\/shop\/wp-content\/uploads\/2026\/01\/Kopie-von-Kein-Titel-Logo-2.png 500w\" sizes=\"(max-width: 300px) 100vw, 300px\" \/><\/a>\t<\/div><!-- .woo-entry-image -->\n\n\t\n\n<ul class=\"woo-entry-inner clr\"><li class=\"image-wrap\">\n\t<span class=\"onsale\">Angebot!<\/span>\n\t\n\t<div class=\"woo-entry-image clr\">\n\t\t<a href=\"https:\/\/www.melli4dogs.com\/shop\/produkt\/futtertube-beutel-im-set\/\" class=\"woocommerce-LoopProduct-link\"><img decoding=\"async\" width=\"300\" height=\"300\" src=\"https:\/\/www.melli4dogs.com\/shop\/wp-content\/uploads\/2026\/01\/Kopie-von-Kein-Titel-Logo-2-300x300.png\" class=\"woo-entry-image-main\" alt=\"Futtertube &#038; Beutel im Set\" itemprop=\"image\" srcset=\"https:\/\/www.melli4dogs.com\/shop\/wp-content\/uploads\/2026\/01\/Kopie-von-Kein-Titel-Logo-2-300x300.png 300w, https:\/\/www.melli4dogs.com\/shop\/wp-content\/uploads\/2026\/01\/Kopie-von-Kein-Titel-Logo-2-150x150.png 150w, https:\/\/www.melli4dogs.com\/shop\/wp-content\/uploads\/2026\/01\/Kopie-von-Kein-Titel-Logo-2-100x100.png 100w, https:\/\/www.melli4dogs.com\/shop\/wp-content\/uploads\/2026\/01\/Kopie-von-Kein-Titel-Logo-2.png 500w\" sizes=\"(max-width: 300px) 100vw, 300px\" \/><\/a>\t<\/div><!-- .woo-entry-image -->\n\n\t<\/li><li class=\"category\"><a href=\"https:\/\/www.melli4dogs.com\/shop\/produkt-kategorie\/melli4dogs-artikel\/\" rel=\"tag\">Melli4Dogs Artikel<\/a>, <a href=\"https:\/\/www.melli4dogs.com\/shop\/produkt-kategorie\/trainings-zubehoer\/\" rel=\"tag\">Trainings-Zubeh\u00f6r<\/a><\/li><li class=\"title\"><h2><a href=\"https:\/\/www.melli4dogs.com\/shop\/produkt\/futtertube-beutel-im-set\/\">Futtertube &#038; Beutel im Set<\/a><\/h2><\/li><li class=\"price-wrap\">\n\t<span class=\"price\"><del aria-hidden=\"true\"><span class=\"woocommerce-Price-amount amount\"><bdi>74,80&nbsp;<span class=\"woocommerce-Price-currencySymbol\">&euro;<\/span><\/bdi><\/span><\/del> <span class=\"screen-reader-text\">Urspr\u00fcnglicher Preis war: 74,80&nbsp;&euro;<\/span><ins aria-hidden=\"true\"><span class=\"woocommerce-Price-amount amount\"><bdi>59,90&nbsp;<span class=\"woocommerce-Price-currencySymbol\">&euro;<\/span><\/bdi><\/span><\/ins><span class=\"screen-reader-text\">Aktueller Preis ist: 59,90&nbsp;&euro;.<\/span><\/span>\n<\/li><li class=\"wc-gzd\">\n\n\t<p class=\"wc-gzd-additional-info wc-gzd-additional-info-loop tax-info\">inkl. 19 % MwSt.<\/p>\n\n\t<p class=\"wc-gzd-additional-info wc-gzd-additional-info-loop shipping-costs-info\">zzgl. <a href=\"https:\/\/www.melli4dogs.com\/shop\/versandarten\/\" target=\"_blank\">Versandkosten<\/a><\/p>\n\n\n<\/li><li class=\"rating\"><\/li><li class=\"btn-wrap clr\"><a href=\"\/shop\/wp-json\/wp\/v2\/product\/23720?add-to-cart=25054\" aria-describedby=\"woocommerce_loop_add_to_cart_link_describedby_25054\" data-quantity=\"1\" class=\"button product_type_simple add_to_cart_button ajax_add_to_cart\" data-product_id=\"25054\" data-product_sku=\"\" aria-label=\"In den Warenkorb legen: \u201eFuttertube &amp; Beutel im Set\u201c\" rel=\"nofollow\" data-success_message=\"\u201eFuttertube &amp; Beutel im Set\u201c wurde Ihrem Warenkorb hinzugef\u00fcgt\" role=\"button\">In den Warenkorb<\/a>\t<span id=\"woocommerce_loop_add_to_cart_link_describedby_25054\" class=\"screen-reader-text\">\n\t\t\t<\/span>\n<\/li><\/ul><\/div><!-- .product-inner .clr --><\/li>\n<\/ul>\n<\/div>\t\t\t\t<\/div>\n\t\t\t\t<\/div>\n\t\t\t\t\t<\/div>\n\t\t<\/div>\n\t\t\t\t<div class=\"elementor-column elementor-col-50 elementor-top-column elementor-element elementor-element-c8674fd\" data-id=\"c8674fd\" data-element_type=\"column\" data-e-type=\"column\">\n\t\t\t<div class=\"elementor-widget-wrap elementor-element-populated\">\n\t\t\t\t\t\t<div class=\"elementor-element elementor-element-eb63cf3 elementor-widget elementor-widget-heading\" data-id=\"eb63cf3\" data-element_type=\"widget\" data-e-type=\"widget\" data-widget_type=\"heading.default\">\n\t\t\t\t<div class=\"elementor-widget-container\">\n\t\t\t\t\t<h2 class=\"elementor-heading-title elementor-size-default\">Diese praktische Tasche ist die perfekte Erg\u00e4nzung f\u00fcr alle, die ihre Schlecktube immer griffbereit haben m\u00f6chten.<\/h2>\t\t\t\t<\/div>\n\t\t\t\t<\/div>\n\t\t\t\t<div class=\"elementor-element elementor-element-b3e3b2c elementor-widget elementor-widget-text-editor\" data-id=\"b3e3b2c\" data-element_type=\"widget\" data-e-type=\"widget\" data-widget_type=\"text-editor.default\">\n\t\t\t\t<div class=\"elementor-widget-container\">\n\t\t\t\t\t\t\t\t\t<p data-start=\"133\" data-end=\"200\">\ud83d\udc36<strong data-start=\"133\" data-end=\"198\"> Der neue leichte Futterbeutel \u2013 jetzt im Special-Set-Angebot!<\/strong><\/p><p data-start=\"202\" data-end=\"390\">Unser neuer Futterbeutel aus robuster <strong data-start=\"240\" data-end=\"253\">LKW-Plane<\/strong> ist der kleine Bruder der beliebten Melli4Dogs Futtertasche \u2013 perfekt als leichte Trainingstasche und praktischer Begleiter f\u00fcr Alltag und Training.<br \/><br \/><strong><span style=\"font-family: 'Open Sans', sans-serif; font-size: 16px; font-style: normal; font-variant-ligatures: normal; font-variant-caps: normal;\">Dein neues Trainings-Set\u00a0<\/span><\/strong><br data-start=\"476\" data-end=\"479\" \/><span style=\"font-family: 'Open Sans', sans-serif; font-size: 16px; font-style: normal; font-variant-ligatures: normal; font-variant-caps: normal; font-weight: 400;\">Schlecktube und Futterbeutel im perfekten Duo.<\/span><br data-start=\"525\" data-end=\"528\" \/><span style=\"font-family: 'Open Sans', sans-serif; font-size: 16px; font-style: normal; font-variant-ligatures: normal; font-variant-caps: normal; font-weight: 400;\">Robust, durchdacht und vor allem hundefreundlich.<\/span><br \/><br data-start=\"567\" data-end=\"570\" data-is-only-node=\"\" \/><span style=\"font-variant-ligatures: normal; font-variant-caps: normal; font-family: 'Open Sans', sans-serif; font-size: 16px; font-style: normal; font-weight: 600;\">Jetzt kannst du beim Kauf meiner brandneuen Produkte im Set sparen.<\/span><\/p>\t\t\t\t\t\t\t\t<\/div>\n\t\t\t\t<\/div>\n\t\t\t\t\t<\/div>\n\t\t<\/div>\n\t\t\t\t\t<\/div>\n\t\t<\/section>\n\t\t\t\t<section class=\"elementor-section elementor-top-section elementor-element elementor-element-aa1173b elementor-section-boxed elementor-section-height-default elementor-section-height-default\" data-id=\"aa1173b\" data-element_type=\"section\" data-e-type=\"section\">\n\t\t\t\t\t\t<div class=\"elementor-container elementor-column-gap-default\">\n\t\t\t\t\t<div class=\"elementor-column elementor-col-100 elementor-top-column elementor-element elementor-element-fa1e352\" data-id=\"fa1e352\" data-element_type=\"column\" data-e-type=\"column\">\n\t\t\t<div class=\"elementor-widget-wrap elementor-element-populated\">\n\t\t\t\t\t\t<div class=\"elementor-element elementor-element-18cbb44 elementor-widget-divider--view-line elementor-widget elementor-widget-divider\" data-id=\"18cbb44\" data-element_type=\"widget\" data-e-type=\"widget\" data-widget_type=\"divider.default\">\n\t\t\t\t<div class=\"elementor-widget-container\">\n\t\t\t\t\t\t\t<div class=\"elementor-divider\">\n\t\t\t<span class=\"elementor-divider-separator\">\n\t\t\t\t\t\t<\/span>\n\t\t<\/div>\n\t\t\t\t\t\t<\/div>\n\t\t\t\t<\/div>\n\t\t\t\t\t<\/div>\n\t\t<\/div>\n\t\t\t\t\t<\/div>\n\t\t<\/section>\n\t\t\t\t<\/div>\n\t\t","protected":false},"excerpt":{"rendered":"<p data-start=\"371\" data-end=\"540\"><strong data-start=\"148\" data-end=\"196\">Die erste richtige Futtertube f\u00fcr Hunde ist da!<\/strong><\/p>\n<p data-start=\"371\" data-end=\"540\"><strong data-start=\"148\" data-end=\"196\">Mit praktischem Schleckaufsatz, auf die wir so lange gewartet haben!<\/strong><\/p>\n<p data-start=\"371\" data-end=\"540\">Endlich ist sie da: <strong data-start=\"391\" data-end=\"454\">unsere brandneue SCHLECKTUBE<\/strong><br data-start=\"454\" data-end=\"457\" \/><strong>Perfekt f\u00fcr Training &amp; Belohnung<\/strong><\/p>\n<p>\ud83e\udd57 <strong data-start=\"404\" data-end=\"456\">Ab sofort entscheidest DU, was in die Tube kommt<\/strong> \u2013 perfekt f\u00fcr die Verwendung von nassem oder selbstgemachtem Futter geeignet.<\/p>\n<p data-start=\"824\" data-end=\"980\"><em>Dieses Produkt verf\u00fcgt \u00fcber einen Gebrauchsmusterschutz, um es vor Nachahmung zu sch\u00fctzen.<\/em><\/p>\n","protected":false},"featured_media":26185,"template":"","meta":{"ocean_post_layout":"","ocean_both_sidebars_style":"","ocean_both_sidebars_content_width":0,"ocean_both_sidebars_sidebars_width":0,"ocean_sidebar":"0","ocean_second_sidebar":"0","ocean_disable_margins":"enable","ocean_add_body_class":"","ocean_shortcode_before_top_bar":"","ocean_shortcode_after_top_bar":"","ocean_shortcode_before_header":"","ocean_shortcode_after_header":"","ocean_has_shortcode":"","ocean_shortcode_after_title":"","ocean_shortcode_before_footer_widgets":"","ocean_shortcode_after_footer_widgets":"","ocean_shortcode_before_footer_bottom":"","ocean_shortcode_after_footer_bottom":"","ocean_display_top_bar":"default","ocean_display_header":"default","ocean_header_style":"","ocean_center_header_left_menu":"0","ocean_custom_header_template":"0","ocean_custom_logo":0,"ocean_custom_retina_logo":0,"ocean_custom_logo_max_width":0,"ocean_custom_logo_tablet_max_width":0,"ocean_custom_logo_mobile_max_width":0,"ocean_custom_logo_max_height":0,"ocean_custom_logo_tablet_max_height":0,"ocean_custom_logo_mobile_max_height":0,"ocean_header_custom_menu":"0","ocean_menu_typo_font_family":"0","ocean_menu_typo_font_subset":"","ocean_menu_typo_font_size":0,"ocean_menu_typo_font_size_tablet":0,"ocean_menu_typo_font_size_mobile":0,"ocean_menu_typo_font_size_unit":"px","ocean_menu_typo_font_weight":"","ocean_menu_typo_font_weight_tablet":"","ocean_menu_typo_font_weight_mobile":"","ocean_menu_typo_transform":"","ocean_menu_typo_transform_tablet":"","ocean_menu_typo_transform_mobile":"","ocean_menu_typo_line_height":0,"ocean_menu_typo_line_height_tablet":0,"ocean_menu_typo_line_height_mobile":0,"ocean_menu_typo_line_height_unit":"","ocean_menu_typo_spacing":0,"ocean_menu_typo_spacing_tablet":0,"ocean_menu_typo_spacing_mobile":0,"ocean_menu_typo_spacing_unit":"","ocean_menu_link_color":"","ocean_menu_link_color_hover":"","ocean_menu_link_color_active":"","ocean_menu_link_background":"","ocean_menu_link_hover_background":"","ocean_menu_link_active_background":"","ocean_menu_social_links_bg":"","ocean_menu_social_hover_links_bg":"","ocean_menu_social_links_color":"","ocean_menu_social_hover_links_color":"","ocean_disable_title":"default","ocean_disable_heading":"default","ocean_post_title":"","ocean_post_subheading":"","ocean_post_title_style":"","ocean_post_title_background_color":"","ocean_post_title_background":0,"ocean_post_title_bg_image_position":"","ocean_post_title_bg_image_attachment":"","ocean_post_title_bg_image_repeat":"","ocean_post_title_bg_image_size":"","ocean_post_title_height":0,"ocean_post_title_bg_overlay":0.5,"ocean_post_title_bg_overlay_color":"","ocean_disable_breadcrumbs":"default","ocean_breadcrumbs_color":"","ocean_breadcrumbs_separator_color":"","ocean_breadcrumbs_links_color":"","ocean_breadcrumbs_links_hover_color":"","ocean_display_footer_widgets":"default","ocean_display_footer_bottom":"default","ocean_custom_footer_template":"0"},"product_brand":[],"product_cat":[16,156,21],"product_tag":[],"class_list":{"0":"post-23720","1":"product","2":"type-product","3":"status-publish","4":"has-post-thumbnail","6":"product_cat-melli4dogs-artikel","7":"product_cat-food-and-treats","8":"product_cat-trainings-zubehoer","10":"entry","11":"has-media","13":"first","14":"instock","15":"sale","16":"taxable","17":"shipping-taxable","18":"purchasable","19":"product-type-variable","20":"has-product-nav","21":"col","22":"span_1_of_3","23":"owp-content-center","24":"owp-thumbs-layout-horizontal","25":"owp-btn-normal","26":"owp-tabs-layout-horizontal"},"jetpack_sharing_enabled":true,"_links":{"self":[{"href":"https:\/\/www.melli4dogs.com\/shop\/wp-json\/wp\/v2\/product\/23720","targetHints":{"allow":["GET"]}}],"collection":[{"href":"https:\/\/www.melli4dogs.com\/shop\/wp-json\/wp\/v2\/product"}],"about":[{"href":"https:\/\/www.melli4dogs.com\/shop\/wp-json\/wp\/v2\/types\/product"}],"version-history":[{"count":90,"href":"https:\/\/www.melli4dogs.com\/shop\/wp-json\/wp\/v2\/product\/23720\/revisions"}],"predecessor-version":[{"id":26001,"href":"https:\/\/www.melli4dogs.com\/shop\/wp-json\/wp\/v2\/product\/23720\/revisions\/26001"}],"wp:featuredmedia":[{"embeddable":true,"href":"https:\/\/www.melli4dogs.com\/shop\/wp-json\/wp\/v2\/media\/26185"}],"wp:attachment":[{"href":"https:\/\/www.melli4dogs.com\/shop\/wp-json\/wp\/v2\/media?parent=23720"}],"wp:term":[{"taxonomy":"product_brand","embeddable":true,"href":"https:\/\/www.melli4dogs.com\/shop\/wp-json\/wp\/v2\/product_brand?post=23720"},{"taxonomy":"product_cat","embeddable":true,"href":"https:\/\/www.melli4dogs.com\/shop\/wp-json\/wp\/v2\/product_cat?post=23720"},{"taxonomy":"product_tag","embeddable":true,"href":"https:\/\/www.melli4dogs.com\/shop\/wp-json\/wp\/v2\/product_tag?post=23720"}],"curies":[{"name":"wp","href":"https:\/\/api.w.org\/{rel}","templated":true}]}}