{"id":23791,"date":"2025-09-16T03:37:35","date_gmt":"2025-09-16T01:37:35","guid":{"rendered":"https:\/\/www.melli4dogs.com\/shop\/?post_type=product&#038;p=23791"},"modified":"2026-04-27T16:02:27","modified_gmt":"2026-04-27T14:02:27","slug":"futterbeutel-aus-abwaschbarer-lkw-plane","status":"publish","type":"product","link":"https:\/\/www.melli4dogs.com\/shop\/produkt\/futterbeutel-aus-abwaschbarer-lkw-plane\/","title":{"rendered":"Futterbeutel abwaschbar"},"content":{"rendered":"\t\t<div data-elementor-type=\"product-post\" data-elementor-id=\"23791\" class=\"elementor elementor-23791\" data-elementor-post-type=\"product\">\n\t\t\t\t\t\t<section class=\"elementor-section elementor-top-section elementor-element elementor-element-75c8192 elementor-section-boxed elementor-section-height-default elementor-section-height-default\" data-id=\"75c8192\" data-element_type=\"section\" data-e-type=\"section\">\n\t\t\t\t\t\t<div class=\"elementor-container elementor-column-gap-default\">\n\t\t\t\t\t<div class=\"elementor-column elementor-col-100 elementor-top-column elementor-element elementor-element-53540ecd\" data-id=\"53540ecd\" data-element_type=\"column\" data-e-type=\"column\">\n\t\t\t<div class=\"elementor-widget-wrap elementor-element-populated\">\n\t\t\t\t\t\t<div class=\"elementor-element elementor-element-3113af8f elementor-widget elementor-widget-text-editor\" data-id=\"3113af8f\" data-element_type=\"widget\" data-e-type=\"widget\" data-widget_type=\"text-editor.default\">\n\t\t\t\t<div class=\"elementor-widget-container\">\n\t\t\t\t\t\t\t\t\t<p data-start=\"117\" data-end=\"168\"><strong data-start=\"117\" data-end=\"166\">\ud83d\udc3e Die perfekte Tasche f\u00fcr deine <a href=\"https:\/\/www.melli4dogs.com\/shop\/produkt\/mellis-schlecktube-vorbestellung\/\">SCHLECKTUBE<\/a>!<\/strong><\/p>\n<p data-start=\"170\" data-end=\"286\">Unser <strong>neuer Futterbeutel,<\/strong> aus abwaschbarer <strong data-start=\"240\" data-end=\"253\">LKW-Plane,<\/strong> ist der kleine Bruder der beliebten Melli4Dogs Futtertasche \u2013 perfekt als leichte Trainingstasche und praktischer Begleiter im Alltag.<\/p>\n<p data-start=\"288\" data-end=\"417\">\u2728 <strong data-start=\"290\" data-end=\"351\">Schluss mit ranzigen Stofftaschen und Flecken auf der Kleidung!<\/strong><br data-start=\"351\" data-end=\"354\">Dank meines bew\u00e4hrten und langlebigen Material aus LKW-Plane bleibt alles sauber und hygienisch.<\/p>\n<p data-start=\"419\" data-end=\"438\"><strong data-start=\"419\" data-end=\"436\">\u2705 Highlights:<\/strong><\/p>\n<ul data-start=\"439\" data-end=\"983\">\n<li data-start=\"439\" data-end=\"523\">\n<p data-start=\"441\" data-end=\"523\">\ud83d\udcaa <strong data-start=\"444\" data-end=\"464\">Robust &amp; abwaschbar:<\/strong> Aus LKW-Plane gefertigt \u2013 abwaschbar und wetterfest<\/p>\n<\/li>\n<li data-start=\"524\" data-end=\"661\">\n<p data-start=\"526\" data-end=\"557\">\ud83c\udfaf <strong data-start=\"529\" data-end=\"555\">Praktische Aufteilung:<\/strong><\/p>\n<ul data-start=\"560\" data-end=\"661\">\n<li data-start=\"560\" data-end=\"615\">\n<p data-start=\"562\" data-end=\"615\">2 Innenf\u00e4cher f\u00fcr unterschiedliche Futterqualit\u00e4ten<\/p>\n<\/li>\n<li data-start=\"618\" data-end=\"661\">\n<p data-start=\"620\" data-end=\"661\">1 kleines Au\u00dfenfach mit Klettverschluss<\/p>\n<\/li>\n<\/ul>\n<\/li>\n<li data-start=\"662\" data-end=\"753\">\n<p data-start=\"664\" data-end=\"753\">\ud83d\udd11 <strong data-start=\"667\" data-end=\"690\">Integrierter Haken:<\/strong> F\u00fcr Autoschl\u00fcssel, Pupst\u00fctenhalter oder andere kleine Helfer<\/p>\n<\/li>\n<li data-start=\"662\" data-end=\"753\">\ud83e\uddf2 <strong data-start=\"747\" data-end=\"768\">2 starke Magnete:<\/strong> F\u00fcr optimales Handling und automatisches Schlie\u00dfen \u2013 kein nerviges Fummeln oder herausfallende Kekse mehr<\/li>\n<li data-start=\"754\" data-end=\"833\">\n<p data-start=\"756\" data-end=\"833\">\ud83e\udea2 <strong data-start=\"759\" data-end=\"786\">Neuer, dezenter G\u00fcrtel:<\/strong> 2,5 cm breit mit leichter Kunststoffschnalle<\/p>\n<\/li>\n<li data-start=\"834\" data-end=\"983\">\n<p data-start=\"836\" data-end=\"983\">\ud83c\udf92 <strong data-start=\"839\" data-end=\"863\">Flexibel einsetzbar:<\/strong> Perfekt als Futterbeutel und passend f\u00fcr unsere <strong data-start=\"891\" data-end=\"906\">SCHLECKTUBE<\/strong> \u2013 auch kompatibel mit dem breiten G\u00fcrtel meiner ersten <a href=\"https:\/\/www.melli4dogs.com\/shop\/produkt\/die-futtertasche\/\">Melli4Dogs Futtertasche<\/a><\/p>\n<\/li>\n<\/ul>\n<p data-start=\"985\" data-end=\"1009\"><strong data-start=\"985\" data-end=\"1007\">\ud83d\udccf Ma\u00dfe &amp; Gewicht:<\/strong><\/p>\n<ul data-start=\"1010\" data-end=\"1109\">\n<li data-start=\"1010\" data-end=\"1031\">\n<p data-start=\"1012\" data-end=\"1031\">Breite: ca. 16 cm<\/p>\n<\/li>\n<li data-start=\"1032\" data-end=\"1051\">\n<p data-start=\"1034\" data-end=\"1051\">H\u00f6he: ca. 17 cm<\/p>\n<\/li>\n<li data-start=\"1052\" data-end=\"1071\">\n<p data-start=\"1054\" data-end=\"1071\">Tiefe: ca. 7 cm<\/p>\n<\/li>\n<li data-start=\"1072\" data-end=\"1109\">\n<p data-start=\"1074\" data-end=\"1109\">Gewicht (inkl. G\u00fcrtel): ca. 210 g<\/p>\n<\/li>\n<\/ul>\n<p><\/p>\t\t\t\t\t\t\t\t<\/div>\n\t\t\t\t<\/div>\n\t\t\t\t\t<\/div>\n\t\t<\/div>\n\t\t\t\t\t<\/div>\n\t\t<\/section>\n\t\t\t\t<\/div>\n\t\t","protected":false},"excerpt":{"rendered":"<p data-start=\"133\" data-end=\"200\"><strong data-start=\"133\" data-end=\"198\">\ud83d\udc36 Der neue leichte Futterbeutel \u2013 perfekt f\u00fcr die Futtertube!<\/strong><\/p>\n<p data-start=\"392\" data-end=\"415\"><strong data-start=\"525\" data-end=\"555\">Warum du ihn lieben wirst:<\/strong><\/p>\n<ul data-start=\"558\" data-end=\"768\">\n<li data-start=\"558\" data-end=\"630\">\n<p data-start=\"560\" data-end=\"630\">\ud83e\udeb6 <strong data-start=\"563\" data-end=\"583\">Leicht &amp; robust:<\/strong> Ideal f\u00fcr unterwegs und extra leicht f\u00fcrs Training<\/p>\n<\/li>\n<li data-start=\"631\" data-end=\"694\">\n<p data-start=\"633\" data-end=\"694\">\ud83c\udfaf <strong data-start=\"636\" data-end=\"658\">Trainingstauglich:<\/strong> Alles schnell griffbereit und sicher verstaut<\/p>\n<\/li>\n<li data-start=\"695\" data-end=\"768\">\n<p data-start=\"697\" data-end=\"768\">\ud83c\udf92 <strong data-start=\"700\" data-end=\"720\">Alltagstauglich:<\/strong> Kompakt, pflegeleicht und immer einsatzbereit (G\u00fcrtel inklusive)<\/p>\n<\/li>\n<\/ul>\n","protected":false},"featured_media":24923,"template":"","meta":{"ocean_post_layout":"","ocean_both_sidebars_style":"","ocean_both_sidebars_content_width":0,"ocean_both_sidebars_sidebars_width":0,"ocean_sidebar":"0","ocean_second_sidebar":"0","ocean_disable_margins":"enable","ocean_add_body_class":"","ocean_shortcode_before_top_bar":"","ocean_shortcode_after_top_bar":"","ocean_shortcode_before_header":"","ocean_shortcode_after_header":"","ocean_has_shortcode":"","ocean_shortcode_after_title":"","ocean_shortcode_before_footer_widgets":"","ocean_shortcode_after_footer_widgets":"","ocean_shortcode_before_footer_bottom":"","ocean_shortcode_after_footer_bottom":"","ocean_display_top_bar":"default","ocean_display_header":"default","ocean_header_style":"","ocean_center_header_left_menu":"0","ocean_custom_header_template":"0","ocean_custom_logo":0,"ocean_custom_retina_logo":0,"ocean_custom_logo_max_width":0,"ocean_custom_logo_tablet_max_width":0,"ocean_custom_logo_mobile_max_width":0,"ocean_custom_logo_max_height":0,"ocean_custom_logo_tablet_max_height":0,"ocean_custom_logo_mobile_max_height":0,"ocean_header_custom_menu":"0","ocean_menu_typo_font_family":"0","ocean_menu_typo_font_subset":"","ocean_menu_typo_font_size":0,"ocean_menu_typo_font_size_tablet":0,"ocean_menu_typo_font_size_mobile":0,"ocean_menu_typo_font_size_unit":"px","ocean_menu_typo_font_weight":"","ocean_menu_typo_font_weight_tablet":"","ocean_menu_typo_font_weight_mobile":"","ocean_menu_typo_transform":"","ocean_menu_typo_transform_tablet":"","ocean_menu_typo_transform_mobile":"","ocean_menu_typo_line_height":0,"ocean_menu_typo_line_height_tablet":0,"ocean_menu_typo_line_height_mobile":0,"ocean_menu_typo_line_height_unit":"","ocean_menu_typo_spacing":0,"ocean_menu_typo_spacing_tablet":0,"ocean_menu_typo_spacing_mobile":0,"ocean_menu_typo_spacing_unit":"","ocean_menu_link_color":"","ocean_menu_link_color_hover":"","ocean_menu_link_color_active":"","ocean_menu_link_background":"","ocean_menu_link_hover_background":"","ocean_menu_link_active_background":"","ocean_menu_social_links_bg":"","ocean_menu_social_hover_links_bg":"","ocean_menu_social_links_color":"","ocean_menu_social_hover_links_color":"","ocean_disable_title":"default","ocean_disable_heading":"default","ocean_post_title":"","ocean_post_subheading":"","ocean_post_title_style":"","ocean_post_title_background_color":"","ocean_post_title_background":0,"ocean_post_title_bg_image_position":"","ocean_post_title_bg_image_attachment":"","ocean_post_title_bg_image_repeat":"","ocean_post_title_bg_image_size":"","ocean_post_title_height":0,"ocean_post_title_bg_overlay":0.5,"ocean_post_title_bg_overlay_color":"","ocean_disable_breadcrumbs":"default","ocean_breadcrumbs_color":"","ocean_breadcrumbs_separator_color":"","ocean_breadcrumbs_links_color":"","ocean_breadcrumbs_links_hover_color":"","ocean_display_footer_widgets":"default","ocean_display_footer_bottom":"default","ocean_custom_footer_template":"0"},"product_brand":[],"product_cat":[16,22,21],"product_tag":[],"class_list":{"0":"post-23791","1":"product","2":"type-product","3":"status-publish","4":"has-post-thumbnail","6":"product_cat-melli4dogs-artikel","7":"product_cat-leckerlies","8":"product_cat-trainings-zubehoer","10":"entry","11":"has-media","13":"first","14":"instock","15":"taxable","16":"shipping-taxable","17":"purchasable","18":"product-type-simple","19":"has-product-nav","20":"col","21":"span_1_of_3","22":"owp-content-center","23":"owp-thumbs-layout-horizontal","24":"owp-btn-normal","25":"owp-tabs-layout-horizontal"},"jetpack_sharing_enabled":true,"_links":{"self":[{"href":"https:\/\/www.melli4dogs.com\/shop\/wp-json\/wp\/v2\/product\/23791","targetHints":{"allow":["GET"]}}],"collection":[{"href":"https:\/\/www.melli4dogs.com\/shop\/wp-json\/wp\/v2\/product"}],"about":[{"href":"https:\/\/www.melli4dogs.com\/shop\/wp-json\/wp\/v2\/types\/product"}],"version-history":[{"count":27,"href":"https:\/\/www.melli4dogs.com\/shop\/wp-json\/wp\/v2\/product\/23791\/revisions"}],"predecessor-version":[{"id":26372,"href":"https:\/\/www.melli4dogs.com\/shop\/wp-json\/wp\/v2\/product\/23791\/revisions\/26372"}],"wp:featuredmedia":[{"embeddable":true,"href":"https:\/\/www.melli4dogs.com\/shop\/wp-json\/wp\/v2\/media\/24923"}],"wp:attachment":[{"href":"https:\/\/www.melli4dogs.com\/shop\/wp-json\/wp\/v2\/media?parent=23791"}],"wp:term":[{"taxonomy":"product_brand","embeddable":true,"href":"https:\/\/www.melli4dogs.com\/shop\/wp-json\/wp\/v2\/product_brand?post=23791"},{"taxonomy":"product_cat","embeddable":true,"href":"https:\/\/www.melli4dogs.com\/shop\/wp-json\/wp\/v2\/product_cat?post=23791"},{"taxonomy":"product_tag","embeddable":true,"href":"https:\/\/www.melli4dogs.com\/shop\/wp-json\/wp\/v2\/product_tag?post=23791"}],"curies":[{"name":"wp","href":"https:\/\/api.w.org\/{rel}","templated":true}]}}