{"id":25707,"date":"2026-03-06T03:50:56","date_gmt":"2026-03-06T02:50:56","guid":{"rendered":"https:\/\/www.melli4dogs.com\/shop\/?post_type=product&#038;p=25707"},"modified":"2026-04-10T00:14:30","modified_gmt":"2026-04-09T22:14:30","slug":"trainingsleine","status":"publish","type":"product","link":"https:\/\/www.melli4dogs.com\/shop\/produkt\/trainingsleine\/","title":{"rendered":"Trainingsleine"},"content":{"rendered":"<p data-start=\"326\" data-end=\"473\">ENDLICH! \ud83c\udf89<br data-start=\"337\" data-end=\"340\" \/>Wer genauso unter der jahrelangen Durststrecke an wirklich guten Trainingsleinen gelitten hat wie ich, darf jetzt mit mir feiern! \ud83d\udc3e<\/p>\n<p data-start=\"475\" data-end=\"674\">Seit Clix keine Trainings- bzw. Hausleinen mehr herstellt, habe ich wirklich alles getestet, was der Markt hergibt. Und wirklich Nichts kam an das Material meiner fr\u00fcheren Lieblingsleinen heran.<\/p>\n<p data-start=\"676\" data-end=\"688\">Bis jetzt. \u2728<\/p>\n<p data-start=\"690\" data-end=\"820\">Nach unendlich langer Suche habe ich genau dieses Material wiedergefunden \u2013 und sogar in noch sch\u00f6neren Farben! \ud83d\udc99\ud83d\udc97\ud83d\udc9a<br data-start=\"806\" data-end=\"809\" \/>Und tadaaa\u2026<\/p>\n<p data-start=\"822\" data-end=\"883\">Hier sind sie:<br data-start=\"836\" data-end=\"839\" \/>Die brandneuen Melli4Dogs Trainingsleinen \ud83d\udc15<\/p>\n<p data-start=\"885\" data-end=\"934\">Warum so eine Leine mein pers\u00f6nlicher Wohlf\u00fchl-Faktor im Training ist?<\/p>\n<p data-start=\"936\" data-end=\"1193\">Ich liebe dieses Gef\u00fchl, mit dem Hund schon wie ohne Leine zu arbeiten und trotzdem die Sicherheit zu haben, diese Leine jederzeit als Backup zu haben. Gerade im \u00dcbergang vom Training an der Leine zum Training ohne Leine ist das f\u00fcr mich einfach unbezahlbar. \u2b50<\/p>\n<p data-start=\"1195\" data-end=\"1278\">Die Leine ist<br data-start=\"1208\" data-end=\"1211\" \/>\u2714 2,5 m lang<br data-start=\"1223\" data-end=\"1226\" \/>\u2714 1 cm schmal<br data-start=\"1239\" data-end=\"1242\" \/>\u2714 aus glattem, festem Gurtmaterial<br \/>\n\u2714 mit gerade einmal 60 Gramm wirklich superleicht<\/p>\n<p data-start=\"1280\" data-end=\"1463\">Das Material gleitet super \u00fcber Ger\u00e4te im Training, bleibt kaum h\u00e4ngen und ist gleichzeitig enorm robust und stabil. Perfekt also f\u00fcr den zuverl\u00e4ssigen, t\u00e4glichen Einsatz mit unserem Hund. \ud83d\udc3e<\/p>\n<p data-start=\"1465\" data-end=\"1619\">Ganz bewusst ohne Handschlaufe &#8211; daf\u00fcr mit einer kleinen Schlaufe am Ende, mit der du die Leine schnell an einem zus\u00e4tzlichen Karabiner befestigen kannst.<\/p>\n<p data-start=\"1621\" data-end=\"1715\">Schlicht. Funktional. Stabil.<br data-start=\"1650\" data-end=\"1653\" \/>Genau so, wie eine richtig gute Trainingsleine sein muss. \ud83d\udcaa\ud83d\udc15<br \/>\nIch bin jetzt schon gespannt, welche Farbe euch am besten gef\u00e4llt.<\/p>\n","protected":false},"excerpt":{"rendered":"<p>ENDLICH! \ud83c\udf89Wer genauso unter der jahrelangen Durststrecke an wirklich guten Trainingsleinen gelitten hat wie ich, darf jetzt mit mir feiern! \ud83d\udc3e Seit Clix keine Trainings- bzw. Hausleinen mehr herstellt, habe ich wirklich alles getestet, was der Markt hergibt. Und wirklich Nichts kam an das Material meiner fr\u00fcheren Lieblingsleinen heran. Bis jetzt. \u2728 Nach unendlich langer [&hellip;]<\/p>\n","protected":false},"featured_media":25909,"template":"","meta":{"ocean_post_layout":"","ocean_both_sidebars_style":"","ocean_both_sidebars_content_width":0,"ocean_both_sidebars_sidebars_width":0,"ocean_sidebar":"0","ocean_second_sidebar":"0","ocean_disable_margins":"enable","ocean_add_body_class":"","ocean_shortcode_before_top_bar":"","ocean_shortcode_after_top_bar":"","ocean_shortcode_before_header":"","ocean_shortcode_after_header":"","ocean_has_shortcode":"","ocean_shortcode_after_title":"","ocean_shortcode_before_footer_widgets":"","ocean_shortcode_after_footer_widgets":"","ocean_shortcode_before_footer_bottom":"","ocean_shortcode_after_footer_bottom":"","ocean_display_top_bar":"default","ocean_display_header":"default","ocean_header_style":"","ocean_center_header_left_menu":"0","ocean_custom_header_template":"0","ocean_custom_logo":0,"ocean_custom_retina_logo":0,"ocean_custom_logo_max_width":0,"ocean_custom_logo_tablet_max_width":0,"ocean_custom_logo_mobile_max_width":0,"ocean_custom_logo_max_height":0,"ocean_custom_logo_tablet_max_height":0,"ocean_custom_logo_mobile_max_height":0,"ocean_header_custom_menu":"0","ocean_menu_typo_font_family":"0","ocean_menu_typo_font_subset":"","ocean_menu_typo_font_size":0,"ocean_menu_typo_font_size_tablet":0,"ocean_menu_typo_font_size_mobile":0,"ocean_menu_typo_font_size_unit":"px","ocean_menu_typo_font_weight":"","ocean_menu_typo_font_weight_tablet":"","ocean_menu_typo_font_weight_mobile":"","ocean_menu_typo_transform":"","ocean_menu_typo_transform_tablet":"","ocean_menu_typo_transform_mobile":"","ocean_menu_typo_line_height":0,"ocean_menu_typo_line_height_tablet":0,"ocean_menu_typo_line_height_mobile":0,"ocean_menu_typo_line_height_unit":"","ocean_menu_typo_spacing":0,"ocean_menu_typo_spacing_tablet":0,"ocean_menu_typo_spacing_mobile":0,"ocean_menu_typo_spacing_unit":"","ocean_menu_link_color":"","ocean_menu_link_color_hover":"","ocean_menu_link_color_active":"","ocean_menu_link_background":"","ocean_menu_link_hover_background":"","ocean_menu_link_active_background":"","ocean_menu_social_links_bg":"","ocean_menu_social_hover_links_bg":"","ocean_menu_social_links_color":"","ocean_menu_social_hover_links_color":"","ocean_disable_title":"default","ocean_disable_heading":"default","ocean_post_title":"","ocean_post_subheading":"","ocean_post_title_style":"","ocean_post_title_background_color":"","ocean_post_title_background":0,"ocean_post_title_bg_image_position":"","ocean_post_title_bg_image_attachment":"","ocean_post_title_bg_image_repeat":"","ocean_post_title_bg_image_size":"","ocean_post_title_height":0,"ocean_post_title_bg_overlay":0.5,"ocean_post_title_bg_overlay_color":"","ocean_disable_breadcrumbs":"default","ocean_breadcrumbs_color":"","ocean_breadcrumbs_separator_color":"","ocean_breadcrumbs_links_color":"","ocean_breadcrumbs_links_hover_color":"","ocean_display_footer_widgets":"default","ocean_display_footer_bottom":"default","ocean_custom_footer_template":"0"},"product_brand":[],"product_cat":[16,21],"product_tag":[],"class_list":{"0":"post-25707","1":"product","2":"type-product","3":"status-publish","4":"has-post-thumbnail","6":"product_cat-melli4dogs-artikel","7":"product_cat-trainings-zubehoer","8":"pa_color-petrol","9":"pa_color-tuerkis","10":"pa_color-berry","11":"pa_color-schwarz-2","13":"entry","14":"has-media","16":"first","17":"instock","18":"sale","19":"taxable","20":"shipping-taxable","21":"purchasable","22":"product-type-variable","23":"has-product-nav","24":"col","25":"span_1_of_3","26":"owp-content-center","27":"owp-thumbs-layout-horizontal","28":"owp-btn-normal","29":"owp-tabs-layout-horizontal"},"jetpack_sharing_enabled":true,"_links":{"self":[{"href":"https:\/\/www.melli4dogs.com\/shop\/wp-json\/wp\/v2\/product\/25707","targetHints":{"allow":["GET"]}}],"collection":[{"href":"https:\/\/www.melli4dogs.com\/shop\/wp-json\/wp\/v2\/product"}],"about":[{"href":"https:\/\/www.melli4dogs.com\/shop\/wp-json\/wp\/v2\/types\/product"}],"version-history":[{"count":4,"href":"https:\/\/www.melli4dogs.com\/shop\/wp-json\/wp\/v2\/product\/25707\/revisions"}],"predecessor-version":[{"id":25716,"href":"https:\/\/www.melli4dogs.com\/shop\/wp-json\/wp\/v2\/product\/25707\/revisions\/25716"}],"wp:featuredmedia":[{"embeddable":true,"href":"https:\/\/www.melli4dogs.com\/shop\/wp-json\/wp\/v2\/media\/25909"}],"wp:attachment":[{"href":"https:\/\/www.melli4dogs.com\/shop\/wp-json\/wp\/v2\/media?parent=25707"}],"wp:term":[{"taxonomy":"product_brand","embeddable":true,"href":"https:\/\/www.melli4dogs.com\/shop\/wp-json\/wp\/v2\/product_brand?post=25707"},{"taxonomy":"product_cat","embeddable":true,"href":"https:\/\/www.melli4dogs.com\/shop\/wp-json\/wp\/v2\/product_cat?post=25707"},{"taxonomy":"product_tag","embeddable":true,"href":"https:\/\/www.melli4dogs.com\/shop\/wp-json\/wp\/v2\/product_tag?post=25707"}],"curies":[{"name":"wp","href":"https:\/\/api.w.org\/{rel}","templated":true}]}}