{"id":25920,"date":"2026-03-24T00:40:34","date_gmt":"2026-03-23T23:40:34","guid":{"rendered":"https:\/\/www.melli4dogs.com\/shop\/?post_type=product&#038;p=25920"},"modified":"2026-04-25T10:18:44","modified_gmt":"2026-04-25T08:18:44","slug":"chips-4-dogs","status":"publish","type":"product","link":"https:\/\/www.melli4dogs.com\/shop\/produkt\/chips-4-dogs\/","title":{"rendered":"Chips 4 Dogs"},"content":{"rendered":"<p data-start=\"125\" data-end=\"172\">Die Teile sind total cool! \ud83d\ude02<\/p>\n<p data-start=\"174\" data-end=\"385\">Die sehen aus wie kleine Snackt\u00fcten\u2026 das Knistern und den kleinen Squeeker im Inneren finden meine Hunde richtig klasse.<\/p>\n<p data-start=\"387\" data-end=\"599\">Sobald dein Hund reinbei\u00dft, knistert es, es quietscht und h\u00e4lt die Hunde so lange wirklich lange bei Laune.<\/p>\n<p data-start=\"601\" data-end=\"732\">Das ist kein Spielzeug, das nach zwei Minuten irgendwo rumliegt.<br data-start=\"665\" data-end=\"668\" \/>Das ist so ein Ding, wo du merkst: der meint das gerade ernst \ud83d\ude04 Tika muss ich es auch wieder wegnehmen, sonst ist die T\u00fcre leer, wenn ich wieder nach Hause komme&#8230; \ud83d\ude02<\/p>\n<p data-start=\"734\" data-end=\"925\">Ich liebe es f\u00fcr zwischendurch, wenn du schnell Motivation brauchst oder einfach gemeinsam ein bisschen Quatsch machen willst.<br data-start=\"870\" data-end=\"873\" \/>Und es macht einfach Spa\u00df zuzuschauen, wie die Hunde sich mit der Snack-T\u00fcte vergn\u00fcgen.<\/p>\n<p data-start=\"927\" data-end=\"1026\">Wenn dein Hund auf Ger\u00e4usche und Action steht, wirst du damit ziemlich sicher ins Schwarze treffen.<\/p>\n<p data-start=\"1028\" data-end=\"1046\" data-is-last-node=\"\" data-is-only-node=\"\">Viel Spa\u00df damit \ud83d\ude04<\/p>\n","protected":false},"excerpt":{"rendered":"<p>Die Teile sind total cool! \ud83d\ude02 Die sehen aus wie kleine Snackt\u00fcten\u2026 das Knistern und den kleinen Squeeker im Inneren finden meine Hunde richtig klasse. Sobald dein Hund reinbei\u00dft, knistert es, es quietscht und h\u00e4lt die Hunde so lange wirklich lange bei Laune. Das ist kein Spielzeug, das nach zwei Minuten irgendwo rumliegt.Das ist so [&hellip;]<\/p>\n","protected":false},"featured_media":25922,"template":"","meta":{"ocean_post_layout":"","ocean_both_sidebars_style":"","ocean_both_sidebars_content_width":0,"ocean_both_sidebars_sidebars_width":0,"ocean_sidebar":"0","ocean_second_sidebar":"0","ocean_disable_margins":"enable","ocean_add_body_class":"","ocean_shortcode_before_top_bar":"","ocean_shortcode_after_top_bar":"","ocean_shortcode_before_header":"","ocean_shortcode_after_header":"","ocean_has_shortcode":"","ocean_shortcode_after_title":"","ocean_shortcode_before_footer_widgets":"","ocean_shortcode_after_footer_widgets":"","ocean_shortcode_before_footer_bottom":"","ocean_shortcode_after_footer_bottom":"","ocean_display_top_bar":"default","ocean_display_header":"default","ocean_header_style":"","ocean_center_header_left_menu":"0","ocean_custom_header_template":"0","ocean_custom_logo":0,"ocean_custom_retina_logo":0,"ocean_custom_logo_max_width":0,"ocean_custom_logo_tablet_max_width":0,"ocean_custom_logo_mobile_max_width":0,"ocean_custom_logo_max_height":0,"ocean_custom_logo_tablet_max_height":0,"ocean_custom_logo_mobile_max_height":0,"ocean_header_custom_menu":"0","ocean_menu_typo_font_family":"0","ocean_menu_typo_font_subset":"","ocean_menu_typo_font_size":0,"ocean_menu_typo_font_size_tablet":0,"ocean_menu_typo_font_size_mobile":0,"ocean_menu_typo_font_size_unit":"px","ocean_menu_typo_font_weight":"","ocean_menu_typo_font_weight_tablet":"","ocean_menu_typo_font_weight_mobile":"","ocean_menu_typo_transform":"","ocean_menu_typo_transform_tablet":"","ocean_menu_typo_transform_mobile":"","ocean_menu_typo_line_height":0,"ocean_menu_typo_line_height_tablet":0,"ocean_menu_typo_line_height_mobile":0,"ocean_menu_typo_line_height_unit":"","ocean_menu_typo_spacing":0,"ocean_menu_typo_spacing_tablet":0,"ocean_menu_typo_spacing_mobile":0,"ocean_menu_typo_spacing_unit":"","ocean_menu_link_color":"","ocean_menu_link_color_hover":"","ocean_menu_link_color_active":"","ocean_menu_link_background":"","ocean_menu_link_hover_background":"","ocean_menu_link_active_background":"","ocean_menu_social_links_bg":"","ocean_menu_social_hover_links_bg":"","ocean_menu_social_links_color":"","ocean_menu_social_hover_links_color":"","ocean_disable_title":"default","ocean_disable_heading":"default","ocean_post_title":"","ocean_post_subheading":"","ocean_post_title_style":"","ocean_post_title_background_color":"","ocean_post_title_background":0,"ocean_post_title_bg_image_position":"","ocean_post_title_bg_image_attachment":"","ocean_post_title_bg_image_repeat":"","ocean_post_title_bg_image_size":"","ocean_post_title_height":0,"ocean_post_title_bg_overlay":0.5,"ocean_post_title_bg_overlay_color":"","ocean_disable_breadcrumbs":"default","ocean_breadcrumbs_color":"","ocean_breadcrumbs_separator_color":"","ocean_breadcrumbs_links_color":"","ocean_breadcrumbs_links_hover_color":"","ocean_display_footer_widgets":"default","ocean_display_footer_bottom":"default","ocean_custom_footer_template":"0"},"product_brand":[],"product_cat":[18],"product_tag":[],"class_list":{"0":"post-25920","1":"product","2":"type-product","3":"status-publish","4":"has-post-thumbnail","6":"product_cat-spielzeug","8":"entry","9":"has-media","11":"first","12":"instock","13":"taxable","14":"shipping-taxable","15":"purchasable","16":"product-type-variable","17":"has-product-nav","18":"col","19":"span_1_of_3","20":"owp-content-center","21":"owp-thumbs-layout-horizontal","22":"owp-btn-normal","23":"owp-tabs-layout-horizontal"},"jetpack_sharing_enabled":true,"_links":{"self":[{"href":"https:\/\/www.melli4dogs.com\/shop\/wp-json\/wp\/v2\/product\/25920","targetHints":{"allow":["GET"]}}],"collection":[{"href":"https:\/\/www.melli4dogs.com\/shop\/wp-json\/wp\/v2\/product"}],"about":[{"href":"https:\/\/www.melli4dogs.com\/shop\/wp-json\/wp\/v2\/types\/product"}],"version-history":[{"count":3,"href":"https:\/\/www.melli4dogs.com\/shop\/wp-json\/wp\/v2\/product\/25920\/revisions"}],"predecessor-version":[{"id":25937,"href":"https:\/\/www.melli4dogs.com\/shop\/wp-json\/wp\/v2\/product\/25920\/revisions\/25937"}],"wp:featuredmedia":[{"embeddable":true,"href":"https:\/\/www.melli4dogs.com\/shop\/wp-json\/wp\/v2\/media\/25922"}],"wp:attachment":[{"href":"https:\/\/www.melli4dogs.com\/shop\/wp-json\/wp\/v2\/media?parent=25920"}],"wp:term":[{"taxonomy":"product_brand","embeddable":true,"href":"https:\/\/www.melli4dogs.com\/shop\/wp-json\/wp\/v2\/product_brand?post=25920"},{"taxonomy":"product_cat","embeddable":true,"href":"https:\/\/www.melli4dogs.com\/shop\/wp-json\/wp\/v2\/product_cat?post=25920"},{"taxonomy":"product_tag","embeddable":true,"href":"https:\/\/www.melli4dogs.com\/shop\/wp-json\/wp\/v2\/product_tag?post=25920"}],"curies":[{"name":"wp","href":"https:\/\/api.w.org\/{rel}","templated":true}]}}