{"id":25938,"date":"2026-03-24T01:34:20","date_gmt":"2026-03-24T00:34:20","guid":{"rendered":"https:\/\/www.melli4dogs.com\/shop\/?post_type=product&#038;p=25938"},"modified":"2026-05-06T05:43:55","modified_gmt":"2026-05-06T03:43:55","slug":"lotus-schlecki","status":"publish","type":"product","link":"https:\/\/www.melli4dogs.com\/shop\/produkt\/lotus-schlecki\/","title":{"rendered":"Lotus Schlecki"},"content":{"rendered":"<h3 title=\"Niedlicher Katzen-Fressnapf in Fassform, Silikon-Blumen-Leckmatte f\u00fcr Welpen zur Besch\u00e4ftigung\" data-spm-anchor-id=\"a2700.details.0.i109.3031651e21gYN0\"><span dir=\"auto\">Silikon-Lotus-Schlecknapf<br \/>\n<\/span><\/h3>\n<p title=\"Niedlicher Katzen-Fressnapf in Fassform, Silikon-Blumen-Leckmatte f\u00fcr Welpen zur Besch\u00e4ftigung\" data-spm-anchor-id=\"a2700.details.0.i109.3031651e21gYN0\">Rutschfest auf glatten Unterfl\u00e4chen, da der Boden wie ein Saugnapf funktioniert. Das Anbringen an glatten W\u00e4nden (Fliesen, Spiegel oder Glas) klappt richtig gut, was es f\u00fcr mich besonders genial macht, da ich es so zB auch in der Dusche einsetzen kann.<\/p>\n<p title=\"Niedlicher Katzen-Fressnapf in Fassform, Silikon-Blumen-Leckmatte f\u00fcr Welpen zur Besch\u00e4ftigung\" data-spm-anchor-id=\"a2700.details.0.i109.3031651e21gYN0\">Das langlebige, lebensmittelechte Silikon-Material ist auch f\u00fcr den Gefrierschrank und den Geschirrsp\u00fcler geeignet. Also tolle Snack-M\u00f6glichkeiten auch f\u00fcr kreative Eis-Variationen in der Sommerzeit.<\/p>\n<p title=\"Niedlicher Katzen-Fressnapf in Fassform, Silikon-Blumen-Leckmatte f\u00fcr Welpen zur Besch\u00e4ftigung\" data-spm-anchor-id=\"a2700.details.0.i109.3031651e21gYN0\">Langes Schlecken beruhigt und macht den Slow-Feeder so auch zu einer tollen M\u00f6glichkeit um unterwegs f\u00fcr Entspannung zu sorgen. Mit der neuen Futtertube ist das ganze \u00fcbrigens ruck zuck und ohne Schweinkram oder Besteck bef\u00fcllt.<\/p>\n<p title=\"Niedlicher Katzen-Fressnapf in Fassform, Silikon-Blumen-Leckmatte f\u00fcr Welpen zur Besch\u00e4ftigung\" data-spm-anchor-id=\"a2700.details.0.i109.3031651e21gYN0\">Durch die angenehme Gr\u00f6\u00dfe und Form, sind die Hunde damit wirklich lange und gut besch\u00e4ftigt.<\/p>\n<p title=\"Niedlicher Katzen-Fressnapf in Fassform, Silikon-Blumen-Leckmatte f\u00fcr Welpen zur Besch\u00e4ftigung\" data-spm-anchor-id=\"a2700.details.0.i109.3031651e21gYN0\">Ich bin gespannt auf deinen Erfahrungsbericht.<\/p>\n","protected":false},"excerpt":{"rendered":"<p>Silikon-Lotus-Schlecknapf Rutschfest auf glatten Unterfl\u00e4chen, da der Boden wie ein Saugnapf funktioniert. Das Anbringen an glatten W\u00e4nden (Fliesen, Spiegel oder Glas) klappt richtig gut, was es f\u00fcr mich besonders genial macht, da ich es so zB auch in der Dusche einsetzen kann. Das langlebige, lebensmittelechte Silikon-Material ist auch f\u00fcr den Gefrierschrank und den Geschirrsp\u00fcler geeignet. [&hellip;]<\/p>\n","protected":false},"featured_media":25939,"template":"","meta":{"ocean_post_layout":"","ocean_both_sidebars_style":"","ocean_both_sidebars_content_width":0,"ocean_both_sidebars_sidebars_width":0,"ocean_sidebar":"0","ocean_second_sidebar":"0","ocean_disable_margins":"enable","ocean_add_body_class":"","ocean_shortcode_before_top_bar":"","ocean_shortcode_after_top_bar":"","ocean_shortcode_before_header":"","ocean_shortcode_after_header":"","ocean_has_shortcode":"","ocean_shortcode_after_title":"","ocean_shortcode_before_footer_widgets":"","ocean_shortcode_after_footer_widgets":"","ocean_shortcode_before_footer_bottom":"","ocean_shortcode_after_footer_bottom":"","ocean_display_top_bar":"default","ocean_display_header":"default","ocean_header_style":"","ocean_center_header_left_menu":"0","ocean_custom_header_template":"0","ocean_custom_logo":0,"ocean_custom_retina_logo":0,"ocean_custom_logo_max_width":0,"ocean_custom_logo_tablet_max_width":0,"ocean_custom_logo_mobile_max_width":0,"ocean_custom_logo_max_height":0,"ocean_custom_logo_tablet_max_height":0,"ocean_custom_logo_mobile_max_height":0,"ocean_header_custom_menu":"0","ocean_menu_typo_font_family":"0","ocean_menu_typo_font_subset":"","ocean_menu_typo_font_size":0,"ocean_menu_typo_font_size_tablet":0,"ocean_menu_typo_font_size_mobile":0,"ocean_menu_typo_font_size_unit":"px","ocean_menu_typo_font_weight":"","ocean_menu_typo_font_weight_tablet":"","ocean_menu_typo_font_weight_mobile":"","ocean_menu_typo_transform":"","ocean_menu_typo_transform_tablet":"","ocean_menu_typo_transform_mobile":"","ocean_menu_typo_line_height":0,"ocean_menu_typo_line_height_tablet":0,"ocean_menu_typo_line_height_mobile":0,"ocean_menu_typo_line_height_unit":"","ocean_menu_typo_spacing":0,"ocean_menu_typo_spacing_tablet":0,"ocean_menu_typo_spacing_mobile":0,"ocean_menu_typo_spacing_unit":"","ocean_menu_link_color":"","ocean_menu_link_color_hover":"","ocean_menu_link_color_active":"","ocean_menu_link_background":"","ocean_menu_link_hover_background":"","ocean_menu_link_active_background":"","ocean_menu_social_links_bg":"","ocean_menu_social_hover_links_bg":"","ocean_menu_social_links_color":"","ocean_menu_social_hover_links_color":"","ocean_disable_title":"default","ocean_disable_heading":"default","ocean_post_title":"","ocean_post_subheading":"","ocean_post_title_style":"","ocean_post_title_background_color":"","ocean_post_title_background":0,"ocean_post_title_bg_image_position":"","ocean_post_title_bg_image_attachment":"","ocean_post_title_bg_image_repeat":"","ocean_post_title_bg_image_size":"","ocean_post_title_height":0,"ocean_post_title_bg_overlay":0.5,"ocean_post_title_bg_overlay_color":"","ocean_disable_breadcrumbs":"default","ocean_breadcrumbs_color":"","ocean_breadcrumbs_separator_color":"","ocean_breadcrumbs_links_color":"","ocean_breadcrumbs_links_hover_color":"","ocean_display_footer_widgets":"default","ocean_display_footer_bottom":"default","ocean_custom_footer_template":"0"},"product_brand":[],"product_cat":[22,21],"product_tag":[],"class_list":{"0":"post-25938","1":"product","2":"type-product","3":"status-publish","4":"has-post-thumbnail","6":"product_cat-leckerlies","7":"product_cat-trainings-zubehoer","8":"pa_color-gruen","9":"pa_color-flieder","11":"entry","12":"has-media","14":"first","15":"instock","16":"taxable","17":"shipping-taxable","18":"purchasable","19":"product-type-variable","20":"has-product-nav","21":"col","22":"span_1_of_3","23":"owp-content-center","24":"owp-thumbs-layout-horizontal","25":"owp-btn-normal","26":"owp-tabs-layout-horizontal"},"jetpack_sharing_enabled":true,"_links":{"self":[{"href":"https:\/\/www.melli4dogs.com\/shop\/wp-json\/wp\/v2\/product\/25938","targetHints":{"allow":["GET"]}}],"collection":[{"href":"https:\/\/www.melli4dogs.com\/shop\/wp-json\/wp\/v2\/product"}],"about":[{"href":"https:\/\/www.melli4dogs.com\/shop\/wp-json\/wp\/v2\/types\/product"}],"version-history":[{"count":2,"href":"https:\/\/www.melli4dogs.com\/shop\/wp-json\/wp\/v2\/product\/25938\/revisions"}],"predecessor-version":[{"id":26027,"href":"https:\/\/www.melli4dogs.com\/shop\/wp-json\/wp\/v2\/product\/25938\/revisions\/26027"}],"wp:featuredmedia":[{"embeddable":true,"href":"https:\/\/www.melli4dogs.com\/shop\/wp-json\/wp\/v2\/media\/25939"}],"wp:attachment":[{"href":"https:\/\/www.melli4dogs.com\/shop\/wp-json\/wp\/v2\/media?parent=25938"}],"wp:term":[{"taxonomy":"product_brand","embeddable":true,"href":"https:\/\/www.melli4dogs.com\/shop\/wp-json\/wp\/v2\/product_brand?post=25938"},{"taxonomy":"product_cat","embeddable":true,"href":"https:\/\/www.melli4dogs.com\/shop\/wp-json\/wp\/v2\/product_cat?post=25938"},{"taxonomy":"product_tag","embeddable":true,"href":"https:\/\/www.melli4dogs.com\/shop\/wp-json\/wp\/v2\/product_tag?post=25938"}],"curies":[{"name":"wp","href":"https:\/\/api.w.org\/{rel}","templated":true}]}}