{"id":349,"date":"2020-06-05T16:14:10","date_gmt":"2020-06-05T14:14:10","guid":{"rendered":"http:\/\/www.melli4dogs.com\/shop\/?post_type=product&#038;p=349"},"modified":"2026-04-23T21:29:54","modified_gmt":"2026-04-23T19:29:54","slug":"bodentarget","status":"publish","type":"product","link":"https:\/\/www.melli4dogs.com\/shop\/produkt\/bodentarget\/","title":{"rendered":"Bodentarget"},"content":{"rendered":"\t\t<div data-elementor-type=\"product-post\" data-elementor-id=\"349\" class=\"elementor elementor-349\" data-elementor-post-type=\"product\">\n\t\t\t\t\t\t<section class=\"elementor-section elementor-top-section elementor-element elementor-element-e040d9e elementor-section-boxed elementor-section-height-default elementor-section-height-default\" data-id=\"e040d9e\" data-element_type=\"section\" data-e-type=\"section\">\n\t\t\t\t\t\t<div class=\"elementor-container elementor-column-gap-default\">\n\t\t\t\t\t<div class=\"elementor-column elementor-col-100 elementor-top-column elementor-element elementor-element-3ec8ccf\" data-id=\"3ec8ccf\" data-element_type=\"column\" data-e-type=\"column\">\n\t\t\t<div class=\"elementor-widget-wrap elementor-element-populated\">\n\t\t\t\t\t\t<div class=\"elementor-element elementor-element-74e415f elementor-widget elementor-widget-global elementor-global-1139 elementor-widget-woocommerce-breadcrumb\" data-id=\"74e415f\" data-element_type=\"widget\" data-e-type=\"widget\" data-widget_type=\"woocommerce-breadcrumb.default\">\n\t\t\t\t<div class=\"elementor-widget-container\">\n\t\t\t\t\t<div class=\"site-breadcrumbs woocommerce-breadcrumbs clr position-under-title\">Startseite<\/div>\t\t\t\t<\/div>\n\t\t\t\t<\/div>\n\t\t\t\t\t<\/div>\n\t\t<\/div>\n\t\t\t\t\t<\/div>\n\t\t<\/section>\n\t\t\t\t<section class=\"elementor-section elementor-top-section elementor-element elementor-element-07739e1 elementor-section-boxed elementor-section-height-default elementor-section-height-default\" data-id=\"07739e1\" data-element_type=\"section\" data-e-type=\"section\">\n\t\t\t\t\t\t<div class=\"elementor-container elementor-column-gap-default\">\n\t\t\t\t\t<div class=\"elementor-column elementor-col-100 elementor-top-column elementor-element elementor-element-f1af886\" data-id=\"f1af886\" data-element_type=\"column\" data-e-type=\"column\">\n\t\t\t<div class=\"elementor-widget-wrap elementor-element-populated\">\n\t\t\t\t\t\t<div class=\"elementor-element elementor-element-d1b1b24 elementor-widget elementor-widget-text-editor\" data-id=\"d1b1b24\" data-element_type=\"widget\" data-e-type=\"widget\" data-widget_type=\"text-editor.default\">\n\t\t\t\t<div class=\"elementor-widget-container\">\n\t\t\t\t\t\t\t\t\t<p><strong>Boden-Target<\/strong><\/p><p><strong>Wenn dein Hund auf dem Target landet, soll er dort auch bleiben.<\/strong><\/p><p>Kein Verrutschen. Kein Wegschieben. Kein Neupositionieren nach jeder \u00dcbung.<\/p><p>Das Boden-Target wurde von <strong>Melanie Felix<\/strong> entwickelt \u2013 professionelle Hundesportlerin im internationalen Freestyle und langj\u00e4hrige Hundetrainerin. Entworfen, aus dem echten Training heraus: mit dem Wissen, was Trainer wirklich brauchen \u2013 und was g\u00fcnstige Alternativen uns nie liefern konnten.<\/p><hr \/><p><strong>Was es dir konkret bringt:<\/strong><\/p><p>\ud83d\udc3e <strong>4 Targets in einem<\/strong> \u2013 die Ringe lassen sich einzeln einsetzen. Du trainierst Pr\u00e4zision stufenweise, ohne vier verschiedene Produkte zu kaufen.<\/p><p>\ud83d\udc3e <strong>Kein Wegrutschen, kein Wegschieben<\/strong> \u2013 rutschfeste, ruckd\u00e4mpfende Oberfl\u00e4che. Auch bei schnellen, schweren Hunden. Auch auf glatten B\u00f6den. Auch an st\u00fcrmischen Tagen drau\u00dfen.<\/p><p>\ud83d\udc3e <strong>Gesund f\u00fcr die Pfoten<\/strong> \u2013 die d\u00e4mpfende Oberfl\u00e4che schont Gelenke und Ballen, besonders wichtig war mir aber das absolut ungiftige Material, auch bei versehentlichem Kontakt mit den Z\u00e4hnen&#8230;<\/p><p>\ud83d\udc3e <strong>Robust gegen Klauen, Dreck und echten Einsatz<\/strong> \u2013 kein Produkt f\u00fcrs Regal. Das Material h\u00e4lt, was Hundetraining t\u00e4glich fordert und ist super easy zu reinigen.<\/p><p>\ud83d\udc3e <strong>In Sekunden kleiner<\/strong> \u2013 Ringe nehmen, stapeln, transportieren. Passt in jede Trainingstasche.<\/p><p>\ud83d\udc3e <strong>Kombifunktion f\u00fcr den Target-Stick<\/strong> \u2013 L\u00f6cher im inneren und \u00e4u\u00dferen Ring erm\u00f6glichen den aufrechten Einsatz des Target-Sticks (im Set erh\u00e4ltlich). Mehr Variationen. Mehr \u00dcbungen. Ein System.<\/p><p>\ud83d\udc3e <strong>Tragegriff integriert<\/strong> \u2013 kleines Detail, das im Alltag den Unterschied macht.<\/p><hr \/><p><strong>F\u00fcr wen dieses Target gemacht wurde:<\/strong><\/p><p>F\u00fcr alle, die ihr Training ernst nehmen, daf\u00fcr optimales Equipment nutzen m\u00f6chten und<span style=\"font-family: 'Open Sans', sans-serif; font-size: 16px; font-style: normal; font-variant-ligatures: normal; font-variant-caps: normal; font-weight: 400;\">\u00a0aufgeh\u00f6rt haben, sich mit halbgaren L\u00f6sungen abzufinden.<\/span><span style=\"font-family: 'Open Sans', sans-serif; font-size: 16px; font-style: normal; font-variant-ligatures: normal; font-variant-caps: normal; font-weight: 400;\">\u00a0<\/span><\/p><hr \/><p><strong>Jetzt dein Bodentarget oder direkt das Set mit Target-Stick sichern und mehr aus jedem einzelnen Training herausholen.<\/strong><\/p><ul data-hook=\"stacked-info-section\"><li data-hook=\"stacked-info-item\"><div><h3 data-hook=\"info-section-title\">PRODUKT INFO<\/h3><div data-hook=\"info-section-description\"><p>Das Bodentarget hat einen Durchmesser von insgesamt ca. 27,5 cm und wiegt 550 g.<\/p><p>Es kann in 4 unterschiedlichen Gr\u00f6\u00dfen genutzt werden.<\/p><p>Die einzelnen Ringe sind jeweils ca. 4 cm breit und<br \/>haben einen Durchmesser von:<br \/>Mitte = 7 cm<br \/>Ring 1 = 14 cm<br \/>Ring 2 = 20,5 cm<br \/>Ring 3 = 27,5 cm<\/p><p>Rubustes, pflegeleichtes und langlebiges TPE Material:<br \/>TPE (chemisch: Thermoplastische Elastomere) sind frei von PVC und Latex und werden ohne Beimischung von giftigen Weichmachern hergestellt. Rutschfest und robust wie PVC, aber eben umweltfreundlicher, weil zu 100 % recyclebar.<\/p><p>Achtung! Das Bodentarget bitte niemals geknickt oder gerollt lagern. Optialerweise lagert das Target liegend oder wird an seinem Griffloch (in Ring 2 von au\u00dfen) angeh\u00e4ngt.<\/p><\/div><\/div><\/li><\/ul>\t\t\t\t\t\t\t\t<\/div>\n\t\t\t\t<\/div>\n\t\t\t\t\t<\/div>\n\t\t<\/div>\n\t\t\t\t\t<\/div>\n\t\t<\/section>\n\t\t\t\t<\/div>\n\t\t","protected":false},"excerpt":{"rendered":"<p>Hilfen gezielt geben und wieder abbauen k\u00f6nnen \u2013 genau darauf kommt es in jedem Training an \ud83d\udc3e<\/p>\n<p>Train smarter, not harder \u2728<\/p>\n<p>Hier ist die L\u00f6sung f\u00fcr deinen Trainingsaufbau!<\/p>\n<p>&nbsp;<\/p>\n","protected":false},"featured_media":6485,"template":"","meta":{"ocean_post_layout":"","ocean_both_sidebars_style":"","ocean_both_sidebars_content_width":0,"ocean_both_sidebars_sidebars_width":0,"ocean_sidebar":"0","ocean_second_sidebar":"0","ocean_disable_margins":"enable","ocean_add_body_class":"","ocean_shortcode_before_top_bar":"","ocean_shortcode_after_top_bar":"","ocean_shortcode_before_header":"","ocean_shortcode_after_header":"","ocean_has_shortcode":"","ocean_shortcode_after_title":"","ocean_shortcode_before_footer_widgets":"","ocean_shortcode_after_footer_widgets":"","ocean_shortcode_before_footer_bottom":"","ocean_shortcode_after_footer_bottom":"","ocean_display_top_bar":"default","ocean_display_header":"default","ocean_header_style":"","ocean_center_header_left_menu":"0","ocean_custom_header_template":"0","ocean_custom_logo":0,"ocean_custom_retina_logo":0,"ocean_custom_logo_max_width":0,"ocean_custom_logo_tablet_max_width":0,"ocean_custom_logo_mobile_max_width":0,"ocean_custom_logo_max_height":0,"ocean_custom_logo_tablet_max_height":0,"ocean_custom_logo_mobile_max_height":0,"ocean_header_custom_menu":"0","ocean_menu_typo_font_family":"0","ocean_menu_typo_font_subset":"","ocean_menu_typo_font_size":0,"ocean_menu_typo_font_size_tablet":0,"ocean_menu_typo_font_size_mobile":0,"ocean_menu_typo_font_size_unit":"px","ocean_menu_typo_font_weight":"","ocean_menu_typo_font_weight_tablet":"","ocean_menu_typo_font_weight_mobile":"","ocean_menu_typo_transform":"","ocean_menu_typo_transform_tablet":"","ocean_menu_typo_transform_mobile":"","ocean_menu_typo_line_height":0,"ocean_menu_typo_line_height_tablet":0,"ocean_menu_typo_line_height_mobile":0,"ocean_menu_typo_line_height_unit":"","ocean_menu_typo_spacing":0,"ocean_menu_typo_spacing_tablet":0,"ocean_menu_typo_spacing_mobile":0,"ocean_menu_typo_spacing_unit":"","ocean_menu_link_color":"","ocean_menu_link_color_hover":"","ocean_menu_link_color_active":"","ocean_menu_link_background":"","ocean_menu_link_hover_background":"","ocean_menu_link_active_background":"","ocean_menu_social_links_bg":"","ocean_menu_social_hover_links_bg":"","ocean_menu_social_links_color":"","ocean_menu_social_hover_links_color":"","ocean_disable_title":"default","ocean_disable_heading":"default","ocean_post_title":"","ocean_post_subheading":"","ocean_post_title_style":"","ocean_post_title_background_color":"","ocean_post_title_background":0,"ocean_post_title_bg_image_position":"","ocean_post_title_bg_image_attachment":"","ocean_post_title_bg_image_repeat":"","ocean_post_title_bg_image_size":"","ocean_post_title_height":0,"ocean_post_title_bg_overlay":0.5,"ocean_post_title_bg_overlay_color":"","ocean_disable_breadcrumbs":"default","ocean_breadcrumbs_color":"","ocean_breadcrumbs_separator_color":"","ocean_breadcrumbs_links_color":"","ocean_breadcrumbs_links_hover_color":"","ocean_display_footer_widgets":"default","ocean_display_footer_bottom":"default","ocean_custom_footer_template":"0"},"product_brand":[],"product_cat":[16,17],"product_tag":[63,62],"class_list":{"0":"post-349","1":"product","2":"type-product","3":"status-publish","4":"has-post-thumbnail","6":"product_cat-melli4dogs-artikel","7":"product_cat-targets","8":"product_tag-bodentarget","9":"product_tag-target","10":"pa_color-pink","11":"pa_color-tuerkis","13":"entry","14":"has-media","16":"first","17":"instock","18":"sale","19":"taxable","20":"shipping-taxable","21":"purchasable","22":"product-type-variable","23":"has-product-nav","24":"col","25":"span_1_of_3","26":"owp-content-center","27":"owp-thumbs-layout-horizontal","28":"owp-btn-normal","29":"owp-tabs-layout-horizontal"},"jetpack_sharing_enabled":true,"_links":{"self":[{"href":"https:\/\/www.melli4dogs.com\/shop\/wp-json\/wp\/v2\/product\/349","targetHints":{"allow":["GET"]}}],"collection":[{"href":"https:\/\/www.melli4dogs.com\/shop\/wp-json\/wp\/v2\/product"}],"about":[{"href":"https:\/\/www.melli4dogs.com\/shop\/wp-json\/wp\/v2\/types\/product"}],"version-history":[{"count":60,"href":"https:\/\/www.melli4dogs.com\/shop\/wp-json\/wp\/v2\/product\/349\/revisions"}],"predecessor-version":[{"id":26335,"href":"https:\/\/www.melli4dogs.com\/shop\/wp-json\/wp\/v2\/product\/349\/revisions\/26335"}],"wp:featuredmedia":[{"embeddable":true,"href":"https:\/\/www.melli4dogs.com\/shop\/wp-json\/wp\/v2\/media\/6485"}],"wp:attachment":[{"href":"https:\/\/www.melli4dogs.com\/shop\/wp-json\/wp\/v2\/media?parent=349"}],"wp:term":[{"taxonomy":"product_brand","embeddable":true,"href":"https:\/\/www.melli4dogs.com\/shop\/wp-json\/wp\/v2\/product_brand?post=349"},{"taxonomy":"product_cat","embeddable":true,"href":"https:\/\/www.melli4dogs.com\/shop\/wp-json\/wp\/v2\/product_cat?post=349"},{"taxonomy":"product_tag","embeddable":true,"href":"https:\/\/www.melli4dogs.com\/shop\/wp-json\/wp\/v2\/product_tag?post=349"}],"curies":[{"name":"wp","href":"https:\/\/api.w.org\/{rel}","templated":true}]}}