{"id":4812,"date":"2021-08-08T01:33:28","date_gmt":"2021-08-07T23:33:28","guid":{"rendered":"https:\/\/www.melli4dogs.com\/shop\/?post_type=product&#038;p=4812"},"modified":"2026-04-14T22:15:51","modified_gmt":"2026-04-14T20:15:51","slug":"mini-target-als-schluesselanhaenger","status":"publish","type":"product","link":"https:\/\/www.melli4dogs.com\/shop\/produkt\/mini-target-als-schluesselanhaenger\/","title":{"rendered":"Mini-Target &#8222;to go&#8220;"},"content":{"rendered":"\t\t<div data-elementor-type=\"product-post\" data-elementor-id=\"4812\" class=\"elementor elementor-4812\" data-elementor-post-type=\"product\">\n\t\t\t\t\t\t<section class=\"elementor-section elementor-top-section elementor-element elementor-element-40323b8 elementor-section-boxed elementor-section-height-default elementor-section-height-default\" data-id=\"40323b8\" data-element_type=\"section\" data-e-type=\"section\">\n\t\t\t\t\t\t<div class=\"elementor-container elementor-column-gap-default\">\n\t\t\t\t\t<div class=\"elementor-column elementor-col-100 elementor-top-column elementor-element elementor-element-723ed53\" data-id=\"723ed53\" data-element_type=\"column\" data-e-type=\"column\">\n\t\t\t<div class=\"elementor-widget-wrap elementor-element-populated\">\n\t\t\t\t\t\t<section class=\"elementor-section elementor-inner-section elementor-element elementor-element-838d511 elementor-section-boxed elementor-section-height-default elementor-section-height-default\" data-id=\"838d511\" data-element_type=\"section\" data-e-type=\"section\">\n\t\t\t\t\t\t<div class=\"elementor-container elementor-column-gap-default\">\n\t\t\t\t\t<div class=\"elementor-column elementor-col-50 elementor-inner-column elementor-element elementor-element-c616180\" data-id=\"c616180\" data-element_type=\"column\" data-e-type=\"column\">\n\t\t\t<div class=\"elementor-widget-wrap elementor-element-populated\">\n\t\t\t\t\t\t<div class=\"elementor-element elementor-element-95b7d34 elementor-widget elementor-widget-text-editor\" data-id=\"95b7d34\" data-element_type=\"widget\" data-e-type=\"widget\" data-widget_type=\"text-editor.default\">\n\t\t\t\t<div class=\"elementor-widget-container\">\n\t\t\t\t\t\t\t\t\t<p>&#8222;Target to go&#8220; Mini-Target als Schl\u00fcsselanh\u00e4nger<\/p><p>Das Mini-Target&#8230;<\/p><p>&#8230;ob f\u00fcr kleine Tierarten,\u00a0<span style=\"font-size: 16px;\">als mega s\u00fc\u00dfer Schl\u00fcsselanh\u00e4nger, <br \/>als Br\u00fccke f\u00fcr den endg\u00fcltigen Abbau des Targets, als Pfoten- oder Nasentarget&#8230;<\/span><\/p><p>&#8230;die kleinen sind einfach f\u00fcr jeden Spa\u00df zu haben!<\/p><p>Das &#8222;Target to go&#8220; ist als Schl\u00fcsselanh\u00e4nger oder mit Melli4Dogs Schl\u00fcsselband erh\u00e4ltlich.<\/p>\t\t\t\t\t\t\t\t<\/div>\n\t\t\t\t<\/div>\n\t\t\t\t\t<\/div>\n\t\t<\/div>\n\t\t\t\t<div class=\"elementor-column elementor-col-50 elementor-inner-column elementor-element elementor-element-233d6cc\" data-id=\"233d6cc\" data-element_type=\"column\" data-e-type=\"column\">\n\t\t\t<div class=\"elementor-widget-wrap elementor-element-populated\">\n\t\t\t\t\t\t<div class=\"elementor-element elementor-element-483b7bb elementor-widget elementor-widget-image\" data-id=\"483b7bb\" data-element_type=\"widget\" data-e-type=\"widget\" data-widget_type=\"image.default\">\n\t\t\t\t<div class=\"elementor-widget-container\">\n\t\t\t\t\t\t\t\t\t\t\t\t\t\t\t<img fetchpriority=\"high\" decoding=\"async\" width=\"2048\" height=\"1565\" src=\"https:\/\/www.melli4dogs.com\/shop\/wp-content\/uploads\/2020\/06\/Schluesselanhaenger-1-2048x1565.jpg\" class=\"attachment-2048x2048 size-2048x2048 wp-image-4761\" alt=\"\" srcset=\"https:\/\/www.melli4dogs.com\/shop\/wp-content\/uploads\/2020\/06\/Schluesselanhaenger-1-2048x1565.jpg 2048w, https:\/\/www.melli4dogs.com\/shop\/wp-content\/uploads\/2020\/06\/Schluesselanhaenger-1-600x458.jpg 600w, https:\/\/www.melli4dogs.com\/shop\/wp-content\/uploads\/2020\/06\/Schluesselanhaenger-1-300x229.jpg 300w, https:\/\/www.melli4dogs.com\/shop\/wp-content\/uploads\/2020\/06\/Schluesselanhaenger-1-1024x782.jpg 1024w, https:\/\/www.melli4dogs.com\/shop\/wp-content\/uploads\/2020\/06\/Schluesselanhaenger-1-768x587.jpg 768w, https:\/\/www.melli4dogs.com\/shop\/wp-content\/uploads\/2020\/06\/Schluesselanhaenger-1-1536x1173.jpg 1536w, https:\/\/www.melli4dogs.com\/shop\/wp-content\/uploads\/2020\/06\/Schluesselanhaenger-1-1320x1008.jpg 1320w\" sizes=\"(max-width: 2048px) 100vw, 2048px\" \/>\t\t\t\t\t\t\t\t\t\t\t\t\t\t\t<\/div>\n\t\t\t\t<\/div>\n\t\t\t\t<div class=\"elementor-element elementor-element-157dcff elementor-widget elementor-widget-text-editor\" data-id=\"157dcff\" data-element_type=\"widget\" data-e-type=\"widget\" data-widget_type=\"text-editor.default\">\n\t\t\t\t<div class=\"elementor-widget-container\">\n\t\t\t\t\t\t\t\t\t<h4>&#8222;Target to go&#8220;<\/h4>\t\t\t\t\t\t\t\t<\/div>\n\t\t\t\t<\/div>\n\t\t\t\t\t<\/div>\n\t\t<\/div>\n\t\t\t\t\t<\/div>\n\t\t<\/section>\n\t\t\t\t<div class=\"elementor-element elementor-element-d00dd9e elementor-widget elementor-widget-image\" data-id=\"d00dd9e\" data-element_type=\"widget\" data-e-type=\"widget\" data-widget_type=\"image.default\">\n\t\t\t\t<div class=\"elementor-widget-container\">\n\t\t\t\t\t\t\t\t\t\t\t\t\t\t\t<img decoding=\"async\" width=\"1024\" height=\"427\" src=\"https:\/\/www.melli4dogs.com\/shop\/wp-content\/uploads\/2021\/08\/minitargets.jpg\" class=\"attachment-large size-large wp-image-4795\" alt=\"\" srcset=\"https:\/\/www.melli4dogs.com\/shop\/wp-content\/uploads\/2021\/08\/minitargets.jpg 1024w, https:\/\/www.melli4dogs.com\/shop\/wp-content\/uploads\/2021\/08\/minitargets-600x250.jpg 600w, https:\/\/www.melli4dogs.com\/shop\/wp-content\/uploads\/2021\/08\/minitargets-300x125.jpg 300w, https:\/\/www.melli4dogs.com\/shop\/wp-content\/uploads\/2021\/08\/minitargets-768x320.jpg 768w\" sizes=\"(max-width: 1024px) 100vw, 1024px\" \/>\t\t\t\t\t\t\t\t\t\t\t\t\t\t\t<\/div>\n\t\t\t\t<\/div>\n\t\t\t\t<div class=\"elementor-element elementor-element-3f4b8aa elementor-widget elementor-widget-video\" data-id=\"3f4b8aa\" data-element_type=\"widget\" data-e-type=\"widget\" data-settings=\"{&quot;youtube_url&quot;:&quot;https:\\\/\\\/www.youtube.com\\\/watch?v=Fk-DIgDS78A&amp;t=3s&quot;,&quot;video_type&quot;:&quot;youtube&quot;,&quot;controls&quot;:&quot;yes&quot;}\" data-widget_type=\"video.default\">\n\t\t\t\t<div class=\"elementor-widget-container\">\n\t\t\t\t\t\t\t<div class=\"elementor-wrapper elementor-open-inline\">\n\t\t\t<div class=\"elementor-video\"><\/div>\t\t<\/div>\n\t\t\t\t\t\t<\/div>\n\t\t\t\t<\/div>\n\t\t\t\t\t<\/div>\n\t\t<\/div>\n\t\t\t\t\t<\/div>\n\t\t<\/section>\n\t\t\t\t<\/div>\n\t\t","protected":false},"excerpt":{"rendered":"<p><strong>&#8222;Target to go&#8220; Mini-Target als Schl\u00fcsselanh\u00e4nger<\/strong><\/p>\n<p>Ein Target als Schl\u00fcsselanh\u00e4nger wollte ich schon immer haben&#8230; \ud83d\ude09<\/p>\n<p>We love it!<\/p>\n<p>Und es ist nicht nur niedlich, sondern auch so n\u00fctzlich. Wenn unsere Hunde das Target Training beherrschen, arbeiten sie mit dem kleinen Target genau so fein, wie mit dem Gro\u00dfen.<\/p>\n","protected":false},"featured_media":26208,"template":"","meta":{"ocean_post_layout":"","ocean_both_sidebars_style":"","ocean_both_sidebars_content_width":0,"ocean_both_sidebars_sidebars_width":0,"ocean_sidebar":"0","ocean_second_sidebar":"0","ocean_disable_margins":"enable","ocean_add_body_class":"","ocean_shortcode_before_top_bar":"","ocean_shortcode_after_top_bar":"","ocean_shortcode_before_header":"","ocean_shortcode_after_header":"","ocean_has_shortcode":"","ocean_shortcode_after_title":"","ocean_shortcode_before_footer_widgets":"","ocean_shortcode_after_footer_widgets":"","ocean_shortcode_before_footer_bottom":"","ocean_shortcode_after_footer_bottom":"","ocean_display_top_bar":"default","ocean_display_header":"default","ocean_header_style":"","ocean_center_header_left_menu":"0","ocean_custom_header_template":"0","ocean_custom_logo":0,"ocean_custom_retina_logo":0,"ocean_custom_logo_max_width":0,"ocean_custom_logo_tablet_max_width":0,"ocean_custom_logo_mobile_max_width":0,"ocean_custom_logo_max_height":0,"ocean_custom_logo_tablet_max_height":0,"ocean_custom_logo_mobile_max_height":0,"ocean_header_custom_menu":"0","ocean_menu_typo_font_family":"0","ocean_menu_typo_font_subset":"","ocean_menu_typo_font_size":0,"ocean_menu_typo_font_size_tablet":0,"ocean_menu_typo_font_size_mobile":0,"ocean_menu_typo_font_size_unit":"px","ocean_menu_typo_font_weight":"","ocean_menu_typo_font_weight_tablet":"","ocean_menu_typo_font_weight_mobile":"","ocean_menu_typo_transform":"","ocean_menu_typo_transform_tablet":"","ocean_menu_typo_transform_mobile":"","ocean_menu_typo_line_height":0,"ocean_menu_typo_line_height_tablet":0,"ocean_menu_typo_line_height_mobile":0,"ocean_menu_typo_line_height_unit":"","ocean_menu_typo_spacing":0,"ocean_menu_typo_spacing_tablet":0,"ocean_menu_typo_spacing_mobile":0,"ocean_menu_typo_spacing_unit":"","ocean_menu_link_color":"","ocean_menu_link_color_hover":"","ocean_menu_link_color_active":"","ocean_menu_link_background":"","ocean_menu_link_hover_background":"","ocean_menu_link_active_background":"","ocean_menu_social_links_bg":"","ocean_menu_social_hover_links_bg":"","ocean_menu_social_links_color":"","ocean_menu_social_hover_links_color":"","ocean_disable_title":"default","ocean_disable_heading":"default","ocean_post_title":"","ocean_post_subheading":"","ocean_post_title_style":"","ocean_post_title_background_color":"","ocean_post_title_background":0,"ocean_post_title_bg_image_position":"","ocean_post_title_bg_image_attachment":"","ocean_post_title_bg_image_repeat":"","ocean_post_title_bg_image_size":"","ocean_post_title_height":0,"ocean_post_title_bg_overlay":0.5,"ocean_post_title_bg_overlay_color":"","ocean_disable_breadcrumbs":"default","ocean_breadcrumbs_color":"","ocean_breadcrumbs_separator_color":"","ocean_breadcrumbs_links_color":"","ocean_breadcrumbs_links_hover_color":"","ocean_display_footer_widgets":"default","ocean_display_footer_bottom":"default","ocean_custom_footer_template":"0"},"product_brand":[],"product_cat":[16,17],"product_tag":[],"class_list":{"0":"post-4812","1":"product","2":"type-product","3":"status-publish","4":"has-post-thumbnail","6":"product_cat-melli4dogs-artikel","7":"product_cat-targets","8":"pa_color-pink","9":"pa_color-tuerkis","10":"pa_color-pink-tuerkis","12":"entry","13":"has-media","15":"first","16":"instock","17":"sale","18":"taxable","19":"shipping-taxable","20":"purchasable","21":"product-type-variable","22":"has-product-nav","23":"col","24":"span_1_of_3","25":"owp-content-center","26":"owp-thumbs-layout-horizontal","27":"owp-btn-normal","28":"owp-tabs-layout-horizontal"},"jetpack_sharing_enabled":true,"_links":{"self":[{"href":"https:\/\/www.melli4dogs.com\/shop\/wp-json\/wp\/v2\/product\/4812","targetHints":{"allow":["GET"]}}],"collection":[{"href":"https:\/\/www.melli4dogs.com\/shop\/wp-json\/wp\/v2\/product"}],"about":[{"href":"https:\/\/www.melli4dogs.com\/shop\/wp-json\/wp\/v2\/types\/product"}],"version-history":[{"count":30,"href":"https:\/\/www.melli4dogs.com\/shop\/wp-json\/wp\/v2\/product\/4812\/revisions"}],"predecessor-version":[{"id":26229,"href":"https:\/\/www.melli4dogs.com\/shop\/wp-json\/wp\/v2\/product\/4812\/revisions\/26229"}],"wp:featuredmedia":[{"embeddable":true,"href":"https:\/\/www.melli4dogs.com\/shop\/wp-json\/wp\/v2\/media\/26208"}],"wp:attachment":[{"href":"https:\/\/www.melli4dogs.com\/shop\/wp-json\/wp\/v2\/media?parent=4812"}],"wp:term":[{"taxonomy":"product_brand","embeddable":true,"href":"https:\/\/www.melli4dogs.com\/shop\/wp-json\/wp\/v2\/product_brand?post=4812"},{"taxonomy":"product_cat","embeddable":true,"href":"https:\/\/www.melli4dogs.com\/shop\/wp-json\/wp\/v2\/product_cat?post=4812"},{"taxonomy":"product_tag","embeddable":true,"href":"https:\/\/www.melli4dogs.com\/shop\/wp-json\/wp\/v2\/product_tag?post=4812"}],"curies":[{"name":"wp","href":"https:\/\/api.w.org\/{rel}","templated":true}]}}