{"id":6665,"date":"2021-11-26T19:53:42","date_gmt":"2021-11-26T18:53:42","guid":{"rendered":"https:\/\/www.melli4dogs.com\/shop\/?post_type=product&#038;p=6665"},"modified":"2026-03-29T20:45:45","modified_gmt":"2026-03-29T18:45:45","slug":"finger-clicker-all-around","status":"publish","type":"product","link":"https:\/\/www.melli4dogs.com\/shop\/produkt\/finger-clicker-all-around\/","title":{"rendered":"Finger Clicker -All around-"},"content":{"rendered":"","protected":false},"excerpt":{"rendered":"<p>Der Finger-Clicker &#8222;All Around&#8220; hat einen angenehmen Sound!<\/p>\n<p>F\u00fcr gr\u00f6\u00dftm\u00f6glichen Trainingserfolg und eine bequeme\u00a0Handhabung verf\u00fcgt der ergonomisch geformte Finger-Clicker \u00fcber einen Finger-Ring mit Drehgelenk. Er ist daher sehr flexibel einsetzbar und liegt dank seiner tollen Gr\u00f6\u00dfe sehr gut in der Hand. Bei Bedarf kann zus\u00e4tzlich ein Umh\u00e4ngeband oder ein Armband befestigt werden.<\/p>\n<p>Der Clicker hat eine L\u00e4nge von 6,7cm, eine Breite von 3,2cm und eine Dicke von 1,2cm.\u00a0Der Innendurchmesser des Finger-Rings betr\u00e4gt 2,07cm.<\/p>\n","protected":false},"featured_media":6680,"template":"","meta":{"ocean_post_layout":"","ocean_both_sidebars_style":"","ocean_both_sidebars_content_width":0,"ocean_both_sidebars_sidebars_width":0,"ocean_sidebar":"0","ocean_second_sidebar":"0","ocean_disable_margins":"enable","ocean_add_body_class":"","ocean_shortcode_before_top_bar":"","ocean_shortcode_after_top_bar":"","ocean_shortcode_before_header":"","ocean_shortcode_after_header":"","ocean_has_shortcode":"","ocean_shortcode_after_title":"","ocean_shortcode_before_footer_widgets":"","ocean_shortcode_after_footer_widgets":"","ocean_shortcode_before_footer_bottom":"","ocean_shortcode_after_footer_bottom":"","ocean_display_top_bar":"default","ocean_display_header":"default","ocean_header_style":"","ocean_center_header_left_menu":"0","ocean_custom_header_template":"0","ocean_custom_logo":0,"ocean_custom_retina_logo":0,"ocean_custom_logo_max_width":0,"ocean_custom_logo_tablet_max_width":0,"ocean_custom_logo_mobile_max_width":0,"ocean_custom_logo_max_height":0,"ocean_custom_logo_tablet_max_height":0,"ocean_custom_logo_mobile_max_height":0,"ocean_header_custom_menu":"0","ocean_menu_typo_font_family":"0","ocean_menu_typo_font_subset":"","ocean_menu_typo_font_size":0,"ocean_menu_typo_font_size_tablet":0,"ocean_menu_typo_font_size_mobile":0,"ocean_menu_typo_font_size_unit":"px","ocean_menu_typo_font_weight":"","ocean_menu_typo_font_weight_tablet":"","ocean_menu_typo_font_weight_mobile":"","ocean_menu_typo_transform":"","ocean_menu_typo_transform_tablet":"","ocean_menu_typo_transform_mobile":"","ocean_menu_typo_line_height":0,"ocean_menu_typo_line_height_tablet":0,"ocean_menu_typo_line_height_mobile":0,"ocean_menu_typo_line_height_unit":"","ocean_menu_typo_spacing":0,"ocean_menu_typo_spacing_tablet":0,"ocean_menu_typo_spacing_mobile":0,"ocean_menu_typo_spacing_unit":"","ocean_menu_link_color":"","ocean_menu_link_color_hover":"","ocean_menu_link_color_active":"","ocean_menu_link_background":"","ocean_menu_link_hover_background":"","ocean_menu_link_active_background":"","ocean_menu_social_links_bg":"","ocean_menu_social_hover_links_bg":"","ocean_menu_social_links_color":"","ocean_menu_social_hover_links_color":"","ocean_disable_title":"default","ocean_disable_heading":"default","ocean_post_title":"","ocean_post_subheading":"","ocean_post_title_style":"","ocean_post_title_background_color":"","ocean_post_title_background":0,"ocean_post_title_bg_image_position":"","ocean_post_title_bg_image_attachment":"","ocean_post_title_bg_image_repeat":"","ocean_post_title_bg_image_size":"","ocean_post_title_height":0,"ocean_post_title_bg_overlay":0.5,"ocean_post_title_bg_overlay_color":"","ocean_disable_breadcrumbs":"default","ocean_breadcrumbs_color":"","ocean_breadcrumbs_separator_color":"","ocean_breadcrumbs_links_color":"","ocean_breadcrumbs_links_hover_color":"","ocean_display_footer_widgets":"default","ocean_display_footer_bottom":"default","ocean_custom_footer_template":"0"},"product_brand":[],"product_cat":[21],"product_tag":[],"class_list":{"0":"post-6665","1":"product","2":"type-product","3":"status-publish","4":"has-post-thumbnail","6":"product_cat-trainings-zubehoer","7":"pa_color-grey","8":"pa_color-gruen","9":"pa_color-pink","10":"pa_color-schwarz","12":"entry","13":"has-media","15":"first","16":"outofstock","17":"taxable","18":"shipping-taxable","19":"purchasable","20":"product-type-variable","21":"has-product-nav","22":"col","23":"span_1_of_3","24":"owp-content-center","25":"owp-thumbs-layout-horizontal","26":"owp-btn-normal","27":"owp-tabs-layout-horizontal"},"jetpack_sharing_enabled":true,"_links":{"self":[{"href":"https:\/\/www.melli4dogs.com\/shop\/wp-json\/wp\/v2\/product\/6665","targetHints":{"allow":["GET"]}}],"collection":[{"href":"https:\/\/www.melli4dogs.com\/shop\/wp-json\/wp\/v2\/product"}],"about":[{"href":"https:\/\/www.melli4dogs.com\/shop\/wp-json\/wp\/v2\/types\/product"}],"version-history":[{"count":4,"href":"https:\/\/www.melli4dogs.com\/shop\/wp-json\/wp\/v2\/product\/6665\/revisions"}],"predecessor-version":[{"id":20501,"href":"https:\/\/www.melli4dogs.com\/shop\/wp-json\/wp\/v2\/product\/6665\/revisions\/20501"}],"wp:featuredmedia":[{"embeddable":true,"href":"https:\/\/www.melli4dogs.com\/shop\/wp-json\/wp\/v2\/media\/6680"}],"wp:attachment":[{"href":"https:\/\/www.melli4dogs.com\/shop\/wp-json\/wp\/v2\/media?parent=6665"}],"wp:term":[{"taxonomy":"product_brand","embeddable":true,"href":"https:\/\/www.melli4dogs.com\/shop\/wp-json\/wp\/v2\/product_brand?post=6665"},{"taxonomy":"product_cat","embeddable":true,"href":"https:\/\/www.melli4dogs.com\/shop\/wp-json\/wp\/v2\/product_cat?post=6665"},{"taxonomy":"product_tag","embeddable":true,"href":"https:\/\/www.melli4dogs.com\/shop\/wp-json\/wp\/v2\/product_tag?post=6665"}],"curies":[{"name":"wp","href":"https:\/\/api.w.org\/{rel}","templated":true}]}}