{"id":291,"date":"2020-05-18T22:12:27","date_gmt":"2020-05-18T20:12:27","guid":{"rendered":"http:\/\/www.melli4dogs.com\/training\/?page_id=291"},"modified":"2020-10-04T00:15:42","modified_gmt":"2020-10-03T22:15:42","slug":"einzeltraining","status":"publish","type":"page","link":"https:\/\/www.melli4dogs.com\/training\/live-training\/einzeltraining\/","title":{"rendered":"Einzeltraining"},"content":{"rendered":"\t\t<div data-elementor-type=\"wp-page\" data-elementor-id=\"291\" class=\"elementor elementor-291\" data-elementor-post-type=\"page\">\n\t\t\t\t\t\t<section class=\"elementor-section elementor-top-section elementor-element elementor-element-0ebcbf4 elementor-section-boxed elementor-section-height-default elementor-section-height-default\" data-id=\"0ebcbf4\" data-element_type=\"section\" data-e-type=\"section\">\n\t\t\t\t\t\t<div class=\"elementor-container elementor-column-gap-default\">\n\t\t\t\t\t<div class=\"elementor-column elementor-col-100 elementor-top-column elementor-element elementor-element-4dcb9b5\" data-id=\"4dcb9b5\" data-element_type=\"column\" data-e-type=\"column\">\n\t\t\t<div class=\"elementor-widget-wrap elementor-element-populated\">\n\t\t\t\t\t\t<div class=\"elementor-element elementor-element-55832d8 elementor-widget elementor-widget-global elementor-global-2389 elementor-widget-woocommerce-breadcrumb\" data-id=\"55832d8\" data-element_type=\"widget\" data-e-type=\"widget\" data-widget_type=\"woocommerce-breadcrumb.default\">\n\t\t\t\t<div class=\"elementor-widget-container\">\n\t\t\t\t\t<div class=\"site-breadcrumbs woocommerce-breadcrumbs clr\">Start<\/div>\t\t\t\t<\/div>\n\t\t\t\t<\/div>\n\t\t\t\t\t<\/div>\n\t\t<\/div>\n\t\t\t\t\t<\/div>\n\t\t<\/section>\n\t\t\t\t<section class=\"elementor-section elementor-top-section elementor-element elementor-element-8472cf4 elementor-section-boxed elementor-section-height-default elementor-section-height-default\" data-id=\"8472cf4\" data-element_type=\"section\" data-e-type=\"section\">\n\t\t\t\t\t\t<div class=\"elementor-container elementor-column-gap-default\">\n\t\t\t\t\t<div class=\"elementor-column elementor-col-100 elementor-top-column elementor-element elementor-element-85f41d1\" data-id=\"85f41d1\" data-element_type=\"column\" data-e-type=\"column\">\n\t\t\t<div class=\"elementor-widget-wrap elementor-element-populated\">\n\t\t\t\t\t\t<div class=\"elementor-element elementor-element-9b03007 elementor-widget elementor-widget-heading\" data-id=\"9b03007\" data-element_type=\"widget\" data-e-type=\"widget\" data-widget_type=\"heading.default\">\n\t\t\t\t<div class=\"elementor-widget-container\">\n\t\t\t\t\t<h1 class=\"elementor-heading-title elementor-size-default\">Einzeltraining<\/h1>\t\t\t\t<\/div>\n\t\t\t\t<\/div>\n\t\t\t\t<div class=\"elementor-element elementor-element-bb3de82 elementor--h-position-center elementor--v-position-middle elementor-widget elementor-widget-slides\" data-id=\"bb3de82\" data-element_type=\"widget\" data-e-type=\"widget\" data-settings=\"{&quot;navigation&quot;:&quot;none&quot;,&quot;autoplay_speed&quot;:1000000,&quot;transition_speed&quot;:2000,&quot;autoplay&quot;:&quot;yes&quot;,&quot;pause_on_hover&quot;:&quot;yes&quot;,&quot;infinite&quot;:&quot;yes&quot;,&quot;transition&quot;:&quot;slide&quot;}\" data-widget_type=\"slides.default\">\n\t\t\t\t<div class=\"elementor-widget-container\">\n\t\t\t\t\t\t\t\t\t<div class=\"elementor-swiper\">\n\t\t\t\t\t<div class=\"elementor-slides-wrapper elementor-main-swiper swiper\" role=\"region\" aria-roledescription=\"carousel\" aria-label=\"Slider\" dir=\"ltr\" data-animation=\"fadeInUp\">\n\t\t\t\t<div class=\"swiper-wrapper elementor-slides\">\n\t\t\t\t\t\t\t\t\t\t<div class=\"elementor-repeater-item-16dd961 swiper-slide\" role=\"group\" aria-roledescription=\"slide\"><div class=\"swiper-slide-bg elementor-ken-burns elementor-ken-burns--in\" role=\"img\" aria-label=\"Einzeltraining (4)\"><\/div><a class=\"swiper-slide-inner\" href=\"http:\/\/www.melli4dogs.com\/training\/kontakt\/\"><div class=\"swiper-slide-contents\"><div class=\"elementor-slide-description\">Jetzt Deinen Termin buchen<\/div><div  class=\"elementor-button elementor-slide-button elementor-size-sm\">Hier klicken<\/div><\/div><\/a><\/div><div class=\"elementor-repeater-item-e5056d7 swiper-slide\" role=\"group\" aria-roledescription=\"slide\"><div class=\"swiper-slide-bg elementor-ken-burns elementor-ken-burns--in\" role=\"img\" aria-label=\"Einzeltraining (9)\"><\/div><div class=\"swiper-slide-inner\" ><div class=\"swiper-slide-contents\"><\/div><\/div><\/div><div class=\"elementor-repeater-item-1cc0018 swiper-slide\" role=\"group\" aria-roledescription=\"slide\"><div class=\"swiper-slide-bg elementor-ken-burns elementor-ken-burns--in\" role=\"img\" aria-label=\"Einzeltraining (7)\"><\/div><div class=\"swiper-slide-inner\" ><div class=\"swiper-slide-contents\"><\/div><\/div><\/div><div class=\"elementor-repeater-item-a56c8fe swiper-slide\" role=\"group\" aria-roledescription=\"slide\"><div class=\"swiper-slide-bg elementor-ken-burns elementor-ken-burns--in\" role=\"img\" aria-label=\"Einzeltraining (6)\"><\/div><div class=\"swiper-slide-inner\" ><div class=\"swiper-slide-contents\"><\/div><\/div><\/div><div class=\"elementor-repeater-item-ebaf322 swiper-slide\" role=\"group\" aria-roledescription=\"slide\"><div class=\"swiper-slide-bg elementor-ken-burns elementor-ken-burns--in\" role=\"img\" aria-label=\"Einzeltraining (5)\"><\/div><div class=\"swiper-slide-inner\" ><div class=\"swiper-slide-contents\"><\/div><\/div><\/div><div class=\"elementor-repeater-item-28598b0 swiper-slide\" role=\"group\" aria-roledescription=\"slide\"><div class=\"swiper-slide-bg\"><\/div><a class=\"swiper-slide-inner\" href=\"http:\/\/www.melli4dogs.com\/training\/kontakt\/\"><div class=\"swiper-slide-contents\"><div class=\"elementor-slide-heading\">Individuelles Einzeltraining<\/div><div class=\"elementor-slide-description\">Ganz gleich welche Trainingsziele Du mit deinem Hund verfolgst, gerne helfe ich ich euch dabei, sie mit viel Spa\u00df und Know-How zu erreichen.<\/div><div  class=\"elementor-button elementor-slide-button elementor-size-sm\">Hier klicken<\/div><\/div><\/a><\/div><div class=\"elementor-repeater-item-19986c8 swiper-slide\" role=\"group\" aria-roledescription=\"slide\"><div class=\"swiper-slide-bg elementor-ken-burns elementor-ken-burns--in\" role=\"img\" aria-label=\"Einzeltraining (1)\"><\/div><div class=\"swiper-slide-inner\" ><div class=\"swiper-slide-contents\"><\/div><\/div><\/div>\t\t\t\t<\/div>\n\t\t\t\t\t\t\t\t\t\t\t\t\t\t\t\t\t\t\t\t\t<\/div>\n\t\t\t\t<\/div>\n\t\t\t\t\t\t\t\t<\/div>\n\t\t\t\t<\/div>\n\t\t\t\t\t<\/div>\n\t\t<\/div>\n\t\t\t\t\t<\/div>\n\t\t<\/section>\n\t\t\t\t<section class=\"elementor-section elementor-top-section elementor-element elementor-element-90d8108 elementor-section-boxed elementor-section-height-default elementor-section-height-default\" data-id=\"90d8108\" data-element_type=\"section\" data-e-type=\"section\">\n\t\t\t\t\t\t<div class=\"elementor-container elementor-column-gap-default\">\n\t\t\t\t\t<div class=\"elementor-column elementor-col-100 elementor-top-column elementor-element elementor-element-97eb620\" data-id=\"97eb620\" data-element_type=\"column\" data-e-type=\"column\">\n\t\t\t<div class=\"elementor-widget-wrap elementor-element-populated\">\n\t\t\t\t\t\t<section class=\"elementor-section elementor-inner-section elementor-element elementor-element-c970077 elementor-section-boxed elementor-section-height-default elementor-section-height-default\" data-id=\"c970077\" data-element_type=\"section\" data-e-type=\"section\">\n\t\t\t\t\t\t<div class=\"elementor-container elementor-column-gap-default\">\n\t\t\t\t\t<div class=\"elementor-column elementor-col-33 elementor-inner-column elementor-element elementor-element-61899d7\" data-id=\"61899d7\" data-element_type=\"column\" data-e-type=\"column\">\n\t\t\t<div class=\"elementor-widget-wrap elementor-element-populated\">\n\t\t\t\t\t\t<div class=\"elementor-element elementor-element-55df1bf elementor-view-default elementor-widget elementor-widget-icon\" data-id=\"55df1bf\" data-element_type=\"widget\" data-e-type=\"widget\" data-widget_type=\"icon.default\">\n\t\t\t\t<div class=\"elementor-widget-container\">\n\t\t\t\t\t\t\t<div class=\"elementor-icon-wrapper\">\n\t\t\t<div class=\"elementor-icon\">\n\t\t\t<i aria-hidden=\"true\" class=\"fas fa-star\"><\/i>\t\t\t<\/div>\n\t\t<\/div>\n\t\t\t\t\t\t<\/div>\n\t\t\t\t<\/div>\n\t\t\t\t\t<\/div>\n\t\t<\/div>\n\t\t\t\t<div class=\"elementor-column elementor-col-66 elementor-inner-column elementor-element elementor-element-6c3776b\" data-id=\"6c3776b\" data-element_type=\"column\" data-e-type=\"column\">\n\t\t\t<div class=\"elementor-widget-wrap elementor-element-populated\">\n\t\t\t\t\t\t<div class=\"elementor-element elementor-element-7cfda20 elementor-widget elementor-widget-text-editor\" data-id=\"7cfda20\" data-element_type=\"widget\" data-e-type=\"widget\" data-widget_type=\"text-editor.default\">\n\t\t\t\t<div class=\"elementor-widget-container\">\n\t\t\t\t\t\t\t\t\t<h4><strong>Nichts ist effektiver und besser, als live gemeinsam zu trainieren. Ihr seid f\u00fcr jedes Trainingsthema herzlich willkommen!<br \/><\/strong><\/h4>\t\t\t\t\t\t\t\t<\/div>\n\t\t\t\t<\/div>\n\t\t\t\t\t<\/div>\n\t\t<\/div>\n\t\t\t\t\t<\/div>\n\t\t<\/section>\n\t\t\t\t<div class=\"elementor-element elementor-element-c59eac0 elementor-widget elementor-widget-text-editor\" data-id=\"c59eac0\" data-element_type=\"widget\" data-e-type=\"widget\" data-widget_type=\"text-editor.default\">\n\t\t\t\t<div class=\"elementor-widget-container\">\n\t\t\t\t\t\t\t\t\t<p>In individuellen Einzeltrainings werden alle Anliegen in Theorie und Praxis gel\u00f6st. Auch wenn Du schon schlechte Erfahrungen gemacht hast und vielleicht denkst &#8222;es bringt alles nichts&#8220;, wird unser Training mit Sicherheit ganz neue Erfolge erzielen. Ganz gleich, ob es sich um Alltagssituationen und Verhalten bei Dir zu Hause handelt oder ob Du ein Training f\u00fcr Besch\u00e4ftigung oder &#8222;Feinschliffaufgaben&#8220; in sportlichen Bereichen suchst.<\/p><p>Das Training findet, sofern nicht anders vereinbart, bei mir vor Ort in Hoisdorf statt.<br \/>Hier stehen uns eine \u00fcber 400 m\u00b2 Trainingshalle und eine eingez\u00e4unte Au\u00dfenfl\u00e4che zur Verf\u00fcgung.<br \/><br \/>Auch Hausbesuche sind nach Absprache gegen Aufpreis m\u00f6glich. Ich freue mich \u00fcber Deine <a href=\"http:\/\/www.melli4dogs.com\/training\/kontakt\/\"><span style=\"text-decoration: underline; color: #12a0bc;\"><strong>Kontaktanfrage<\/strong><\/span><\/a>.<\/p><p>Solltest Du eine l\u00e4ngere Anreise haben findest Du bei meinen <b><u><a href=\"http:\/\/www.melli4dogs.com\/training\/intensivtage\/\" rel=\"noopener\"><span style=\"text-decoration: underline; color: #12a0bc;\"><strong>Intensivtagen<\/strong><\/span><\/a><\/u><\/b> eine sch\u00f6ne L\u00f6sung.<\/p><p>\u00a0<\/p><h4><strong>Nat\u00fcrlich komme ich auch gerne zu euch in den Verein oder die Hundeschule, um gemeinsam in Einzelstunden Euer jeweils individuelles Traingsziel zu erreichen.<br \/><\/strong><\/h4><p>Anstelle von Seminarwochenenden k\u00f6nnt ihr mich auch f\u00fcr Tage mit individuellem Einzeltrainings in Eure Hundeschule\/Verein oder anderweitig organisiert einladen. Wir legen die individuellen Einzelstunden f\u00fcr Euch auf den Vor- und Nachmittag verteilt. H\u00e4ufig wird das gegenseitige Zuschauen dabei genutzt, um optimal von diesem Tag zu profitieren. Sendet mir als Anfrage gern direkt <a href=\"http:\/\/www.melli4dogs.com\/training\/anfrage-einzeltrainings-tage\/\"><span style=\"text-decoration: underline; color: #12a0bc;\"><strong>dieses Formular<\/strong><\/span><\/a>.<\/p>\t\t\t\t\t\t\t\t<\/div>\n\t\t\t\t<\/div>\n\t\t\t\t\t<\/div>\n\t\t<\/div>\n\t\t\t\t\t<\/div>\n\t\t<\/section>\n\t\t\t\t<section class=\"elementor-section elementor-top-section elementor-element elementor-element-9a4af1e elementor-section-boxed elementor-section-height-default elementor-section-height-default\" data-id=\"9a4af1e\" data-element_type=\"section\" data-e-type=\"section\">\n\t\t\t\t\t\t<div class=\"elementor-container elementor-column-gap-default\">\n\t\t\t\t\t<div class=\"elementor-column elementor-col-100 elementor-top-column elementor-element elementor-element-b8f1ac3\" data-id=\"b8f1ac3\" data-element_type=\"column\" data-e-type=\"column\">\n\t\t\t<div class=\"elementor-widget-wrap elementor-element-populated\">\n\t\t\t\t\t\t<div class=\"elementor-element elementor-element-19c3830 elementor-widget elementor-widget-heading\" data-id=\"19c3830\" data-element_type=\"widget\" data-e-type=\"widget\" data-widget_type=\"heading.default\">\n\t\t\t\t<div class=\"elementor-widget-container\">\n\t\t\t\t\t<h4 class=\"elementor-heading-title elementor-size-default\">Buche hier Dein Einzeltraining:<\/h4>\t\t\t\t<\/div>\n\t\t\t\t<\/div>\n\t\t\t\t\t<\/div>\n\t\t<\/div>\n\t\t\t\t\t<\/div>\n\t\t<\/section>\n\t\t\t\t<section class=\"elementor-section elementor-top-section elementor-element elementor-element-e7e95ba elementor-section-boxed elementor-section-height-default elementor-section-height-default\" data-id=\"e7e95ba\" data-element_type=\"section\" data-e-type=\"section\">\n\t\t\t\t\t\t<div class=\"elementor-container elementor-column-gap-default\">\n\t\t\t\t\t<div class=\"elementor-column elementor-col-100 elementor-top-column elementor-element elementor-element-79de3e8\" data-id=\"79de3e8\" data-element_type=\"column\" data-e-type=\"column\">\n\t\t\t<div class=\"elementor-widget-wrap elementor-element-populated\">\n\t\t\t\t\t\t<div class=\"elementor-element elementor-element-dc1e337 elementor-grid-4 elementor-grid-tablet-3 elementor-grid-mobile-2 elementor-products-grid elementor-wc-products elementor-widget elementor-widget-woocommerce-products\" data-id=\"dc1e337\" data-element_type=\"widget\" data-e-type=\"widget\" data-widget_type=\"woocommerce-products.default\">\n\t\t\t\t<div class=\"elementor-widget-container\">\n\t\t\t\t\t<div class=\"woocommerce columns-4 \">\r\n<ul class=\"products elementor-grid oceanwp-row clr grid tablet-col tablet-2-col mobile-col mobile-1-col\">\r\n<li class=\"entry has-media has-product-nav col span_1_of_4 owp-content-center owp-thumbs-layout-horizontal owp-btn-normal owp-tabs-layout-horizontal has-no-thumbnails product type-product post-152 status-publish first instock product_cat-einzeltraining product_tag-einzeltraining has-post-thumbnail taxable shipping-taxable purchasable product-type-simple\">\n\t<div class=\"product-inner clr\">\n\t<div class=\"woo-entry-image clr\">\n\t\t<a href=\"https:\/\/www.melli4dogs.com\/training\/produkt\/einzelstunde\/\" class=\"woocommerce-LoopProduct-link\"><img fetchpriority=\"high\" decoding=\"async\" width=\"300\" height=\"300\" src=\"https:\/\/www.melli4dogs.com\/training\/wp-content\/uploads\/2020\/08\/Einzeltraining-9-1-300x300.jpg\" class=\"woo-entry-image-main\" alt=\"Einzeltraining\" itemprop=\"image\" srcset=\"https:\/\/www.melli4dogs.com\/training\/wp-content\/uploads\/2020\/08\/Einzeltraining-9-1-300x300.jpg 300w, https:\/\/www.melli4dogs.com\/training\/wp-content\/uploads\/2020\/08\/Einzeltraining-9-1-150x150.jpg 150w, https:\/\/www.melli4dogs.com\/training\/wp-content\/uploads\/2020\/08\/Einzeltraining-9-1-100x100.jpg 100w\" sizes=\"(max-width: 300px) 100vw, 300px\" \/><\/a>\t<\/div><!-- .woo-entry-image -->\n\n\t\n\n<ul class=\"woo-entry-inner clr\"><li class=\"image-wrap\">\n\t<div class=\"woo-entry-image clr\">\n\t\t<a href=\"https:\/\/www.melli4dogs.com\/training\/produkt\/einzelstunde\/\" class=\"woocommerce-LoopProduct-link\"><img fetchpriority=\"high\" decoding=\"async\" width=\"300\" height=\"300\" src=\"https:\/\/www.melli4dogs.com\/training\/wp-content\/uploads\/2020\/08\/Einzeltraining-9-1-300x300.jpg\" class=\"woo-entry-image-main\" alt=\"Einzeltraining\" itemprop=\"image\" srcset=\"https:\/\/www.melli4dogs.com\/training\/wp-content\/uploads\/2020\/08\/Einzeltraining-9-1-300x300.jpg 300w, https:\/\/www.melli4dogs.com\/training\/wp-content\/uploads\/2020\/08\/Einzeltraining-9-1-150x150.jpg 150w, https:\/\/www.melli4dogs.com\/training\/wp-content\/uploads\/2020\/08\/Einzeltraining-9-1-100x100.jpg 100w\" sizes=\"(max-width: 300px) 100vw, 300px\" \/><\/a>\t<\/div><!-- .woo-entry-image -->\n\n\t<\/li><li class=\"category\"><a href=\"https:\/\/www.melli4dogs.com\/training\/produkt-kategorie\/einzeltraining\/\" rel=\"tag\">Einzeltraining<\/a><\/li><li class=\"title\"><h2><a href=\"https:\/\/www.melli4dogs.com\/training\/produkt\/einzelstunde\/\">Einzeltraining<\/a><\/h2><\/li><li class=\"price-wrap\">\n\t<span class=\"price\"><span class=\"woocommerce-Price-amount amount\"><bdi>75,00&nbsp;<span class=\"woocommerce-Price-currencySymbol\">&euro;<\/span><\/bdi><\/span><\/span>\n<\/li><li class=\"wc-gzd\">\n\n\t<p class=\"wc-gzd-additional-info wc-gzd-additional-info-loop tax-info\">inkl. 19 % MwSt.<\/p>\n\n\n\n<\/li><li class=\"rating\"><\/li><li class=\"btn-wrap clr\"><a href=\"\/training\/wp-json\/wp\/v2\/pages\/291?add-to-cart=152\" aria-describedby=\"woocommerce_loop_add_to_cart_link_describedby_152\" data-quantity=\"1\" class=\"button product_type_simple add_to_cart_button ajax_add_to_cart\" data-product_id=\"152\" data-product_sku=\"ET-1\" aria-label=\"In den Warenkorb legen: \u201eEinzeltraining\u201c\" rel=\"nofollow\" data-success_message=\"\u201eEinzeltraining\u201c wurde deinem Warenkorb hinzugef\u00fcgt\" role=\"button\">In den Warenkorb<\/a>\t<span id=\"woocommerce_loop_add_to_cart_link_describedby_152\" class=\"screen-reader-text\">\n\t\t\t<\/span>\n<\/li><\/ul><\/div><!-- .product-inner .clr --><\/li>\n<\/ul>\n<\/div>\t\t\t\t<\/div>\n\t\t\t\t<\/div>\n\t\t\t\t\t<\/div>\n\t\t<\/div>\n\t\t\t\t\t<\/div>\n\t\t<\/section>\n\t\t\t\t<\/div>\n\t\t","protected":false},"excerpt":{"rendered":"<p>Einzeltraining Jetzt Deinen Termin buchenHier klickenIndividuelles EinzeltrainingGanz gleich welche Trainingsziele Du mit deinem Hund verfolgst, gerne helfe ich ich euch dabei, sie mit viel Spa\u00df und Know-How zu erreichen.Hier klicken Nichts ist effektiver und besser, als live gemeinsam zu trainieren. Ihr seid f\u00fcr jedes Trainingsthema herzlich willkommen! In individuellen Einzeltrainings werden alle Anliegen in Theorie [&hellip;]<\/p>\n","protected":false},"author":1,"featured_media":0,"parent":297,"menu_order":0,"comment_status":"closed","ping_status":"closed","template":"","meta":{"ocean_post_layout":"","ocean_both_sidebars_style":"","ocean_both_sidebars_content_width":0,"ocean_both_sidebars_sidebars_width":0,"ocean_sidebar":"0","ocean_second_sidebar":"0","ocean_disable_margins":"enable","ocean_add_body_class":"","ocean_shortcode_before_top_bar":"","ocean_shortcode_after_top_bar":"","ocean_shortcode_before_header":"","ocean_shortcode_after_header":"","ocean_has_shortcode":"","ocean_shortcode_after_title":"","ocean_shortcode_before_footer_widgets":"","ocean_shortcode_after_footer_widgets":"","ocean_shortcode_before_footer_bottom":"","ocean_shortcode_after_footer_bottom":"","ocean_display_top_bar":"default","ocean_display_header":"default","ocean_header_style":"","ocean_center_header_left_menu":"0","ocean_custom_header_template":"0","ocean_custom_logo":0,"ocean_custom_retina_logo":0,"ocean_custom_logo_max_width":0,"ocean_custom_logo_tablet_max_width":0,"ocean_custom_logo_mobile_max_width":0,"ocean_custom_logo_max_height":0,"ocean_custom_logo_tablet_max_height":0,"ocean_custom_logo_mobile_max_height":0,"ocean_header_custom_menu":"0","ocean_menu_typo_font_family":"0","ocean_menu_typo_font_subset":"","ocean_menu_typo_font_size":0,"ocean_menu_typo_font_size_tablet":0,"ocean_menu_typo_font_size_mobile":0,"ocean_menu_typo_font_size_unit":"px","ocean_menu_typo_font_weight":"","ocean_menu_typo_font_weight_tablet":"","ocean_menu_typo_font_weight_mobile":"","ocean_menu_typo_transform":"","ocean_menu_typo_transform_tablet":"","ocean_menu_typo_transform_mobile":"","ocean_menu_typo_line_height":0,"ocean_menu_typo_line_height_tablet":0,"ocean_menu_typo_line_height_mobile":0,"ocean_menu_typo_line_height_unit":"","ocean_menu_typo_spacing":0,"ocean_menu_typo_spacing_tablet":0,"ocean_menu_typo_spacing_mobile":0,"ocean_menu_typo_spacing_unit":"","ocean_menu_link_color":"","ocean_menu_link_color_hover":"","ocean_menu_link_color_active":"","ocean_menu_link_background":"","ocean_menu_link_hover_background":"","ocean_menu_link_active_background":"","ocean_menu_social_links_bg":"","ocean_menu_social_hover_links_bg":"","ocean_menu_social_links_color":"","ocean_menu_social_hover_links_color":"","ocean_disable_title":"default","ocean_disable_heading":"default","ocean_post_title":"","ocean_post_subheading":"","ocean_post_title_style":"","ocean_post_title_background_color":"","ocean_post_title_background":0,"ocean_post_title_bg_image_position":"","ocean_post_title_bg_image_attachment":"","ocean_post_title_bg_image_repeat":"","ocean_post_title_bg_image_size":"","ocean_post_title_height":0,"ocean_post_title_bg_overlay":0.5,"ocean_post_title_bg_overlay_color":"","ocean_disable_breadcrumbs":"default","ocean_breadcrumbs_color":"","ocean_breadcrumbs_separator_color":"","ocean_breadcrumbs_links_color":"","ocean_breadcrumbs_links_hover_color":"","ocean_display_footer_widgets":"default","ocean_display_footer_bottom":"default","ocean_custom_footer_template":"0","footnotes":""},"class_list":["post-291","page","type-page","status-publish","hentry","entry","owp-thumbs-layout-horizontal","owp-btn-normal","owp-tabs-layout-horizontal","has-no-thumbnails","has-product-nav"],"jetpack_sharing_enabled":true,"_links":{"self":[{"href":"https:\/\/www.melli4dogs.com\/training\/wp-json\/wp\/v2\/pages\/291","targetHints":{"allow":["GET"]}}],"collection":[{"href":"https:\/\/www.melli4dogs.com\/training\/wp-json\/wp\/v2\/pages"}],"about":[{"href":"https:\/\/www.melli4dogs.com\/training\/wp-json\/wp\/v2\/types\/page"}],"author":[{"embeddable":true,"href":"https:\/\/www.melli4dogs.com\/training\/wp-json\/wp\/v2\/users\/1"}],"replies":[{"embeddable":true,"href":"https:\/\/www.melli4dogs.com\/training\/wp-json\/wp\/v2\/comments?post=291"}],"version-history":[{"count":88,"href":"https:\/\/www.melli4dogs.com\/training\/wp-json\/wp\/v2\/pages\/291\/revisions"}],"predecessor-version":[{"id":2681,"href":"https:\/\/www.melli4dogs.com\/training\/wp-json\/wp\/v2\/pages\/291\/revisions\/2681"}],"up":[{"embeddable":true,"href":"https:\/\/www.melli4dogs.com\/training\/wp-json\/wp\/v2\/pages\/297"}],"wp:attachment":[{"href":"https:\/\/www.melli4dogs.com\/training\/wp-json\/wp\/v2\/media?parent=291"}],"curies":[{"name":"wp","href":"https:\/\/api.w.org\/{rel}","templated":true}]}}