{"id":1666,"date":"2020-08-28T20:44:43","date_gmt":"2020-08-28T18:44:43","guid":{"rendered":"http:\/\/www.melli4dogs.com\/training\/?post_type=product&#038;p=1666"},"modified":"2024-04-17T14:19:04","modified_gmt":"2024-04-17T12:19:04","slug":"anti-giftkoeder","status":"publish","type":"product","link":"https:\/\/www.melli4dogs.com\/training\/produkt\/anti-giftkoeder\/","title":{"rendered":"Anti-Giftk\u00f6der Kurs in Hoisdorf"},"content":{"rendered":"\t\t<div data-elementor-type=\"product-post\" data-elementor-id=\"1666\" class=\"elementor elementor-1666\" data-elementor-post-type=\"product\">\n\t\t\t\t\t\t<section class=\"elementor-section elementor-top-section elementor-element elementor-element-b395e3a elementor-section-boxed elementor-section-height-default elementor-section-height-default\" data-id=\"b395e3a\" data-element_type=\"section\" data-e-type=\"section\">\n\t\t\t\t\t\t<div class=\"elementor-container elementor-column-gap-default\">\n\t\t\t\t\t<div class=\"elementor-column elementor-col-100 elementor-top-column elementor-element elementor-element-8746532\" data-id=\"8746532\" data-element_type=\"column\" data-e-type=\"column\">\n\t\t\t<div class=\"elementor-widget-wrap elementor-element-populated\">\n\t\t\t\t\t\t<section class=\"elementor-section elementor-inner-section elementor-element elementor-element-d45e96f elementor-section-boxed elementor-section-height-default elementor-section-height-default\" data-id=\"d45e96f\" data-element_type=\"section\" data-e-type=\"section\">\n\t\t\t\t\t\t<div class=\"elementor-container elementor-column-gap-default\">\n\t\t\t\t\t<div class=\"elementor-column elementor-col-50 elementor-inner-column elementor-element elementor-element-e530e57\" data-id=\"e530e57\" data-element_type=\"column\" data-e-type=\"column\">\n\t\t\t<div class=\"elementor-widget-wrap elementor-element-populated\">\n\t\t\t\t\t\t<div class=\"elementor-element elementor-element-679fd52 elementor-widget elementor-widget-image\" data-id=\"679fd52\" data-element_type=\"widget\" data-e-type=\"widget\" data-widget_type=\"image.default\">\n\t\t\t\t<div class=\"elementor-widget-container\">\n\t\t\t\t\t\t\t\t\t\t\t\t\t\t\t\t<a href=\"https:\/\/www.melli4dogs.com\/training\/produkt\/anti-giftkoeder-online-kurs-mit-whatsapp-betreuung\/\">\n\t\t\t\t\t\t\t<img fetchpriority=\"high\" decoding=\"async\" width=\"1024\" height=\"1024\" src=\"https:\/\/www.melli4dogs.com\/training\/wp-content\/uploads\/2024\/03\/Beige-Weiss-Mockup-Schlicht-Online-Kurs-Digitales-Produkt-Werbung-Instagram-_20240401_000402_0000-1024x1024.jpg\" class=\"attachment-large size-large wp-image-5009\" alt=\"\" srcset=\"https:\/\/www.melli4dogs.com\/training\/wp-content\/uploads\/2024\/03\/Beige-Weiss-Mockup-Schlicht-Online-Kurs-Digitales-Produkt-Werbung-Instagram-_20240401_000402_0000-1024x1024.jpg 1024w, https:\/\/www.melli4dogs.com\/training\/wp-content\/uploads\/2024\/03\/Beige-Weiss-Mockup-Schlicht-Online-Kurs-Digitales-Produkt-Werbung-Instagram-_20240401_000402_0000-300x300.jpg 300w, https:\/\/www.melli4dogs.com\/training\/wp-content\/uploads\/2024\/03\/Beige-Weiss-Mockup-Schlicht-Online-Kurs-Digitales-Produkt-Werbung-Instagram-_20240401_000402_0000-150x150.jpg 150w, https:\/\/www.melli4dogs.com\/training\/wp-content\/uploads\/2024\/03\/Beige-Weiss-Mockup-Schlicht-Online-Kurs-Digitales-Produkt-Werbung-Instagram-_20240401_000402_0000-768x768.jpg 768w, https:\/\/www.melli4dogs.com\/training\/wp-content\/uploads\/2024\/03\/Beige-Weiss-Mockup-Schlicht-Online-Kurs-Digitales-Produkt-Werbung-Instagram-_20240401_000402_0000-600x600.jpg 600w, https:\/\/www.melli4dogs.com\/training\/wp-content\/uploads\/2024\/03\/Beige-Weiss-Mockup-Schlicht-Online-Kurs-Digitales-Produkt-Werbung-Instagram-_20240401_000402_0000-100x100.jpg 100w, https:\/\/www.melli4dogs.com\/training\/wp-content\/uploads\/2024\/03\/Beige-Weiss-Mockup-Schlicht-Online-Kurs-Digitales-Produkt-Werbung-Instagram-_20240401_000402_0000.jpg 1080w\" sizes=\"(max-width: 1024px) 100vw, 1024px\" \/>\t\t\t\t\t\t\t\t<\/a>\n\t\t\t\t\t\t\t\t\t\t\t\t\t\t\t<\/div>\n\t\t\t\t<\/div>\n\t\t\t\t\t<\/div>\n\t\t<\/div>\n\t\t\t\t<div class=\"elementor-column elementor-col-50 elementor-inner-column elementor-element elementor-element-1bd77db\" data-id=\"1bd77db\" data-element_type=\"column\" data-e-type=\"column\">\n\t\t\t<div class=\"elementor-widget-wrap elementor-element-populated\">\n\t\t\t\t\t\t<div class=\"elementor-element elementor-element-aa12525 elementor-widget elementor-widget-heading\" data-id=\"aa12525\" data-element_type=\"widget\" data-e-type=\"widget\" data-widget_type=\"heading.default\">\n\t\t\t\t<div class=\"elementor-widget-container\">\n\t\t\t\t\t<h2 class=\"elementor-heading-title elementor-size-default\">Jetzt als Online-Selbstlernkurs buchen!<\/h2>\t\t\t\t<\/div>\n\t\t\t\t<\/div>\n\t\t\t\t<div class=\"elementor-element elementor-element-c9f2cfd elementor-widget elementor-widget-text-editor\" data-id=\"c9f2cfd\" data-element_type=\"widget\" data-e-type=\"widget\" data-widget_type=\"text-editor.default\">\n\t\t\t\t<div class=\"elementor-widget-container\">\n\t\t\t\t\t\t\t\t\t<p>Der Anti-Giftk\u00f6der Kurs ist ab sofort online als Selbstlernkurs verf\u00fcgbar. Ausf\u00fchrliche Trainingsanleitungen und viele Beispiele, damit Du ganz in Deinem Tempo mittrainieren kannst.<\/p>\t\t\t\t\t\t\t\t<\/div>\n\t\t\t\t<\/div>\n\t\t\t\t<div class=\"elementor-element elementor-element-07ffdfd elementor-widget elementor-widget-button\" data-id=\"07ffdfd\" data-element_type=\"widget\" data-e-type=\"widget\" data-widget_type=\"button.default\">\n\t\t\t\t<div class=\"elementor-widget-container\">\n\t\t\t\t\t\t\t\t\t<div class=\"elementor-button-wrapper\">\n\t\t\t\t\t<a class=\"elementor-button elementor-button-link elementor-size-sm\" href=\"https:\/\/www.melli4dogs.com\/training\/anti-giftkoeder-kurs\/\">\n\t\t\t\t\t\t<span class=\"elementor-button-content-wrapper\">\n\t\t\t\t\t\t\t\t\t<span class=\"elementor-button-text\">mehr Infos...<\/span>\n\t\t\t\t\t<\/span>\n\t\t\t\t\t<\/a>\n\t\t\t\t<\/div>\n\t\t\t\t\t\t\t\t<\/div>\n\t\t\t\t<\/div>\n\t\t\t\t\t<\/div>\n\t\t<\/div>\n\t\t\t\t\t<\/div>\n\t\t<\/section>\n\t\t\t\t<div class=\"elementor-element elementor-element-315babf elementor-widget-divider--view-line elementor-widget elementor-widget-divider\" data-id=\"315babf\" data-element_type=\"widget\" data-e-type=\"widget\" data-widget_type=\"divider.default\">\n\t\t\t\t<div class=\"elementor-widget-container\">\n\t\t\t\t\t\t\t<div class=\"elementor-divider\">\n\t\t\t<span class=\"elementor-divider-separator\">\n\t\t\t\t\t\t<\/span>\n\t\t<\/div>\n\t\t\t\t\t\t<\/div>\n\t\t\t\t<\/div>\n\t\t\t\t<div class=\"elementor-element elementor-element-001aa97 elementor-widget elementor-widget-video\" data-id=\"001aa97\" data-element_type=\"widget\" data-e-type=\"widget\" data-settings=\"{&quot;youtube_url&quot;:&quot;https:\\\/\\\/www.youtube.com\\\/watch?v=ymkzdBxpJBM&quot;,&quot;video_type&quot;:&quot;youtube&quot;,&quot;controls&quot;:&quot;yes&quot;}\" data-widget_type=\"video.default\">\n\t\t\t\t<div class=\"elementor-widget-container\">\n\t\t\t\t\t\t\t<div class=\"elementor-wrapper elementor-open-inline\">\n\t\t\t<div class=\"elementor-video\"><\/div>\t\t<\/div>\n\t\t\t\t\t\t<\/div>\n\t\t\t\t<\/div>\n\t\t\t\t\t<\/div>\n\t\t<\/div>\n\t\t\t\t\t<\/div>\n\t\t<\/section>\n\t\t\t\t<section class=\"elementor-section elementor-top-section elementor-element elementor-element-115cba26 elementor-section-boxed elementor-section-height-default elementor-section-height-default\" data-id=\"115cba26\" data-element_type=\"section\" data-e-type=\"section\">\n\t\t\t\t\t\t<div class=\"elementor-container elementor-column-gap-default\">\n\t\t\t\t\t<div class=\"elementor-column elementor-col-100 elementor-top-column elementor-element elementor-element-6914504a\" data-id=\"6914504a\" data-element_type=\"column\" data-e-type=\"column\">\n\t\t\t<div class=\"elementor-widget-wrap elementor-element-populated\">\n\t\t\t\t\t\t<div class=\"elementor-element elementor-element-3509b280 elementor-widget elementor-widget-text-editor\" data-id=\"3509b280\" data-element_type=\"widget\" data-e-type=\"widget\" data-widget_type=\"text-editor.default\">\n\t\t\t\t<div class=\"elementor-widget-container\">\n\t\t\t\t\t\t\t\t\t<p>Ein Kurs, der Leben retten kann.\u00a0<\/p><p>8 Trainingseinheiten \u00fcber je 60 Min. in Theorie und Praxis zum Thema Anti-Giftk\u00f6der Training<\/p><p>Wir \u00fcben gemeinsam in Hoisdorf. Jedes Team wird auf seinem ganz eigenen, individuellen Trainingsstand abgeholt und im Training weiter vorangebracht.<\/p><p>Neu-Einsteiger und Fortgeschrittene sind herzlich willkommen und werden garantiert voneinander profitieren.<\/p><p>Wir abeiten erfolgsbasiert und bringen unseren Hunden bei, welches Verhalten erw\u00fcnscht ist. Es gibt keine Einsch\u00fcchterung des Tieres, kein Lernen durch Meideverhalten (was leider noch sehr h\u00e4ufig bei veraltetem Training in Zusammenhang mit diesem Thema zur Anwendung kommt, allerdings absolut kontraproduktiv ist).<\/p><p>\u00a0<\/p><p>Termine f\u00fcr den Kurs in\u00a0<span style=\"font-family: 'Open Sans', sans-serif; font-size: 16px; font-style: normal; font-variant-ligatures: normal; font-variant-caps: normal; font-weight: 400;\">2024\u00a0<\/span><span style=\"font-size: 16px;\">sind:<\/span><\/p><p><span style=\"font-family: 'Open Sans', sans-serif; font-size: 16px; font-style: normal; font-variant-ligatures: normal; font-variant-caps: normal; font-weight: 400;\">Sonntag 07.04.2024 um 10:00 Uhr<\/span><span style=\"font-family: 'Open Sans', sans-serif; font-size: 16px; font-style: normal; font-variant-ligatures: normal; font-variant-caps: normal; font-weight: 400;\"><br \/><\/span><\/p><p><span style=\"font-family: 'Open Sans', sans-serif; font-size: 16px; font-style: normal; font-variant-ligatures: normal; font-variant-caps: normal; font-weight: 400;\">Sonntag 14.04.2024 um 10:00 Uhr<\/span><span style=\"font-family: 'Open Sans', sans-serif; font-size: 16px; font-style: normal; font-variant-ligatures: normal; font-variant-caps: normal; font-weight: 400;\"><br \/><\/span><\/p><p><span style=\"font-family: 'Open Sans', sans-serif; font-size: 16px; font-style: normal; font-variant-ligatures: normal; font-variant-caps: normal; font-weight: 400;\">Sonntag 21.04.2024 um 10:00 Uhr<\/span><\/p><p><span style=\"font-family: 'Open Sans', sans-serif; font-size: 16px; font-style: normal; font-variant-ligatures: normal; font-variant-caps: normal; font-weight: 400;\">Sonntag 12.05.2024 um 10:00 Uhr<\/span><span style=\"font-family: 'Open Sans', sans-serif; font-size: 16px; font-style: normal; font-variant-ligatures: normal; font-variant-caps: normal; font-weight: 400;\"><br \/><\/span><\/p><p><span style=\"font-family: 'Open Sans', sans-serif; font-size: 16px; font-style: normal; font-variant-ligatures: normal; font-variant-caps: normal; font-weight: 400;\">Sonntag 26.05.2024 um 10:00 Uhr<\/span><span style=\"font-family: 'Open Sans', sans-serif; font-size: 16px; font-style: normal; font-variant-ligatures: normal; font-variant-caps: normal; font-weight: 400;\"><br \/><\/span><\/p><p><span style=\"font-family: 'Open Sans', sans-serif; font-size: 16px; font-style: normal; font-variant-ligatures: normal; font-variant-caps: normal; font-weight: 400;\">Sonntag 09.06.2024 um 10:00 Uhr<\/span><span style=\"font-family: 'Open Sans', sans-serif; font-size: 16px; font-style: normal; font-variant-ligatures: normal; font-variant-caps: normal; font-weight: 400;\"><br \/><\/span><\/p><p><span style=\"font-family: 'Open Sans', sans-serif; font-size: 16px; font-style: normal; font-variant-ligatures: normal; font-variant-caps: normal; font-weight: 400;\">Sonntag 23.06.2024 um 10:00 Uhr<\/span><\/p><p><span style=\"font-family: 'Open Sans', sans-serif; font-size: 16px; font-style: normal; font-variant-ligatures: normal; font-variant-caps: normal; font-weight: 400;\">Sonntag 30.06.2024 um 16:00 Uhr!<\/span><\/p><p><span style=\"font-family: 'Open Sans', sans-serif; font-size: 16px; font-style: normal; font-variant-ligatures: normal; font-variant-caps: normal; font-weight: 400;\">\u00a0<\/span><\/p><p><span style=\"font-family: 'Open Sans', sans-serif; font-size: 16px; font-style: normal; font-variant-ligatures: normal; font-variant-caps: normal; font-weight: 400;\">\u00a0<\/span><\/p><p><span style=\"font-family: 'Open Sans', sans-serif; font-size: 16px; font-style: normal; font-variant-ligatures: normal; font-variant-caps: normal; font-weight: 400;\">Kursbuchungen k\u00f6nnen nicht storniert werden, aber die Teilnahme kann an Dritte weitergegeben werden.<\/span><span style=\"font-family: 'Open Sans', sans-serif; font-size: 16px; font-style: normal; font-variant-ligatures: normal; font-variant-caps: normal; font-weight: 400;\"><br \/><\/span><\/p>\t\t\t\t\t\t\t\t<\/div>\n\t\t\t\t<\/div>\n\t\t\t\t\t<\/div>\n\t\t<\/div>\n\t\t\t\t\t<\/div>\n\t\t<\/section>\n\t\t\t\t<section class=\"elementor-section elementor-top-section elementor-element elementor-element-9bea56a elementor-section-boxed elementor-section-height-default elementor-section-height-default\" data-id=\"9bea56a\" data-element_type=\"section\" data-e-type=\"section\">\n\t\t\t\t\t\t<div class=\"elementor-container elementor-column-gap-default\">\n\t\t\t\t\t<div class=\"elementor-column elementor-col-100 elementor-top-column elementor-element elementor-element-fbc6f01\" data-id=\"fbc6f01\" data-element_type=\"column\" data-e-type=\"column\">\n\t\t\t<div class=\"elementor-widget-wrap elementor-element-populated\">\n\t\t\t\t\t\t<div class=\"elementor-element elementor-element-f8245f6 elementor-widget elementor-widget-global elementor-global-2389 elementor-widget-woocommerce-breadcrumb\" data-id=\"f8245f6\" data-element_type=\"widget\" data-e-type=\"widget\" data-widget_type=\"woocommerce-breadcrumb.default\">\n\t\t\t\t<div class=\"elementor-widget-container\">\n\t\t\t\t\t<div class=\"site-breadcrumbs woocommerce-breadcrumbs clr\">Start<\/div>\t\t\t\t<\/div>\n\t\t\t\t<\/div>\n\t\t\t\t\t<\/div>\n\t\t<\/div>\n\t\t\t\t\t<\/div>\n\t\t<\/section>\n\t\t\t\t<\/div>\n\t\t","protected":false},"excerpt":{"rendered":"<p>Jetzt als Online-Selbstlernkurs buchen! Der Anti-Giftk\u00f6der Kurs ist ab sofort online als Selbstlernkurs verf\u00fcgbar. Ausf\u00fchrliche Trainingsanleitungen und viele Beispiele, damit Du ganz in Deinem Tempo mittrainieren kannst. mehr Infos&#8230; https:\/\/www.youtube.com\/watch?v=ymkzdBxpJBM Ein Kurs, der Leben retten kann.\u00a0 8 Trainingseinheiten \u00fcber je 60 Min. in Theorie und Praxis zum Thema Anti-Giftk\u00f6der Training Wir \u00fcben gemeinsam in Hoisdorf. [&hellip;]<\/p>\n","protected":false},"featured_media":1672,"template":"","meta":{"ocean_post_layout":"","ocean_both_sidebars_style":"","ocean_both_sidebars_content_width":0,"ocean_both_sidebars_sidebars_width":0,"ocean_sidebar":"0","ocean_second_sidebar":"0","ocean_disable_margins":"enable","ocean_add_body_class":"","ocean_shortcode_before_top_bar":"","ocean_shortcode_after_top_bar":"","ocean_shortcode_before_header":"","ocean_shortcode_after_header":"","ocean_has_shortcode":"","ocean_shortcode_after_title":"","ocean_shortcode_before_footer_widgets":"","ocean_shortcode_after_footer_widgets":"","ocean_shortcode_before_footer_bottom":"","ocean_shortcode_after_footer_bottom":"","ocean_display_top_bar":"default","ocean_display_header":"default","ocean_header_style":"","ocean_center_header_left_menu":"0","ocean_custom_header_template":"0","ocean_custom_logo":0,"ocean_custom_retina_logo":0,"ocean_custom_logo_max_width":0,"ocean_custom_logo_tablet_max_width":0,"ocean_custom_logo_mobile_max_width":0,"ocean_custom_logo_max_height":0,"ocean_custom_logo_tablet_max_height":0,"ocean_custom_logo_mobile_max_height":0,"ocean_header_custom_menu":"0","ocean_menu_typo_font_family":"0","ocean_menu_typo_font_subset":"","ocean_menu_typo_font_size":0,"ocean_menu_typo_font_size_tablet":0,"ocean_menu_typo_font_size_mobile":0,"ocean_menu_typo_font_size_unit":"px","ocean_menu_typo_font_weight":"","ocean_menu_typo_font_weight_tablet":"","ocean_menu_typo_font_weight_mobile":"","ocean_menu_typo_transform":"","ocean_menu_typo_transform_tablet":"","ocean_menu_typo_transform_mobile":"","ocean_menu_typo_line_height":0,"ocean_menu_typo_line_height_tablet":0,"ocean_menu_typo_line_height_mobile":0,"ocean_menu_typo_line_height_unit":"","ocean_menu_typo_spacing":0,"ocean_menu_typo_spacing_tablet":0,"ocean_menu_typo_spacing_mobile":0,"ocean_menu_typo_spacing_unit":"","ocean_menu_link_color":"","ocean_menu_link_color_hover":"","ocean_menu_link_color_active":"","ocean_menu_link_background":"","ocean_menu_link_hover_background":"","ocean_menu_link_active_background":"","ocean_menu_social_links_bg":"","ocean_menu_social_hover_links_bg":"","ocean_menu_social_links_color":"","ocean_menu_social_hover_links_color":"","ocean_disable_title":"default","ocean_disable_heading":"default","ocean_post_title":"","ocean_post_subheading":"","ocean_post_title_style":"","ocean_post_title_background_color":"","ocean_post_title_background":0,"ocean_post_title_bg_image_position":"","ocean_post_title_bg_image_attachment":"","ocean_post_title_bg_image_repeat":"","ocean_post_title_bg_image_size":"","ocean_post_title_height":0,"ocean_post_title_bg_overlay":0.5,"ocean_post_title_bg_overlay_color":"","ocean_disable_breadcrumbs":"default","ocean_breadcrumbs_color":"","ocean_breadcrumbs_separator_color":"","ocean_breadcrumbs_links_color":"","ocean_breadcrumbs_links_hover_color":"","ocean_display_footer_widgets":"default","ocean_display_footer_bottom":"default","ocean_custom_footer_template":"0"},"product_brand":[],"product_cat":[21,22],"product_tag":[56,58,57],"class_list":{"0":"post-1666","1":"product","2":"type-product","3":"status-publish","4":"has-post-thumbnail","6":"product_cat-gruppentraining","7":"product_cat-workshops","8":"product_tag-anti-giftkoeder","9":"product_tag-online-kurs","10":"product_tag-training","12":"entry","13":"has-media","15":"first","16":"outofstock","17":"sale","18":"taxable","19":"shipping-taxable","20":"purchasable","21":"product-type-simple","22":"has-product-nav","23":"col","24":"span_1_of_3","25":"owp-content-center","26":"owp-thumbs-layout-horizontal","27":"owp-btn-normal","28":"owp-tabs-layout-horizontal","29":"has-no-thumbnails"},"jetpack_sharing_enabled":true,"_links":{"self":[{"href":"https:\/\/www.melli4dogs.com\/training\/wp-json\/wp\/v2\/product\/1666","targetHints":{"allow":["GET"]}}],"collection":[{"href":"https:\/\/www.melli4dogs.com\/training\/wp-json\/wp\/v2\/product"}],"about":[{"href":"https:\/\/www.melli4dogs.com\/training\/wp-json\/wp\/v2\/types\/product"}],"version-history":[{"count":67,"href":"https:\/\/www.melli4dogs.com\/training\/wp-json\/wp\/v2\/product\/1666\/revisions"}],"predecessor-version":[{"id":5076,"href":"https:\/\/www.melli4dogs.com\/training\/wp-json\/wp\/v2\/product\/1666\/revisions\/5076"}],"wp:featuredmedia":[{"embeddable":true,"href":"https:\/\/www.melli4dogs.com\/training\/wp-json\/wp\/v2\/media\/1672"}],"wp:attachment":[{"href":"https:\/\/www.melli4dogs.com\/training\/wp-json\/wp\/v2\/media?parent=1666"}],"wp:term":[{"taxonomy":"product_brand","embeddable":true,"href":"https:\/\/www.melli4dogs.com\/training\/wp-json\/wp\/v2\/product_brand?post=1666"},{"taxonomy":"product_cat","embeddable":true,"href":"https:\/\/www.melli4dogs.com\/training\/wp-json\/wp\/v2\/product_cat?post=1666"},{"taxonomy":"product_tag","embeddable":true,"href":"https:\/\/www.melli4dogs.com\/training\/wp-json\/wp\/v2\/product_tag?post=1666"}],"curies":[{"name":"wp","href":"https:\/\/api.w.org\/{rel}","templated":true}]}}