{"id":1973,"date":"2020-09-21T00:22:04","date_gmt":"2020-09-20T22:22:04","guid":{"rendered":"http:\/\/www.melli4dogs.com\/training\/?post_type=product&#038;p=1973"},"modified":"2024-05-21T16:04:39","modified_gmt":"2024-05-21T14:04:39","slug":"welpenpaket-rundum-sorglos","status":"publish","type":"product","link":"https:\/\/www.melli4dogs.com\/training\/produkt\/welpenpaket-rundum-sorglos\/","title":{"rendered":"Welpenpaket &#8222;rundum sorglos&#8220;"},"content":{"rendered":"\t\t<div data-elementor-type=\"product-post\" data-elementor-id=\"1973\" class=\"elementor elementor-1973\" data-elementor-post-type=\"product\">\n\t\t\t\t\t\t<section class=\"elementor-section elementor-top-section elementor-element elementor-element-8a8dde6 elementor-section-boxed elementor-section-height-default elementor-section-height-default\" data-id=\"8a8dde6\" data-element_type=\"section\" data-e-type=\"section\">\n\t\t\t\t\t\t<div class=\"elementor-container elementor-column-gap-default\">\n\t\t\t\t\t<div class=\"elementor-column elementor-col-100 elementor-top-column elementor-element elementor-element-c1abe7f\" data-id=\"c1abe7f\" data-element_type=\"column\" data-e-type=\"column\">\n\t\t\t<div class=\"elementor-widget-wrap elementor-element-populated\">\n\t\t\t\t\t\t<div class=\"elementor-element elementor-element-c8f0874 elementor-widget elementor-widget-text-editor\" data-id=\"c8f0874\" data-element_type=\"widget\" data-e-type=\"widget\" data-widget_type=\"text-editor.default\">\n\t\t\t\t<div class=\"elementor-widget-container\">\n\t\t\t\t\t\t\t\t\t<div class=\"owp-floating-bar show\"><div class=\"container clr\"><div class=\"right\"><div class=\"product_price\">\u00a0<\/div><\/div><\/div><\/div><p>\u00a0<\/p><main id=\"main\" class=\"site-main clr\" role=\"main\"><p>\u00a0<\/p><div id=\"content-wrap\" class=\"container clr\"><div id=\"primary\" class=\"content-area clr\"><div id=\"content\" class=\"clr site-content\"><article class=\"entry-content entry clr\"><div id=\"product-1973\" class=\"entry has-media owp-thumbs-layout-horizontal owp-btn-normal owp-tabs-layout-horizontal has-product-nav product type-product post-1973 status-publish first outofstock product_cat-gruppentraining product_cat-welpen-und-junghunde has-post-thumbnail sale taxable shipping-taxable purchasable product-type-simple\"><div class=\"summary entry-summary\"><div class=\"elementor-price-table__header\"><h3 class=\"elementor-price-table__heading\">Welpen Start-Paket<\/h3><p><span class=\"elementor-price-table__subheading\">Buche jetzt Dein optimales Rundum-Sorglos-Programm zum Sparpreis von 299 \u20ac!<\/span><\/p><\/div><ul class=\"elementor-price-table__features-list\"><li class=\"elementor-repeater-item-842cb56\"><div class=\"elementor-price-table__feature-inner\"><i class=\"far fa-gem\" aria-hidden=\"true\"><\/i>\u00a01x w\u00f6chentlich optimales Training f\u00fcr deinen Welpen \u00fcber einen Zeitraum von drei Monaten<\/div><\/li><li class=\"elementor-repeater-item-7527717\"><div class=\"elementor-price-table__feature-inner\"><i class=\"fas fa-plus\" aria-hidden=\"true\"><\/i>\u00a0Aktiv-Spaziergang Deiner Wahl<\/div><\/li><li class=\"elementor-repeater-item-b058b05\"><div class=\"elementor-price-table__feature-inner\"><i class=\"far fa-thumbs-up\" aria-hidden=\"true\"><\/i>\u00a01 x 60 Min. individuelles Einzeltraining &#8211; mit viel Spa\u00df ein eingespieltes Team werden<\/div><\/li><li class=\"elementor-repeater-item-0ad5639\"><div class=\"elementor-price-table__feature-inner\"><i class=\"far fa-comments\" aria-hidden=\"true\"><\/i>\u00a0Professionelle Ansprechpartner f\u00fcr Deine Fragen<\/div><\/li><li class=\"elementor-repeater-item-0735339\"><div class=\"elementor-price-table__feature-inner\"><i class=\"fas fa-dog\" aria-hidden=\"true\"><\/i>\u00a0Grundausbildung &#8211; Vertrauen schaffen, Bindung aufbauen<\/div><\/li><li class=\"elementor-repeater-item-72d9fea\"><div class=\"elementor-price-table__feature-inner\"><i class=\"fas fa-heart\" aria-hidden=\"true\"><\/i>\u00a0Sozialverhalten und Impulskontrolle f\u00f6rdern<\/div><\/li><li class=\"elementor-repeater-item-e3fad76\"><div class=\"elementor-price-table__feature-inner\"><i class=\"far fa-check-circle\" aria-hidden=\"true\"><\/i>\u00a0Entspannter Alltag bereits mit dem Junghund<\/div><\/li><\/ul><\/div><\/div><\/article><\/div><\/div><\/div><p>\u00a0<\/p><\/main><p>\u00a0<\/p>\t\t\t\t\t\t\t\t<\/div>\n\t\t\t\t<\/div>\n\t\t\t\t\t<\/div>\n\t\t<\/div>\n\t\t\t\t\t<\/div>\n\t\t<\/section>\n\t\t\t\t<section class=\"elementor-section elementor-top-section elementor-element elementor-element-e019ce9 elementor-section-boxed elementor-section-height-default elementor-section-height-default\" data-id=\"e019ce9\" data-element_type=\"section\" data-e-type=\"section\">\n\t\t\t\t\t\t<div class=\"elementor-container elementor-column-gap-default\">\n\t\t\t\t\t<div class=\"elementor-column elementor-col-100 elementor-top-column elementor-element elementor-element-b994099\" data-id=\"b994099\" data-element_type=\"column\" data-e-type=\"column\">\n\t\t\t<div class=\"elementor-widget-wrap elementor-element-populated\">\n\t\t\t\t\t\t<div class=\"elementor-element elementor-element-1b67267 elementor-widget elementor-widget-global elementor-global-2389 elementor-widget-woocommerce-breadcrumb\" data-id=\"1b67267\" data-element_type=\"widget\" data-e-type=\"widget\" data-widget_type=\"woocommerce-breadcrumb.default\">\n\t\t\t\t<div class=\"elementor-widget-container\">\n\t\t\t\t\t<div class=\"site-breadcrumbs woocommerce-breadcrumbs clr\">Start<\/div>\t\t\t\t<\/div>\n\t\t\t\t<\/div>\n\t\t\t\t\t<\/div>\n\t\t<\/div>\n\t\t\t\t\t<\/div>\n\t\t<\/section>\n\t\t\t\t<\/div>\n\t\t","protected":false},"excerpt":{"rendered":"<p>&nbsp; Welpen Start-Paket Buche jetzt Dein optimales Rundum-Sorglos-Programm zum Sparpreis von 299 \u20ac! \u00a01x w\u00f6chentlich optimales Training f\u00fcr deinen Welpen \u00fcber einen Zeitraum von drei Monaten \u00a0Aktiv-Spaziergang Deiner Wahl \u00a01 x 60 Min. individuelles Einzeltraining &#8211; mit viel Spa\u00df ein eingespieltes Team werden \u00a0Professionelle Ansprechpartner f\u00fcr Deine Fragen \u00a0Grundausbildung &#8211; Vertrauen schaffen, Bindung aufbauen \u00a0Sozialverhalten [&hellip;]<\/p>\n","protected":false},"featured_media":976,"template":"","meta":{"ocean_post_layout":"","ocean_both_sidebars_style":"","ocean_both_sidebars_content_width":0,"ocean_both_sidebars_sidebars_width":0,"ocean_sidebar":"0","ocean_second_sidebar":"0","ocean_disable_margins":"enable","ocean_add_body_class":"","ocean_shortcode_before_top_bar":"","ocean_shortcode_after_top_bar":"","ocean_shortcode_before_header":"","ocean_shortcode_after_header":"","ocean_has_shortcode":"","ocean_shortcode_after_title":"","ocean_shortcode_before_footer_widgets":"","ocean_shortcode_after_footer_widgets":"","ocean_shortcode_before_footer_bottom":"","ocean_shortcode_after_footer_bottom":"","ocean_display_top_bar":"default","ocean_display_header":"default","ocean_header_style":"","ocean_center_header_left_menu":"0","ocean_custom_header_template":"0","ocean_custom_logo":0,"ocean_custom_retina_logo":0,"ocean_custom_logo_max_width":0,"ocean_custom_logo_tablet_max_width":0,"ocean_custom_logo_mobile_max_width":0,"ocean_custom_logo_max_height":0,"ocean_custom_logo_tablet_max_height":0,"ocean_custom_logo_mobile_max_height":0,"ocean_header_custom_menu":"0","ocean_menu_typo_font_family":"0","ocean_menu_typo_font_subset":"","ocean_menu_typo_font_size":0,"ocean_menu_typo_font_size_tablet":0,"ocean_menu_typo_font_size_mobile":0,"ocean_menu_typo_font_size_unit":"px","ocean_menu_typo_font_weight":"","ocean_menu_typo_font_weight_tablet":"","ocean_menu_typo_font_weight_mobile":"","ocean_menu_typo_transform":"","ocean_menu_typo_transform_tablet":"","ocean_menu_typo_transform_mobile":"","ocean_menu_typo_line_height":0,"ocean_menu_typo_line_height_tablet":0,"ocean_menu_typo_line_height_mobile":0,"ocean_menu_typo_line_height_unit":"","ocean_menu_typo_spacing":0,"ocean_menu_typo_spacing_tablet":0,"ocean_menu_typo_spacing_mobile":0,"ocean_menu_typo_spacing_unit":"","ocean_menu_link_color":"","ocean_menu_link_color_hover":"","ocean_menu_link_color_active":"","ocean_menu_link_background":"","ocean_menu_link_hover_background":"","ocean_menu_link_active_background":"","ocean_menu_social_links_bg":"","ocean_menu_social_hover_links_bg":"","ocean_menu_social_links_color":"","ocean_menu_social_hover_links_color":"","ocean_disable_title":"default","ocean_disable_heading":"default","ocean_post_title":"","ocean_post_subheading":"","ocean_post_title_style":"","ocean_post_title_background_color":"","ocean_post_title_background":0,"ocean_post_title_bg_image_position":"","ocean_post_title_bg_image_attachment":"","ocean_post_title_bg_image_repeat":"","ocean_post_title_bg_image_size":"","ocean_post_title_height":0,"ocean_post_title_bg_overlay":0.5,"ocean_post_title_bg_overlay_color":"","ocean_disable_breadcrumbs":"default","ocean_breadcrumbs_color":"","ocean_breadcrumbs_separator_color":"","ocean_breadcrumbs_links_color":"","ocean_breadcrumbs_links_hover_color":"","ocean_display_footer_widgets":"default","ocean_display_footer_bottom":"default","ocean_custom_footer_template":"0"},"product_brand":[],"product_cat":[21,60],"product_tag":[],"class_list":{"0":"post-1973","1":"product","2":"type-product","3":"status-publish","4":"has-post-thumbnail","6":"product_cat-gruppentraining","7":"product_cat-welpen-und-junghunde","9":"entry","10":"has-media","12":"first","13":"outofstock","14":"taxable","15":"shipping-taxable","16":"purchasable","17":"product-type-simple","18":"has-product-nav","19":"col","20":"span_1_of_3","21":"owp-content-center","22":"owp-thumbs-layout-horizontal","23":"owp-btn-normal","24":"owp-tabs-layout-horizontal"},"jetpack_sharing_enabled":true,"_links":{"self":[{"href":"https:\/\/www.melli4dogs.com\/training\/wp-json\/wp\/v2\/product\/1973","targetHints":{"allow":["GET"]}}],"collection":[{"href":"https:\/\/www.melli4dogs.com\/training\/wp-json\/wp\/v2\/product"}],"about":[{"href":"https:\/\/www.melli4dogs.com\/training\/wp-json\/wp\/v2\/types\/product"}],"version-history":[{"count":42,"href":"https:\/\/www.melli4dogs.com\/training\/wp-json\/wp\/v2\/product\/1973\/revisions"}],"predecessor-version":[{"id":5448,"href":"https:\/\/www.melli4dogs.com\/training\/wp-json\/wp\/v2\/product\/1973\/revisions\/5448"}],"wp:featuredmedia":[{"embeddable":true,"href":"https:\/\/www.melli4dogs.com\/training\/wp-json\/wp\/v2\/media\/976"}],"wp:attachment":[{"href":"https:\/\/www.melli4dogs.com\/training\/wp-json\/wp\/v2\/media?parent=1973"}],"wp:term":[{"taxonomy":"product_brand","embeddable":true,"href":"https:\/\/www.melli4dogs.com\/training\/wp-json\/wp\/v2\/product_brand?post=1973"},{"taxonomy":"product_cat","embeddable":true,"href":"https:\/\/www.melli4dogs.com\/training\/wp-json\/wp\/v2\/product_cat?post=1973"},{"taxonomy":"product_tag","embeddable":true,"href":"https:\/\/www.melli4dogs.com\/training\/wp-json\/wp\/v2\/product_tag?post=1973"}],"curies":[{"name":"wp","href":"https:\/\/api.w.org\/{rel}","templated":true}]}}