{"id":2035,"date":"2020-09-21T12:29:00","date_gmt":"2020-09-21T10:29:00","guid":{"rendered":"http:\/\/www.melli4dogs.com\/training\/?post_type=product&#038;p=2035"},"modified":"2022-06-15T10:37:08","modified_gmt":"2022-06-15T08:37:08","slug":"antijagdtraining","status":"publish","type":"product","link":"https:\/\/www.melli4dogs.com\/training\/produkt\/antijagdtraining\/","title":{"rendered":"Antijagdtraining"},"content":{"rendered":"\t\t<div data-elementor-type=\"product-post\" data-elementor-id=\"2035\" class=\"elementor elementor-2035\" data-elementor-post-type=\"product\">\n\t\t\t\t\t\t<section class=\"elementor-section elementor-top-section elementor-element elementor-element-d5053dd elementor-section-boxed elementor-section-height-default elementor-section-height-default\" data-id=\"d5053dd\" data-element_type=\"section\" data-e-type=\"section\">\n\t\t\t\t\t\t<div class=\"elementor-container elementor-column-gap-default\">\n\t\t\t\t\t<div class=\"elementor-column elementor-col-100 elementor-top-column elementor-element elementor-element-4f3b44aa\" data-id=\"4f3b44aa\" data-element_type=\"column\" data-e-type=\"column\">\n\t\t\t<div class=\"elementor-widget-wrap elementor-element-populated\">\n\t\t\t\t\t\t<div class=\"elementor-element elementor-element-5053b1a4 elementor-widget elementor-widget-text-editor\" data-id=\"5053b1a4\" data-element_type=\"widget\" data-e-type=\"widget\" data-widget_type=\"text-editor.default\">\n\t\t\t\t<div class=\"elementor-widget-container\">\n\t\t\t\t\t\t\t\t\t<p>Antijagdtraining Workshop ca 2 Std f\u00fcr Einsteiger und Fortgeschrittene.<\/p><p>Samstag 24.10.2020 um 16 Uhr &#8222;in der D\u00e4mmerung&#8230;&#8220;<\/p><p>Treffpunkt Dorfstra\u00dfe 24 in Hoisdorf<\/p><figure id=\"attachment_1485\" aria-describedby=\"caption-attachment-1485\" style=\"width: 300px\" class=\"wp-caption alignnone\"><img fetchpriority=\"high\" decoding=\"async\" class=\"size-medium wp-image-1485\" src=\"https:\/\/www.melli4dogs.com\/training\/wp-content\/uploads\/2020\/08\/Aktiv-Spaziergang23-9-300x217.jpg\" alt=\"\" width=\"300\" height=\"217\" srcset=\"https:\/\/www.melli4dogs.com\/training\/wp-content\/uploads\/2020\/08\/Aktiv-Spaziergang23-9-300x217.jpg 300w, https:\/\/www.melli4dogs.com\/training\/wp-content\/uploads\/2020\/08\/Aktiv-Spaziergang23-9-768x556.jpg 768w, https:\/\/www.melli4dogs.com\/training\/wp-content\/uploads\/2020\/08\/Aktiv-Spaziergang23-9.jpg 1024w\" sizes=\"(max-width: 300px) 100vw, 300px\" \/><figcaption id=\"caption-attachment-1485\" class=\"wp-caption-text\">Aktiv Spaziergang<\/figcaption><\/figure>\t\t\t\t\t\t\t\t<\/div>\n\t\t\t\t<\/div>\n\t\t\t\t\t<\/div>\n\t\t<\/div>\n\t\t\t\t\t<\/div>\n\t\t<\/section>\n\t\t\t\t<section class=\"elementor-section elementor-top-section elementor-element elementor-element-f0cc94f elementor-section-boxed elementor-section-height-default elementor-section-height-default\" data-id=\"f0cc94f\" data-element_type=\"section\" data-e-type=\"section\">\n\t\t\t\t\t\t<div class=\"elementor-container elementor-column-gap-default\">\n\t\t\t\t\t<div class=\"elementor-column elementor-col-100 elementor-top-column elementor-element elementor-element-6de6144\" data-id=\"6de6144\" data-element_type=\"column\" data-e-type=\"column\">\n\t\t\t<div class=\"elementor-widget-wrap elementor-element-populated\">\n\t\t\t\t\t\t<div class=\"elementor-element elementor-element-f963b3f elementor-widget elementor-widget-global elementor-global-2389 elementor-widget-woocommerce-breadcrumb\" data-id=\"f963b3f\" data-element_type=\"widget\" data-e-type=\"widget\" data-widget_type=\"woocommerce-breadcrumb.default\">\n\t\t\t\t<div class=\"elementor-widget-container\">\n\t\t\t\t\t<div class=\"site-breadcrumbs woocommerce-breadcrumbs clr\">Start<\/div>\t\t\t\t<\/div>\n\t\t\t\t<\/div>\n\t\t\t\t\t<\/div>\n\t\t<\/div>\n\t\t\t\t\t<\/div>\n\t\t<\/section>\n\t\t\t\t<\/div>\n\t\t","protected":false},"excerpt":{"rendered":"<p>Hiermit bucht ihr folgende Termine f\u00fcr ein Hund-Mensch Team im Paketpreis:<\/p>\n<p>eine Begleitperson darf zus\u00e4tzlich gerne mitgebracht werden.<\/p>\n<p>Antijagdtraining Workshop am So. 26.06.2022 um 10 Uhr (Dauer sind\u00a0 jeweils 1,5-2 Std.), Treffpunkt ist die Hundeschule in Hoisdorf<\/p>\n<p>Antijagdtraining Workshop am So. 17.07.2022 um 10:00 Uhr Treffpunkt ist die Hundeschule in Hoisdorf<\/p>\n<p>Antijagdtraining Workshop am Fr. 19.08.2022 um 20:00 Uhr Treffpunkt ist eine Stra\u00dfe in Sandesneben in der wir Katzen und Feldweg \u00fcben wollen.<\/p>\n<p>Antijagdtraining Workshop am So. 11.09.2022 um 07:00 Uhr &#8222;Der fr\u00fche Vogel&#8230;&#8220; in der Hoffnung auf einige WIldbegegnungen treffen wir uns in Mollhagen<\/p>\n<p>Antijagdtraining Workshop am So. 16.10.2022 um 10:00 Uhr Treffpunkt ist der L\u00fctjensee<\/p>\n<p>(die genauen Adressen bekommt ihr nat\u00fcrlich nach Anmeldung noch \ud83d\ude09<\/p>\n<p>Da wir mit maximal 6 Hunden arbeiten wollen, gibt es bis 15.06. nur das Paket, sollten Pl\u00e4tze frei bleiben, sind ab 15.06. auch die einzelnen Termine buchbar.<br \/>\nVielen Dank f\u00fcr euer Verst\u00e4ndnis, ihr profitiert selbst am meisten durch das arbeiten in kleinen Gruppen in regelm\u00e4\u00dfigen Abst\u00e4nden.<\/p>\n<p>&nbsp;<\/p>\n","protected":false},"featured_media":1470,"template":"","meta":{"ocean_post_layout":"","ocean_both_sidebars_style":"","ocean_both_sidebars_content_width":0,"ocean_both_sidebars_sidebars_width":0,"ocean_sidebar":"0","ocean_second_sidebar":"0","ocean_disable_margins":"enable","ocean_add_body_class":"","ocean_shortcode_before_top_bar":"","ocean_shortcode_after_top_bar":"","ocean_shortcode_before_header":"","ocean_shortcode_after_header":"","ocean_has_shortcode":"","ocean_shortcode_after_title":"","ocean_shortcode_before_footer_widgets":"","ocean_shortcode_after_footer_widgets":"","ocean_shortcode_before_footer_bottom":"","ocean_shortcode_after_footer_bottom":"","ocean_display_top_bar":"default","ocean_display_header":"default","ocean_header_style":"","ocean_center_header_left_menu":"0","ocean_custom_header_template":"0","ocean_custom_logo":0,"ocean_custom_retina_logo":0,"ocean_custom_logo_max_width":0,"ocean_custom_logo_tablet_max_width":0,"ocean_custom_logo_mobile_max_width":0,"ocean_custom_logo_max_height":0,"ocean_custom_logo_tablet_max_height":0,"ocean_custom_logo_mobile_max_height":0,"ocean_header_custom_menu":"0","ocean_menu_typo_font_family":"0","ocean_menu_typo_font_subset":"","ocean_menu_typo_font_size":0,"ocean_menu_typo_font_size_tablet":0,"ocean_menu_typo_font_size_mobile":0,"ocean_menu_typo_font_size_unit":"px","ocean_menu_typo_font_weight":"","ocean_menu_typo_font_weight_tablet":"","ocean_menu_typo_font_weight_mobile":"","ocean_menu_typo_transform":"","ocean_menu_typo_transform_tablet":"","ocean_menu_typo_transform_mobile":"","ocean_menu_typo_line_height":0,"ocean_menu_typo_line_height_tablet":0,"ocean_menu_typo_line_height_mobile":0,"ocean_menu_typo_line_height_unit":"","ocean_menu_typo_spacing":0,"ocean_menu_typo_spacing_tablet":0,"ocean_menu_typo_spacing_mobile":0,"ocean_menu_typo_spacing_unit":"","ocean_menu_link_color":"","ocean_menu_link_color_hover":"","ocean_menu_link_color_active":"","ocean_menu_link_background":"","ocean_menu_link_hover_background":"","ocean_menu_link_active_background":"","ocean_menu_social_links_bg":"","ocean_menu_social_hover_links_bg":"","ocean_menu_social_links_color":"","ocean_menu_social_hover_links_color":"","ocean_disable_title":"default","ocean_disable_heading":"default","ocean_post_title":"","ocean_post_subheading":"","ocean_post_title_style":"","ocean_post_title_background_color":"","ocean_post_title_background":0,"ocean_post_title_bg_image_position":"","ocean_post_title_bg_image_attachment":"","ocean_post_title_bg_image_repeat":"","ocean_post_title_bg_image_size":"","ocean_post_title_height":0,"ocean_post_title_bg_overlay":0.5,"ocean_post_title_bg_overlay_color":"","ocean_disable_breadcrumbs":"default","ocean_breadcrumbs_color":"","ocean_breadcrumbs_separator_color":"","ocean_breadcrumbs_links_color":"","ocean_breadcrumbs_links_hover_color":"","ocean_display_footer_widgets":"default","ocean_display_footer_bottom":"default","ocean_custom_footer_template":"0"},"product_brand":[],"product_cat":[22],"product_tag":[64],"class_list":{"0":"post-2035","1":"product","2":"type-product","3":"status-publish","4":"has-post-thumbnail","6":"product_cat-workshops","7":"product_tag-antijagdtraining","9":"entry","10":"has-media","12":"first","13":"outofstock","14":"sale","15":"taxable","16":"shipping-taxable","17":"purchasable","18":"product-type-simple","19":"has-product-nav","20":"col","21":"span_1_of_3","22":"owp-content-center","23":"owp-thumbs-layout-horizontal","24":"owp-btn-normal","25":"owp-tabs-layout-horizontal"},"jetpack_sharing_enabled":true,"_links":{"self":[{"href":"https:\/\/www.melli4dogs.com\/training\/wp-json\/wp\/v2\/product\/2035","targetHints":{"allow":["GET"]}}],"collection":[{"href":"https:\/\/www.melli4dogs.com\/training\/wp-json\/wp\/v2\/product"}],"about":[{"href":"https:\/\/www.melli4dogs.com\/training\/wp-json\/wp\/v2\/types\/product"}],"version-history":[{"count":8,"href":"https:\/\/www.melli4dogs.com\/training\/wp-json\/wp\/v2\/product\/2035\/revisions"}],"predecessor-version":[{"id":4035,"href":"https:\/\/www.melli4dogs.com\/training\/wp-json\/wp\/v2\/product\/2035\/revisions\/4035"}],"wp:featuredmedia":[{"embeddable":true,"href":"https:\/\/www.melli4dogs.com\/training\/wp-json\/wp\/v2\/media\/1470"}],"wp:attachment":[{"href":"https:\/\/www.melli4dogs.com\/training\/wp-json\/wp\/v2\/media?parent=2035"}],"wp:term":[{"taxonomy":"product_brand","embeddable":true,"href":"https:\/\/www.melli4dogs.com\/training\/wp-json\/wp\/v2\/product_brand?post=2035"},{"taxonomy":"product_cat","embeddable":true,"href":"https:\/\/www.melli4dogs.com\/training\/wp-json\/wp\/v2\/product_cat?post=2035"},{"taxonomy":"product_tag","embeddable":true,"href":"https:\/\/www.melli4dogs.com\/training\/wp-json\/wp\/v2\/product_tag?post=2035"}],"curies":[{"name":"wp","href":"https:\/\/api.w.org\/{rel}","templated":true}]}}