{"id":5961,"date":"2026-02-13T23:32:08","date_gmt":"2026-02-13T22:32:08","guid":{"rendered":"https:\/\/www.melli4dogs.com\/training\/?post_type=product&#038;p=5961"},"modified":"2026-02-13T23:59:32","modified_gmt":"2026-02-13T22:59:32","slug":"seniorenzeit-mit-hund","status":"publish","type":"product","link":"https:\/\/www.melli4dogs.com\/training\/produkt\/seniorenzeit-mit-hund\/","title":{"rendered":"Seniorenzeit mit Hund"},"content":{"rendered":"<article class=\"text-token-text-primary w-full focus:outline-none [--shadow-height:45px] has-data-writing-block:pointer-events-none has-data-writing-block:-mt-(--shadow-height) has-data-writing-block:pt-(--shadow-height) [&amp;:has([data-writing-block])&gt;*]:pointer-events-auto scroll-mt-(--header-height)\" dir=\"auto\" tabindex=\"-1\" data-turn-id=\"2bc86280-85bb-48a0-8740-354ee9786825\" data-testid=\"conversation-turn-9\" data-scroll-anchor=\"false\" data-turn=\"user\"><\/article>\n<article class=\"text-token-text-primary w-full focus:outline-none [--shadow-height:45px] has-data-writing-block:pointer-events-none has-data-writing-block:-mt-(--shadow-height) has-data-writing-block:pt-(--shadow-height) [&amp;:has([data-writing-block])&gt;*]:pointer-events-auto scroll-mt-[calc(var(--header-height)+min(200px,max(70px,20svh)))]\" dir=\"auto\" tabindex=\"-1\" data-turn-id=\"request-WEB:b641df25-4301-4086-9dde-471d68e3856b-17\" data-testid=\"conversation-turn-10\" data-scroll-anchor=\"true\" data-turn=\"assistant\">\n<div class=\"text-base my-auto mx-auto pb-10 [--thread-content-margin:--spacing(4)] @w-sm\/main:[--thread-content-margin:--spacing(6)] @w-lg\/main:[--thread-content-margin:--spacing(16)] px-(--thread-content-margin)\">\n<div class=\"[--thread-content-max-width:40rem] @w-lg\/main:[--thread-content-max-width:48rem] mx-auto max-w-(--thread-content-max-width) flex-1 group\/turn-messages focus-visible:outline-hidden relative flex w-full min-w-0 flex-col agent-turn\" tabindex=\"-1\">\n<div class=\"flex max-w-full flex-col grow\">\n<div class=\"min-h-8 text-message relative flex w-full flex-col items-end gap-2 text-start break-words whitespace-normal [.text-message+&amp;]:mt-1\" dir=\"auto\" data-message-author-role=\"assistant\" data-message-id=\"8147b2c2-9519-40b6-8861-a7a858cb8680\" data-message-model-slug=\"gpt-5-2\">\n<div class=\"flex w-full flex-col gap-1 empty:hidden first:pt-[1px]\">\n<div class=\"markdown prose dark:prose-invert w-full wrap-break-word light markdown-new-styling\">\n<p data-start=\"0\" data-end=\"77\"><strong data-start=\"0\" data-end=\"77\">Das letzte gro\u00dfe Kapitel \u2013 Seniorenzeit mit unseren Hunden &#8211; besser verstehen und begleiten<\/strong><\/p>\n<p data-start=\"79\" data-end=\"397\">Die Seniorenzeit ist kein Warten auf das Ende, sondern eine eigene, intensive und oft \u00fcberraschend lange Lebensphase unserer Hunde. In diesen Jahren ver\u00e4ndert sich vieles \u2013 k\u00f6rperlich, mental und im Alltag. Und genau hier entscheidet sich, ob ein Hund einfach nur \u00e4lter wird oder weiterhin echte Lebensqualit\u00e4t erlebt.<\/p>\n<p data-start=\"399\" data-end=\"662\">In diesem Live-Abend schauen wir gemeinsam darauf, was im Alter wirklich passiert, wie du Ver\u00e4nderungen richtig einordnest und wie du Training und Alltag sinnvoll anpasst, damit dein Hund m\u00f6glichst lange beweglich, klar im Kopf und sicher durchs Leben gehen kann.<\/p>\n<p data-start=\"664\" data-end=\"685\">Wir sprechen dar\u00fcber,<\/p>\n<ul data-start=\"686\" data-end=\"978\">\n<li data-start=\"686\" data-end=\"734\">\n<p data-start=\"688\" data-end=\"734\">wie ein Hund gesund im Seniorenalter ankommt<\/p>\n<\/li>\n<li data-start=\"735\" data-end=\"790\">\n<p data-start=\"737\" data-end=\"790\">welche Ver\u00e4nderungen normal sind<\/p>\n<\/li>\n<li data-start=\"791\" data-end=\"852\">\n<p data-start=\"793\" data-end=\"852\">wie du auf R\u00fcckschritte oder Krankheiten reagieren kannst<\/p>\n<\/li>\n<li data-start=\"853\" data-end=\"909\">\n<p data-start=\"855\" data-end=\"909\">warum Training im Alter wichtiger statt weniger wird<\/p>\n<\/li>\n<li data-start=\"910\" data-end=\"978\">\n<p data-start=\"912\" data-end=\"978\">und wie du deinen Hund in dieser Zeit wirklich unterst\u00fctzen kannst<\/p>\n<\/li>\n<\/ul>\n<p data-start=\"980\" data-end=\"1087\">Der Abend findet live auf Zoom statt und bietet dir Verst\u00e4ndnis, praktische Strategien und Raum f\u00fcr Fragen.<\/p>\n<p data-start=\"1089\" data-end=\"1267\">Eigentlich wollte ich diesen Abend kostenlos anbieten. Gleichzeitig gibt es viele Hunde, die nie das Gl\u00fcck haben, eine Familie zu haben, die sie begleitet und alles f\u00fcr sie gibt.<\/p>\n<p data-start=\"1269\" data-end=\"1443\">Darum buchst du den Abend hier f\u00fcr 15 \u20ac.<br data-start=\"1309\" data-end=\"1312\" \/>Der komplette Betrag wird anschlie\u00dfend an einen Tierschutzverein gespendet, den wir am Abend zusammen ausw\u00e4hlen.<\/p>\n<p data-start=\"1445\" data-end=\"1557\">Du bekommst also Wissen f\u00fcr deinen eigenen Hund \u2013 und hilfst gleichzeitig einem, der genau das gerade nicht hat.<\/p>\n<p>Du kannst nicht live dabei sein? Kein Prolem, schau dir hinterher einfach die Aufzeichnung an.<\/p>\n<p data-start=\"1559\" data-end=\"1593\">Termin: Freitag, 20.02., 18:00 Uhr<\/p>\n<p data-start=\"1595\" data-end=\"1849\" data-is-last-node=\"\" data-is-only-node=\"\">Den Link zum Zoom-Raum erh\u00e4ltst du direkt nach der Anmeldung per E-Mail zugeschickt. Falls keine Mail bei dir ankommt, schau bitte kurz in deinen Spamordner. Sollte dort auch nichts zu finden sein, melde dich einfach bei mir, dann k\u00fcmmere ich mich darum.<\/p>\n<\/div>\n<\/div>\n<\/div>\n<\/div>\n<\/div>\n<\/div>\n<\/article>\n","protected":false},"excerpt":{"rendered":"<p>&#8222;Das letzte gro\u00dfe Kapitel&#8220;<br \/>\nSenioren Zoom am Freitag 20.02.2026<\/p>\n","protected":false},"featured_media":5964,"template":"","meta":{"ocean_post_layout":"","ocean_both_sidebars_style":"","ocean_both_sidebars_content_width":0,"ocean_both_sidebars_sidebars_width":0,"ocean_sidebar":"0","ocean_second_sidebar":"0","ocean_disable_margins":"enable","ocean_add_body_class":"","ocean_shortcode_before_top_bar":"","ocean_shortcode_after_top_bar":"","ocean_shortcode_before_header":"","ocean_shortcode_after_header":"","ocean_has_shortcode":"","ocean_shortcode_after_title":"","ocean_shortcode_before_footer_widgets":"","ocean_shortcode_after_footer_widgets":"","ocean_shortcode_before_footer_bottom":"","ocean_shortcode_after_footer_bottom":"","ocean_display_top_bar":"default","ocean_display_header":"default","ocean_header_style":"","ocean_center_header_left_menu":"0","ocean_custom_header_template":"0","ocean_custom_logo":0,"ocean_custom_retina_logo":0,"ocean_custom_logo_max_width":0,"ocean_custom_logo_tablet_max_width":0,"ocean_custom_logo_mobile_max_width":0,"ocean_custom_logo_max_height":0,"ocean_custom_logo_tablet_max_height":0,"ocean_custom_logo_mobile_max_height":0,"ocean_header_custom_menu":"0","ocean_menu_typo_font_family":"0","ocean_menu_typo_font_subset":"","ocean_menu_typo_font_size":0,"ocean_menu_typo_font_size_tablet":0,"ocean_menu_typo_font_size_mobile":0,"ocean_menu_typo_font_size_unit":"px","ocean_menu_typo_font_weight":"","ocean_menu_typo_font_weight_tablet":"","ocean_menu_typo_font_weight_mobile":"","ocean_menu_typo_transform":"","ocean_menu_typo_transform_tablet":"","ocean_menu_typo_transform_mobile":"","ocean_menu_typo_line_height":0,"ocean_menu_typo_line_height_tablet":0,"ocean_menu_typo_line_height_mobile":0,"ocean_menu_typo_line_height_unit":"","ocean_menu_typo_spacing":0,"ocean_menu_typo_spacing_tablet":0,"ocean_menu_typo_spacing_mobile":0,"ocean_menu_typo_spacing_unit":"","ocean_menu_link_color":"","ocean_menu_link_color_hover":"","ocean_menu_link_color_active":"","ocean_menu_link_background":"","ocean_menu_link_hover_background":"","ocean_menu_link_active_background":"","ocean_menu_social_links_bg":"","ocean_menu_social_hover_links_bg":"","ocean_menu_social_links_color":"","ocean_menu_social_hover_links_color":"","ocean_disable_title":"default","ocean_disable_heading":"default","ocean_post_title":"","ocean_post_subheading":"","ocean_post_title_style":"","ocean_post_title_background_color":"","ocean_post_title_background":0,"ocean_post_title_bg_image_position":"","ocean_post_title_bg_image_attachment":"","ocean_post_title_bg_image_repeat":"","ocean_post_title_bg_image_size":"","ocean_post_title_height":0,"ocean_post_title_bg_overlay":0.5,"ocean_post_title_bg_overlay_color":"","ocean_disable_breadcrumbs":"default","ocean_breadcrumbs_color":"","ocean_breadcrumbs_separator_color":"","ocean_breadcrumbs_links_color":"","ocean_breadcrumbs_links_hover_color":"","ocean_display_footer_widgets":"default","ocean_display_footer_bottom":"default","ocean_custom_footer_template":"0"},"product_brand":[],"product_cat":[25,23],"product_tag":[],"class_list":{"0":"post-5961","1":"product","2":"type-product","3":"status-publish","4":"has-post-thumbnail","6":"product_cat-onlinekurse","7":"product_cat-seminare","9":"entry","10":"has-media","12":"first","13":"instock","14":"virtual","15":"taxable","16":"purchasable","17":"product-type-simple","18":"has-product-nav","19":"col","20":"span_1_of_3","21":"owp-content-center","22":"owp-thumbs-layout-horizontal","23":"owp-btn-normal","24":"owp-tabs-layout-horizontal","25":"has-no-thumbnails"},"jetpack_sharing_enabled":true,"_links":{"self":[{"href":"https:\/\/www.melli4dogs.com\/training\/wp-json\/wp\/v2\/product\/5961","targetHints":{"allow":["GET"]}}],"collection":[{"href":"https:\/\/www.melli4dogs.com\/training\/wp-json\/wp\/v2\/product"}],"about":[{"href":"https:\/\/www.melli4dogs.com\/training\/wp-json\/wp\/v2\/types\/product"}],"version-history":[{"count":3,"href":"https:\/\/www.melli4dogs.com\/training\/wp-json\/wp\/v2\/product\/5961\/revisions"}],"predecessor-version":[{"id":5966,"href":"https:\/\/www.melli4dogs.com\/training\/wp-json\/wp\/v2\/product\/5961\/revisions\/5966"}],"wp:featuredmedia":[{"embeddable":true,"href":"https:\/\/www.melli4dogs.com\/training\/wp-json\/wp\/v2\/media\/5964"}],"wp:attachment":[{"href":"https:\/\/www.melli4dogs.com\/training\/wp-json\/wp\/v2\/media?parent=5961"}],"wp:term":[{"taxonomy":"product_brand","embeddable":true,"href":"https:\/\/www.melli4dogs.com\/training\/wp-json\/wp\/v2\/product_brand?post=5961"},{"taxonomy":"product_cat","embeddable":true,"href":"https:\/\/www.melli4dogs.com\/training\/wp-json\/wp\/v2\/product_cat?post=5961"},{"taxonomy":"product_tag","embeddable":true,"href":"https:\/\/www.melli4dogs.com\/training\/wp-json\/wp\/v2\/product_tag?post=5961"}],"curies":[{"name":"wp","href":"https:\/\/api.w.org\/{rel}","templated":true}]}}